 {"id":1900,"date":"2023-12-27T09:17:18","date_gmt":"2023-12-27T09:17:18","guid":{"rendered":"https:\/\/zaoyigarment.com\/?post_type=product&#038;p=1900"},"modified":"2026-04-17T01:01:56","modified_gmt":"2026-04-17T01:01:56","slug":"ok-tape","status":"publish","type":"product","link":"https:\/\/zaoyigarment.com\/et\/manufacturer\/ok-tape\/","title":{"rendered":"OK kleeplindiga sideme m\u00e4his isekleepuvad sidusad sidemed vigastuste jaoks"},"content":{"rendered":"<div data-zone-id=\"0\" data-line-index=\"0\" data-line=\"true\">\n<ul>\n<li><span class=\"a-list-item\"><strong>S<\/strong><\/span><strong>IZE:<\/strong> 2 cm laius, 5 m pikkus, kohandatud<\/li>\n<li><strong>V\u00c4RV:\u00a0<\/strong>Alasti, s\u00fcsinikkookos v\u00f5i kohandatud<\/li>\n<li><span class=\"a-list-item\"><strong>EELISED:<\/strong> Keha kaitsmiseks, et mitte saada sporti tehes vigastusi<\/span><\/li>\n<li><strong>HOOLDUSJUHEND:<\/strong><\/li>\n<li>Sporditeip ei vaja erilist hoolt.<\/li>\n<\/ul>\n<\/div>\n<ul class=\"a-unordered-list a-vertical a-spacing-mini\">\n<li><span class=\"a-list-item\"><strong>EELISED:<\/strong><\/span><\/li>\n<li>Ideaalne funktsionaalsete sidemete jaoks, vigastatud lihaste leevendamiseks v\u00f5i nihestuste konservatiivseks raviks<\/li>\n<li>V\u00e4ga lihtne \u00e4ra rebida t\u00e4nu sakilisele servale<\/li>\n<li>T\u00e4ielikult valmistatud looduslikest ja nahas\u00f5bralikest materjalidest<\/li>\n<li><strong>OLULISED N\u00d5UANDED:<\/strong><br \/>\nEi sobi, kui teil on nahaprobleeme v\u00f5i kui teie nahk on vigastatud, nakatunud v\u00f5i p\u00e4ikesep\u00f5letuse saanud.<br \/>\n\u00c4rge kasutage seda toodet, kui olete rase v\u00f5i toidate last rinnaga, kui olete silikageeli suhtes allergiline v\u00f5i kui teil on hiljuti tehtud rindade suurendamise v\u00f5i v\u00e4hendamise operatsioon.<br \/>\nKui selle toote kasutamise ajal ilmnevad nahah\u00e4ired, l\u00f5petage kohe kasutamine ja konsulteerige kohe oma dermatoloogi v\u00f5i nahaspetsialistiga.<\/li>\n<\/ul>\n\t<div class=\"img has-hover x md-x lg-x y md-y lg-y\" id=\"image_2035125249\">\n\t\t\t\t\t\t\t\t<div class=\"img-inner dark\" >\n\t\t\t<img loading=\"lazy\" decoding=\"async\" width=\"1020\" height=\"1020\" src=\"https:\/\/zaoyigarment.com\/wp-content\/uploads\/2023\/12\/adhesive-bandage-wrap-1024x1024.webp\" class=\"attachment-large size-large\" alt=\"kleepuv sidemega m\u00e4his\" srcset=\"https:\/\/zaoyigarment.com\/wp-content\/uploads\/2023\/12\/adhesive-bandage-wrap-1024x1024.webp 1024w, https:\/\/zaoyigarment.com\/wp-content\/uploads\/2023\/12\/adhesive-bandage-wrap-300x300.webp 300w, https:\/\/zaoyigarment.com\/wp-content\/uploads\/2023\/12\/adhesive-bandage-wrap-150x150.webp 150w, https:\/\/zaoyigarment.com\/wp-content\/uploads\/2023\/12\/adhesive-bandage-wrap-768x768.webp 768w, https:\/\/zaoyigarment.com\/wp-content\/uploads\/2023\/12\/adhesive-bandage-wrap-1536x1536.webp 1536w, https:\/\/zaoyigarment.com\/wp-content\/uploads\/2023\/12\/adhesive-bandage-wrap-2048x2048.webp 2048w, https:\/\/zaoyigarment.com\/wp-content\/uploads\/2023\/12\/adhesive-bandage-wrap-12x12.webp 12w, https:\/\/zaoyigarment.com\/wp-content\/uploads\/2023\/12\/adhesive-bandage-wrap-600x600.webp 600w, https:\/\/zaoyigarment.com\/wp-content\/uploads\/2023\/12\/adhesive-bandage-wrap-100x100.webp 100w\" sizes=\"auto, (max-width: 1020px) 100vw, 1020px\" \/>\t\t\t\t\t\t\n\t\t\t\t\t<\/div>\n\t\t\t\t\t\t\t\t\n<style>\n#image_2035125249 {\n  width: 100%;\n}\n<\/style>\n\t<\/div>","protected":false},"excerpt":{"rendered":"<p>Zaoyi kohandatud OK lindi tootja ja tarnija Hiinas<\/p>\n<p>- MOQ: 3000 tk<br \/>\n- Pakutakse OEM\/ODM-teenust<br \/>\n- Saadaval on tasuta n\u00e4idis<br \/>\n\u2013 esemete \u00fcmbert\u00f6\u00f6tlemine<br \/>\n- 20-30 p\u00e4eva valmisoleku aeg kohandatud tellimuse jaoks<br \/>\n- N\u00f5ustuge kohandamisega (spetsifikatsioonid, v\u00e4rv, disain jne)<\/p>\n<p>1) Parimad lahendused sportimise ajal kaitsmiseks<br \/>\n2) \u00d5mblusteta ja moodne disain vabaduse tagamiseks<br \/>\n3) sile ja meditsiinilise kvaliteediga materjal<br \/>\n4) Saab sellele teha kohandatud kanga v\u00f5i mustri<br \/>\n5) Elav v\u00e4rv, tuhmumisvastane<br \/>\n6) DIY kohandamine<\/p>\n<p>Kui soovite saada soodsaid hindu, v\u00f5tke meiega \u00fchendust.<\/p>","protected":false},"featured_media":3046,"comment_status":"open","ping_status":"closed","template":"","meta":[],"product_brand":[],"product_cat":[38],"product_tag":[],"class_list":{"0":"post-1900","1":"product","2":"type-product","3":"status-publish","4":"has-post-thumbnail","6":"product_cat-bra-tape","8":"first","9":"instock","10":"shipping-taxable","11":"product-type-simple"},"_links":{"self":[{"href":"https:\/\/zaoyigarment.com\/et\/wp-json\/wp\/v2\/product\/1900","targetHints":{"allow":["GET"]}}],"collection":[{"href":"https:\/\/zaoyigarment.com\/et\/wp-json\/wp\/v2\/product"}],"about":[{"href":"https:\/\/zaoyigarment.com\/et\/wp-json\/wp\/v2\/types\/product"}],"replies":[{"embeddable":true,"href":"https:\/\/zaoyigarment.com\/et\/wp-json\/wp\/v2\/comments?post=1900"}],"wp:featuredmedia":[{"embeddable":true,"href":"https:\/\/zaoyigarment.com\/et\/wp-json\/wp\/v2\/media\/3046"}],"wp:attachment":[{"href":"https:\/\/zaoyigarment.com\/et\/wp-json\/wp\/v2\/media?parent=1900"}],"wp:term":[{"taxonomy":"product_brand","embeddable":true,"href":"https:\/\/zaoyigarment.com\/et\/wp-json\/wp\/v2\/product_brand?post=1900"},{"taxonomy":"product_cat","embeddable":true,"href":"https:\/\/zaoyigarment.com\/et\/wp-json\/wp\/v2\/product_cat?post=1900"},{"taxonomy":"product_tag","embeddable":true,"href":"https:\/\/zaoyigarment.com\/et\/wp-json\/wp\/v2\/product_tag?post=1900"}],"curies":[{"name":"wp","href":"https:\/\/api.w.org\/{rel}","templated":true}]}}