 {"id":1402,"date":"2023-06-08T08:15:42","date_gmt":"2023-06-08T08:15:42","guid":{"rendered":"https:\/\/zaoyigarment.com\/?post_type=product&#038;p=1402"},"modified":"2026-04-17T01:04:43","modified_gmt":"2026-04-17T01:04:43","slug":"push-up-bras","status":"publish","type":"product","link":"https:\/\/zaoyigarment.com\/et\/manufacturer\/push-up-bras\/","title":{"rendered":"Push Up rinnahoidja | Olkaimeta Push Up rinnahoidjad Butterfly rinnahoidja"},"content":{"rendered":"<ul class=\"a-unordered-list a-vertical a-spacing-mini\">\n<li><span class=\"a-list-item\"><strong>KOGUS:<\/strong> 3000 tk kohandatud pakkimiseks ja hulgitellimuseks<\/span><\/li>\n<li><span class=\"a-list-item\"><strong>MATERJAL:<\/strong> 80% nailon, 20% spandex<\/span><\/li>\n<li><span class=\"a-list-item\"><strong>EELISED:<\/strong> Keskkonna- ja ohutusgeel, hingav, rakuline, kumer, ohutu<\/span><\/li>\n<li><span class=\"a-list-item\"><strong>DISAIN:<\/strong> Erinevad disainivalikud v\u00f5i kohandatavad<\/span><\/li>\n<li><span class=\"a-list-item\"><strong>M\u00d5\u00d5TMED:<\/strong> A\/B\/C\/D\/E\/F\/H, kohandatud<\/span><\/li>\n<li><span class=\"a-list-item a-size-base a-color-base\"><strong>TUGEV TUGI JA REGULEERITAV JOONIS:<\/strong> Suurep\u00e4rane tugi sobib suurep\u00e4raselt rindade t\u00f5stmiseks. \u00dche t\u00f5mbega saate tassi koheselt t\u00f5sta ja rindu sirgena hoida. J\u00e4ta h\u00fcvasti rindade l\u00f5tvumise h\u00e4daga, kujunda lihtsalt t\u00e4iuslik rindade kumerus.<\/span><\/li>\n<li><span class=\"a-list-item a-size-base a-color-base\"><strong>NAHAS\u00d5BRALIK HINGAV KANGA- JA KUMMEKLIIM:<\/strong>Materjal on valmistatud t\u00e4ielikult looduslikust lausriidest + meditsiinilisest silikoonist. Naturaalne kummiliim on kaetud \u00f5huavadega, mis s\u00e4ilitavad kasutamisel suurep\u00e4rase \u00f5hu l\u00e4bilaskvuse.<\/span><\/li>\n<li><span class=\"a-list-item a-size-base a-color-base\"><strong>SUUREP\u00c4RANE TIIVAVAD:<\/strong> Tiivakujuline disain v\u00f5ib rinnanahka paremini m\u00e4hkida, pikem nakkumisaeg. Rinnahoidja pealiskangas on nahaga sarnase tekstuuriga, mis suudab tugeva valguse k\u00e4es rinnahoidja j\u00e4ljed h\u00e4sti \u00e4ra peita. Nagu poleks tal midagi seljas olnud.<\/span><\/li>\n<li><span class=\"a-list-item a-size-base a-color-base\"><strong>PESEV:<\/strong> Kleepuvad rinnahoidjad on isekleepuvad ja j\u00e4\u00e4vad p\u00e4rast pesemist ja \u00f5hu k\u00e4es kuivatamist kleepuvaks. Seda saab kasutada mitu korda.<\/span><\/li>\n<li><span class=\"a-list-item a-size-base a-color-base\"><strong>PALJUKS JUHTUMIKS:<\/strong> Olkaimeta rinnahoidja mis tahes seksikale stiilile, seljata p\u00e4itseteta topid, s\u00fcgavad V-kaelusega \u00fclikonnad, seljata\/paelteta \u00f5htukleidid, pulmakleidid, madala l\u00f5ikega kleidid, kokteilikleidid, peokleidid jne. N\u00e4idake julgelt oma naiselikku v\u00f5lu.<\/span><\/li>\n<\/ul>\n<h2><\/h2>\n<h2>Rinnahoidja suuruste tabel piltidega<\/h2>\n\t<div class=\"img has-hover x md-x lg-x y md-y lg-y\" id=\"image_1709068973\">\n\t\t\t\t\t\t\t\t<div class=\"img-inner dark\" >\n\t\t\t<img loading=\"lazy\" decoding=\"async\" width=\"1020\" height=\"976\" src=\"https:\/\/zaoyigarment.com\/wp-content\/uploads\/2024\/01\/bra-size-calculator-1024x980.webp\" class=\"attachment-large size-large\" alt=\"rinnahoidja suuruse kalkulaator\" srcset=\"https:\/\/zaoyigarment.com\/wp-content\/uploads\/2024\/01\/bra-size-calculator-1024x980.webp 1024w, https:\/\/zaoyigarment.com\/wp-content\/uploads\/2024\/01\/bra-size-calculator-300x287.webp 300w, https:\/\/zaoyigarment.com\/wp-content\/uploads\/2024\/01\/bra-size-calculator-768x735.webp 768w, https:\/\/zaoyigarment.com\/wp-content\/uploads\/2024\/01\/bra-size-calculator-1536x1471.webp 1536w, https:\/\/zaoyigarment.com\/wp-content\/uploads\/2024\/01\/bra-size-calculator-600x575.webp 600w, https:\/\/zaoyigarment.com\/wp-content\/uploads\/2024\/01\/bra-size-calculator.webp 2000w\" sizes=\"auto, (max-width: 1020px) 100vw, 1020px\" \/>\t\t\t\t\t\t\n\t\t\t\t\t<\/div>\n\t\t\t\t\t\t\t\t\n<style>\n#image_1709068973 {\n  width: 100%;\n}\n<\/style>\n\t<\/div>","protected":false},"excerpt":{"rendered":"<p>Zaoyi kohandatud Olkaimeta Push Up rinnahoidja tootja ja tarnija Hiinas<\/p>\n<p>- MOQ: 3000 tk<br \/>\n- Pakutakse OEM\/ODM-teenust<br \/>\n- Saadaval on tasuta n\u00e4idis<br \/>\n\u2013 Rinnahoidja taaskasutus<br \/>\n- 25-35 p\u00e4eva valmisoleku aeg kohandatud tellimuse jaoks<br \/>\n- N\u00f5ustuge kohandamisega (spetsifikatsioonid, v\u00e4rv, disain jne)<\/p>\n<p>1) Parimad rinnahoidjalahendused seljataga kleidi, pulmakleidi, t-s\u00e4rgi jms kandmiseks<br \/>\n2) \u00d5mblusteta ja traadita disain vabaduse tagamiseks<br \/>\n3) Sile ja \u00f5rn nailonkangas<br \/>\n4) Saab sellele teha kohandatud kanga v\u00f5i mustri<br \/>\n5) Elav v\u00e4rv, tuhmumisvastane<br \/>\n6) DIY kohandamine<\/p>\n<p>Kui soovite saada rihmadeta push up rinnahoidjate hindu, v\u00f5tke meiega \u00fchendust.<\/p>","protected":false},"featured_media":2801,"comment_status":"open","ping_status":"closed","template":"","meta":[],"product_brand":[],"product_cat":[15],"product_tag":[],"class_list":{"0":"post-1402","1":"product","2":"type-product","3":"status-publish","4":"has-post-thumbnail","6":"product_cat-push-up-bra","8":"first","9":"instock","10":"shipping-taxable","11":"product-type-simple"},"_links":{"self":[{"href":"https:\/\/zaoyigarment.com\/et\/wp-json\/wp\/v2\/product\/1402","targetHints":{"allow":["GET"]}}],"collection":[{"href":"https:\/\/zaoyigarment.com\/et\/wp-json\/wp\/v2\/product"}],"about":[{"href":"https:\/\/zaoyigarment.com\/et\/wp-json\/wp\/v2\/types\/product"}],"replies":[{"embeddable":true,"href":"https:\/\/zaoyigarment.com\/et\/wp-json\/wp\/v2\/comments?post=1402"}],"wp:featuredmedia":[{"embeddable":true,"href":"https:\/\/zaoyigarment.com\/et\/wp-json\/wp\/v2\/media\/2801"}],"wp:attachment":[{"href":"https:\/\/zaoyigarment.com\/et\/wp-json\/wp\/v2\/media?parent=1402"}],"wp:term":[{"taxonomy":"product_brand","embeddable":true,"href":"https:\/\/zaoyigarment.com\/et\/wp-json\/wp\/v2\/product_brand?post=1402"},{"taxonomy":"product_cat","embeddable":true,"href":"https:\/\/zaoyigarment.com\/et\/wp-json\/wp\/v2\/product_cat?post=1402"},{"taxonomy":"product_tag","embeddable":true,"href":"https:\/\/zaoyigarment.com\/et\/wp-json\/wp\/v2\/product_tag?post=1402"}],"curies":[{"name":"wp","href":"https:\/\/api.w.org\/{rel}","templated":true}]}}