 {"id":3112,"date":"2025-09-03T08:40:25","date_gmt":"2025-09-03T08:40:25","guid":{"rendered":"https:\/\/zaoyigarment.com\/?post_type=product&#038;p=3112"},"modified":"2026-03-19T17:49:11","modified_gmt":"2026-03-19T17:49:11","slug":"adhesive-nipple-covers","status":"publish","type":"product","link":"https:\/\/zaoyigarment.com\/es\/manufacturer\/adhesive-nipple-covers\/","title":{"rendered":"Cubiertas Adhesivas para Pezones Las Mejores Reutilizables Con Realce Sujetador Adhesivo Nude"},"content":{"rendered":"<ul class=\"a-unordered-list a-vertical a-spacing-mini\">\n<li><span class=\"a-list-item\"><strong>\ud83c\udf6aNAME:<\/strong> <a href=\"https:\/\/nipplecover.us\/product\/5-pairs-silicone-nipple-cover\/\" target=\"_blank\" rel=\"noopener\">nipple cover<\/a>, p\u00e9talos de pecho, cubrepezones<\/span><\/li>\n<li><span class=\"a-list-item\"><strong>\ud83c\udf6aFORMAS:<\/strong> p\u00e9talo de pecho<\/span><\/li>\n<li><span class=\"a-list-item\"><strong>\ud83c\udf6a INAL\u00c1MBRICO:<\/strong> S\u00ed<\/span><\/li>\n<li><span class=\"a-list-item\"><strong>\ud83c\udf6aCOLOR DEL PRODUCTO:<\/strong> nude, coco, marr\u00f3n, personalizado.<\/span><\/li>\n<li><span class=\"a-list-item\">\ud83c\udf6a<strong>TAMA\u00d1OS:<\/strong> personalizado<\/span><\/li>\n<li><span class=\"a-list-item\">\ud83c\udf6a<strong>SOLICITUD:<\/strong> Boda, atuendo sexy, fiesta, banquete, informal, etc.<\/span><\/li>\n<li><span class=\"a-color-base\"><span class=\"a-color-base\"><span class=\"a-list-item\"><strong>\ud83c\udf6aTIPO DE MATERIAL:\u00a0 <\/strong><span class=\"product-composition-detail__component ng-star-inserted\" data-testid=\"composition-detail-component\">Poli\u00e9ster 100%, MATERIAL ADICIONAL: Gel 100%.<\/span><\/span><\/span><\/span><\/li>\n<li><span class=\"a-color-base\"><span class=\"a-list-item\"><strong>\ud83c\udf6aINSTRUCCIONES DE CUIDADO: <\/strong>un solo uso<\/span><\/span><\/li>\n<li><strong><span class=\"a-color-base\"><span class=\"a-list-item\">\ud83c\udf6a<\/span><\/span>CONSEJOS IMPORTANTES:<\/strong><br \/>\nNo es adecuado si tiene problemas en la piel o cuando su piel est\u00e1 lesionada, infectada o quemada por el sol.<br \/>\nNo utilice este producto si est\u00e1 embarazada o amamantando, si es al\u00e9rgico al gel de s\u00edlice o si se ha sometido recientemente a una cirug\u00eda de aumento o reducci\u00f3n de senos.<br \/>\nSi se produce alguna anomal\u00eda en la piel durante el uso de este producto, suspenda su uso inmediatamente y consulte a su dermat\u00f3logo o especialista de la piel de inmediato.<\/li>\n<\/ul>\n<figure id=\"attachment_3119\" aria-describedby=\"caption-attachment-3119\" style=\"width: 339px\" class=\"wp-caption aligncenter\"><img loading=\"lazy\" decoding=\"async\" class=\"wp-image-3119\" src=\"https:\/\/zaoyigarment.com\/wp-content\/uploads\/2025\/09\/nipple-cover-sizes-1-300x300.jpg\" alt=\"nipple cover sizes 1\" width=\"339\" height=\"339\" srcset=\"https:\/\/zaoyigarment.com\/wp-content\/uploads\/2025\/09\/nipple-cover-sizes-1-300x300.jpg 300w, https:\/\/zaoyigarment.com\/wp-content\/uploads\/2025\/09\/nipple-cover-sizes-1-1024x1024.jpg 1024w, https:\/\/zaoyigarment.com\/wp-content\/uploads\/2025\/09\/nipple-cover-sizes-1-150x150.jpg 150w, https:\/\/zaoyigarment.com\/wp-content\/uploads\/2025\/09\/nipple-cover-sizes-1-768x768.jpg 768w, https:\/\/zaoyigarment.com\/wp-content\/uploads\/2025\/09\/nipple-cover-sizes-1-1536x1536.jpg 1536w, https:\/\/zaoyigarment.com\/wp-content\/uploads\/2025\/09\/nipple-cover-sizes-1-12x12.jpg 12w, https:\/\/zaoyigarment.com\/wp-content\/uploads\/2025\/09\/nipple-cover-sizes-1-600x600.jpg 600w, https:\/\/zaoyigarment.com\/wp-content\/uploads\/2025\/09\/nipple-cover-sizes-1-100x100.jpg 100w, https:\/\/zaoyigarment.com\/wp-content\/uploads\/2025\/09\/nipple-cover-sizes-1.jpg 1600w\" sizes=\"auto, (max-width: 339px) 100vw, 339px\" \/><figcaption id=\"caption-attachment-3119\" class=\"wp-caption-text\">adhesive nipple cover sizes 1<\/figcaption><\/figure>\n<p><img loading=\"lazy\" decoding=\"async\" class=\"wp-image-3118\" src=\"https:\/\/zaoyigarment.com\/wp-content\/uploads\/2025\/09\/breast-petal-300x300.jpg\" alt=\"p\u00e9talo de pecho\" width=\"344\" height=\"344\" srcset=\"https:\/\/zaoyigarment.com\/wp-content\/uploads\/2025\/09\/breast-petal-300x300.jpg 300w, https:\/\/zaoyigarment.com\/wp-content\/uploads\/2025\/09\/breast-petal-1024x1024.jpg 1024w, https:\/\/zaoyigarment.com\/wp-content\/uploads\/2025\/09\/breast-petal-150x150.jpg 150w, https:\/\/zaoyigarment.com\/wp-content\/uploads\/2025\/09\/breast-petal-768x768.jpg 768w, https:\/\/zaoyigarment.com\/wp-content\/uploads\/2025\/09\/breast-petal-1536x1536.jpg 1536w, https:\/\/zaoyigarment.com\/wp-content\/uploads\/2025\/09\/breast-petal-12x12.jpg 12w, https:\/\/zaoyigarment.com\/wp-content\/uploads\/2025\/09\/breast-petal-600x600.jpg 600w, https:\/\/zaoyigarment.com\/wp-content\/uploads\/2025\/09\/breast-petal-100x100.jpg 100w, https:\/\/zaoyigarment.com\/wp-content\/uploads\/2025\/09\/breast-petal.jpg 1600w\" sizes=\"auto, (max-width: 344px) 100vw, 344px\" \/><\/p>","protected":false},"excerpt":{"rendered":"<p>Zaoyi Adhesive Nipple Covers Best Reusable With Lift Nude Pasties Bra<\/p>\n<p>\u2013 MOQ: 2000pcs<br \/>\n\u2013 Servicio OEM\/ODM ofrecido<br \/>\n\u2013 Muestra gratuita disponible<br \/>\n\u2013 Reciclaje de sujetadores<br \/>\n\u2013 Tiempo de preparaci\u00f3n de 25 a 35 d\u00edas para pedidos personalizados<br \/>\n\u2013 Aceptar personalizaci\u00f3n (especificaciones, color, dise\u00f1o, etc.)<\/p>\n<p>1) Las mejores soluciones de sujetadores para usar con atuendos sexys, vestidos sin espalda, vestidos de novia, camisetas, etc.<br \/>\n2) Dise\u00f1o sin costuras y de apoyo para mayor comodidad.<br \/>\n3)Gel suave y de grado m\u00e9dico<br \/>\n4) Se puede hacer tela o patr\u00f3n personalizado en la cubierta del pez\u00f3n.<br \/>\n5)Color vibrante, anti-decoloraci\u00f3n<br \/>\n6)Personalizaci\u00f3n de bricolaje<\/p>\n<p>If you want to get the best adhesive nipple covers prices, please contact us. Thanks.<\/p>","protected":false},"featured_media":3120,"comment_status":"open","ping_status":"closed","template":"","meta":[],"product_brand":[],"product_cat":[52],"product_tag":[],"class_list":{"0":"post-3112","1":"product","2":"type-product","3":"status-publish","4":"has-post-thumbnail","6":"product_cat-nipple-cover","8":"first","9":"instock","10":"shipping-taxable","11":"product-type-simple"},"_links":{"self":[{"href":"https:\/\/zaoyigarment.com\/es\/wp-json\/wp\/v2\/product\/3112","targetHints":{"allow":["GET"]}}],"collection":[{"href":"https:\/\/zaoyigarment.com\/es\/wp-json\/wp\/v2\/product"}],"about":[{"href":"https:\/\/zaoyigarment.com\/es\/wp-json\/wp\/v2\/types\/product"}],"replies":[{"embeddable":true,"href":"https:\/\/zaoyigarment.com\/es\/wp-json\/wp\/v2\/comments?post=3112"}],"wp:featuredmedia":[{"embeddable":true,"href":"https:\/\/zaoyigarment.com\/es\/wp-json\/wp\/v2\/media\/3120"}],"wp:attachment":[{"href":"https:\/\/zaoyigarment.com\/es\/wp-json\/wp\/v2\/media?parent=3112"}],"wp:term":[{"taxonomy":"product_brand","embeddable":true,"href":"https:\/\/zaoyigarment.com\/es\/wp-json\/wp\/v2\/product_brand?post=3112"},{"taxonomy":"product_cat","embeddable":true,"href":"https:\/\/zaoyigarment.com\/es\/wp-json\/wp\/v2\/product_cat?post=3112"},{"taxonomy":"product_tag","embeddable":true,"href":"https:\/\/zaoyigarment.com\/es\/wp-json\/wp\/v2\/product_tag?post=3112"}],"curies":[{"name":"wp","href":"https:\/\/api.w.org\/{rel}","templated":true}]}}