 {"id":3052,"date":"2024-10-21T08:20:20","date_gmt":"2024-10-21T08:20:20","guid":{"rendered":"https:\/\/zaoyigarment.com\/?post_type=product&#038;p=3052"},"modified":"2025-09-23T00:33:15","modified_gmt":"2025-09-23T00:33:15","slug":"lace-body-tape","status":"publish","type":"product","link":"https:\/\/zaoyigarment.com\/es\/manufacturer\/lace-body-tape\/","title":{"rendered":"Cinta de encaje para el cuerpo Cinta de encaje para levantar el pecho Cinta de encaje transpirable para el pecho"},"content":{"rendered":"<div id=\"featurebullets_feature_div\" class=\"celwidget\" data-feature-name=\"featurebullets\" data-csa-c-type=\"widget\" data-csa-c-content-id=\"featurebullets\" data-csa-c-slot-id=\"featurebullets_feature_div\" data-csa-c-asin=\"B07DF32D6Q\" data-csa-c-is-in-initial-active-row=\"false\" data-csa-c-id=\"3j0pnl-7cjnp-9t8psx-tspeog\">\n<div id=\"feature-bullets\" class=\"a-section a-spacing-medium a-spacing-top-small\">\n<ul class=\"a-unordered-list a-vertical a-spacing-mini\">\n<li>\n<div data-zone-id=\"0\" data-line-index=\"0\" data-line=\"true\">\n<div data-zone-id=\"0\" data-line-index=\"0\" data-line=\"true\"><strong style=\"font-size: 14.4px;\">CINTA CORPORAL DE ENCAJE TAMA\u00d1O:<\/strong><span style=\"font-size: 14.4px;\"> El ancho habitual es de 2,5 cm, 3,8 cm, 5 cm, 7,5 cm, 10 cm, la longitud se puede elegir entre 3 m, 4 m o 5 m. El tama\u00f1o de la caja de color interior es de 7,5 x 6,5 x 7,5 cm, 11,5 x 8 x 8 cm. Todos los tama\u00f1os son personalizados.<\/span><\/div>\n<\/div>\n<\/li>\n<li><span class=\"a-list-item\"><strong>MATERIAL:<\/strong> Algod\u00f3n+spandex<\/span><\/li>\n<li><span class=\"a-list-item\"><strong>MAXIMIZA LA PORTABILIDAD:<\/strong> Facilite el almacenamiento y el transporte.<\/span><\/li>\n<li><span class=\"a-list-item\"><strong>DISPONIBLE A GRANEL:<\/strong> Se ofrece en cajas de 1000 unidades a granel con precios mayoristas asequibles para garantizar que se mantenga abastecido y dentro del presupuesto.<\/span><\/li>\n<li><span class=\"a-list-item\"><strong>PERFECTO PARA BODAS, EVENTOS ESPECIALES Y FIESTAS CON ATENCI\u00d3N:<\/strong> Aporta una confianza inolvidable cuando est\u00e9s en la boda, el banquete y la fiesta con esta cinta \u00fanica.<\/span><\/li>\n<li><strong>Consejos: <\/strong>\u00a1Tenga en cuenta que este producto tiene una gran sujeci\u00f3n!<br \/>\nAlgunas mujeres tienen la piel fina alrededor de la clav\u00edcula o la zona superior del pecho. No use el producto durante m\u00e1s de 8 horas. Tenga mucho cuidado si decide aplicar la cinta en esas zonas.<br \/>\nNo exponga el producto a la luz solar ni al calor durante un tiempo prolongado mientras lo utiliza. Esto puede provocar irritaci\u00f3n en la piel. No tome el sol con el producto puesto.<\/li>\n<li><strong>Beneficios:<\/strong><\/li>\n<li>STRONG-HOLD: ofrece un excelente soporte, lo que garantiza que el adhesivo se mantenga en su lugar incluso durante los d\u00edas de verano activos, y resiste el agua y el sudor. Su adhesivo acr\u00edlico se adhiere suavemente a la piel, lo que proporciona una elevaci\u00f3n c\u00f3moda y elimina la necesidad de correas que podr\u00edan arruinar tu atuendo.<\/li>\n<li>PARA TODOS LOS TAMA\u00d1OS: es adecuada para copas de la A a la Z, lo que le permite personalizar la cantidad necesaria seg\u00fan el tama\u00f1o y el peso de sus senos. Mida el \u00e1rea de aplicaci\u00f3n, corte a la medida y aplique la cinta para lograr el levantamiento y la forma deseados seg\u00fan su estilo de vestir.<\/li>\n<li>ASPECTO DISCREO: con su color \u201cbronceado\u201d y sus vers\u00e1tiles opciones de aplicaci\u00f3n, esta cinta para el contorno del pecho proporciona un aspecto natural e invisible. Aplique la cinta para lograr el efecto que desee, ya sea \u201crealzado\u201d o \u201cnatural\u201d, para diversos atuendos como vestidos sin espalda, sin tirantes, de malla transparente, vestidos de novia o camisetas b\u00e1sicas.<\/li>\n<li><b>Tenga en cuenta:<\/b><br \/>\n<b>\u00bfC\u00f3mo evitar las alergias en la piel y los problemas de lagrimeo?<\/b><\/p>\n<ul>\n<li>Realice una sencilla prueba de sensibilidad cut\u00e1nea<\/li>\n<li>No dejes que la cinta permanezca en tu piel por m\u00e1s de 12 horas.<\/li>\n<li>No apto para mujeres embarazadas, en per\u00edodo de lactancia o personas con piel sensible o delicada.<\/li>\n<li>Recuerde usar agua tibia o aceite esencial para retirar lenta y suavemente la cinta para el pecho, lo que ayuda a evitar que la piel se desgarre; arrancarla demasiado r\u00e1pido puede causar lesiones. Tambi\u00e9n puedes darte un ba\u00f1o caliente para arrancarlo.<\/li>\n<\/ul>\n<p><b>\u00bfC\u00f3mo hacer una prueba cut\u00e1nea f\u00e1cil para saber si tu piel es sensible o no?<\/b><\/p>\n<ol>\n<li>Puedes cortar una peque\u00f1a tira de cinta adhesiva y pegarla en el interior de tu brazo, luego arrancarla despu\u00e9s de 6 horas.<\/li>\n<li>Observa tu piel.<\/li>\n<li>Si tiene una reacci\u00f3n adversa despu\u00e9s de la prueba (como enrojecimiento, ardor o malestar), deje de usar esta cinta inmediatamente.<\/li>\n<\/ol>\n<\/li>\n<\/ul>\n<\/div>\n<\/div>\n\t<div class=\"img has-hover x md-x lg-x y md-y lg-y\" id=\"image_216197390\">\n\t\t\t\t\t\t\t\t<div class=\"img-inner dark\" >\n\t\t\t<img loading=\"lazy\" decoding=\"async\" width=\"1020\" height=\"1020\" src=\"https:\/\/zaoyigarment.com\/wp-content\/uploads\/2024\/10\/lace-body-tape-1024x1024.webp\" class=\"attachment-large size-large\" alt=\"cinta corporal de encaje\" srcset=\"https:\/\/zaoyigarment.com\/wp-content\/uploads\/2024\/10\/lace-body-tape-1024x1024.webp 1024w, https:\/\/zaoyigarment.com\/wp-content\/uploads\/2024\/10\/lace-body-tape-300x300.webp 300w, https:\/\/zaoyigarment.com\/wp-content\/uploads\/2024\/10\/lace-body-tape-150x150.webp 150w, https:\/\/zaoyigarment.com\/wp-content\/uploads\/2024\/10\/lace-body-tape-768x768.webp 768w, https:\/\/zaoyigarment.com\/wp-content\/uploads\/2024\/10\/lace-body-tape-1536x1536.webp 1536w, https:\/\/zaoyigarment.com\/wp-content\/uploads\/2024\/10\/lace-body-tape-2048x2048.webp 2048w, https:\/\/zaoyigarment.com\/wp-content\/uploads\/2024\/10\/lace-body-tape-12x12.webp 12w, https:\/\/zaoyigarment.com\/wp-content\/uploads\/2024\/10\/lace-body-tape-600x600.webp 600w, https:\/\/zaoyigarment.com\/wp-content\/uploads\/2024\/10\/lace-body-tape-100x100.webp 100w\" sizes=\"auto, (max-width: 1020px) 100vw, 1020px\" \/>\t\t\t\t\t\t\n\t\t\t\t\t<\/div>\n\t\t\t\t\t\t\t\t\n<style>\n#image_216197390 {\n  width: 100%;\n}\n<\/style>\n\t<\/div>\n\t\n\t<div class=\"img has-hover x md-x lg-x y md-y lg-y\" id=\"image_2000892970\">\n\t\t\t\t\t\t\t\t<div class=\"img-inner dark\" >\n\t\t\t<img loading=\"lazy\" decoding=\"async\" width=\"1020\" height=\"1020\" src=\"https:\/\/zaoyigarment.com\/wp-content\/uploads\/2024\/10\/how-to-use-bra-tape-1024x1024.webp\" class=\"attachment-large size-large\" alt=\"c\u00f3mo usar cinta de sujetador\" srcset=\"https:\/\/zaoyigarment.com\/wp-content\/uploads\/2024\/10\/how-to-use-bra-tape-1024x1024.webp 1024w, https:\/\/zaoyigarment.com\/wp-content\/uploads\/2024\/10\/how-to-use-bra-tape-300x300.webp 300w, https:\/\/zaoyigarment.com\/wp-content\/uploads\/2024\/10\/how-to-use-bra-tape-150x150.webp 150w, https:\/\/zaoyigarment.com\/wp-content\/uploads\/2024\/10\/how-to-use-bra-tape-768x768.webp 768w, https:\/\/zaoyigarment.com\/wp-content\/uploads\/2024\/10\/how-to-use-bra-tape-12x12.webp 12w, https:\/\/zaoyigarment.com\/wp-content\/uploads\/2024\/10\/how-to-use-bra-tape-600x600.webp 600w, https:\/\/zaoyigarment.com\/wp-content\/uploads\/2024\/10\/how-to-use-bra-tape-100x100.webp 100w, https:\/\/zaoyigarment.com\/wp-content\/uploads\/2024\/10\/how-to-use-bra-tape.webp 1500w\" sizes=\"auto, (max-width: 1020px) 100vw, 1020px\" \/>\t\t\t\t\t\t\n\t\t\t\t\t<\/div>\n\t\t\t\t\t\t\t\t\n<style>\n#image_2000892970 {\n  width: 100%;\n}\n<\/style>\n\t<\/div>","protected":false},"excerpt":{"rendered":"<p>Fabricante y proveedor de cintas corporales de encaje personalizadas Zaoyi en China<\/p>\n<p>\u2013 Cantidad m\u00ednima de pedido: 3000 unidades<br \/>\n\u2013 Servicio OEM\/ODM ofrecido<br \/>\n\u2013 Muestra gratuita disponible<br \/>\n\u2013 Aceptar personalizaci\u00f3n (especificaciones, color, dise\u00f1o, etc.)<\/p>\n<p>Si desea obtener precios de cinta corporal de encaje, comun\u00edquese con nosotros.<\/p>","protected":false},"featured_media":3057,"comment_status":"open","ping_status":"closed","template":"","meta":[],"product_brand":[],"product_cat":[38],"product_tag":[],"class_list":{"0":"post-3052","1":"product","2":"type-product","3":"status-publish","4":"has-post-thumbnail","6":"product_cat-bra-tape","8":"first","9":"instock","10":"shipping-taxable","11":"product-type-simple"},"_links":{"self":[{"href":"https:\/\/zaoyigarment.com\/es\/wp-json\/wp\/v2\/product\/3052","targetHints":{"allow":["GET"]}}],"collection":[{"href":"https:\/\/zaoyigarment.com\/es\/wp-json\/wp\/v2\/product"}],"about":[{"href":"https:\/\/zaoyigarment.com\/es\/wp-json\/wp\/v2\/types\/product"}],"replies":[{"embeddable":true,"href":"https:\/\/zaoyigarment.com\/es\/wp-json\/wp\/v2\/comments?post=3052"}],"wp:featuredmedia":[{"embeddable":true,"href":"https:\/\/zaoyigarment.com\/es\/wp-json\/wp\/v2\/media\/3057"}],"wp:attachment":[{"href":"https:\/\/zaoyigarment.com\/es\/wp-json\/wp\/v2\/media?parent=3052"}],"wp:term":[{"taxonomy":"product_brand","embeddable":true,"href":"https:\/\/zaoyigarment.com\/es\/wp-json\/wp\/v2\/product_brand?post=3052"},{"taxonomy":"product_cat","embeddable":true,"href":"https:\/\/zaoyigarment.com\/es\/wp-json\/wp\/v2\/product_cat?post=3052"},{"taxonomy":"product_tag","embeddable":true,"href":"https:\/\/zaoyigarment.com\/es\/wp-json\/wp\/v2\/product_tag?post=3052"}],"curies":[{"name":"wp","href":"https:\/\/api.w.org\/{rel}","templated":true}]}}