 {"id":2949,"date":"2024-09-30T02:30:51","date_gmt":"2024-09-30T02:30:51","guid":{"rendered":"https:\/\/zaoyigarment.com\/?post_type=product&#038;p=2949"},"modified":"2026-03-22T10:31:35","modified_gmt":"2026-03-22T10:31:35","slug":"breast-body-tape","status":"publish","type":"product","link":"https:\/\/zaoyigarment.com\/es\/manufacturer\/breast-body-tape\/","title":{"rendered":"Cinta adhesiva para el cuerpo del pecho Cintas adhesivas para el pecho Sujetador adhesivo Cinta para levantar el pecho"},"content":{"rendered":"<div id=\"featurebullets_feature_div\" class=\"celwidget\" data-feature-name=\"featurebullets\" data-csa-c-type=\"widget\" data-csa-c-content-id=\"featurebullets\" data-csa-c-slot-id=\"featurebullets_feature_div\" data-csa-c-asin=\"B07DF32D6Q\" data-csa-c-is-in-initial-active-row=\"false\" data-csa-c-id=\"3j0pnl-7cjnp-9t8psx-tspeog\">\n<div id=\"feature-bullets\" class=\"a-section a-spacing-medium a-spacing-top-small\">\n<ul class=\"a-unordered-list a-vertical a-spacing-mini\">\n<li>\n<div data-zone-id=\"0\" data-line-index=\"0\" data-line=\"true\">\n<div data-zone-id=\"0\" data-line-index=\"0\" data-line=\"true\"><strong style=\"font-size: 14.4px;\">TAMA\u00d1O:<\/strong><span style=\"font-size: 14.4px;\"> El ancho normal es de 2,5 cm, 3,8 cm, 5 cm, 7,5 cm, 10 cm, la longitud puede elegir 3M, 4M, 5M. El tama\u00f1o de la caja de color interior es 7,5*6,5*7,5 cm, 11,5*8*8 cm. Tallas todas personalizadas<\/span><\/div>\n<\/div>\n<\/li>\n<li><span class=\"a-list-item\"><strong>MATERIAL:<\/strong> Algod\u00f3n+spandex<\/span><\/li>\n<li><span class=\"a-list-item\"><strong>MAXIMIZA LA PORTABILIDAD:<\/strong> Facilite el almacenamiento y el transporte.<\/span><\/li>\n<li><span class=\"a-list-item\"><strong>DISPONIBLE A GRANEL:<\/strong> Se ofrece en cajas de 1000 unidades a granel con precios mayoristas asequibles para garantizar que se mantenga abastecido y dentro del presupuesto.<\/span><\/li>\n<li><span class=\"a-list-item\"><strong>PERFECTO PARA BODAS, EVENTOS ESPECIALES Y FIESTAS CON ATENCI\u00d3N:<\/strong> Trae una confianza inolvidable cuando est\u00e9s en bodas, banquetes y fiestas con estas cintas \u00fanicas.<\/span><\/li>\n<li><strong>Consejos:<\/strong>\u00a1Tenga en cuenta que este producto tiene una gran sujeci\u00f3n!<br \/>\nAlgunas mujeres tienen piel fina alrededor de la clav\u00edcula o en la parte superior del pecho. No use el producto por m\u00e1s de 8 horas. Tenga mucho cuidado si decide aplicar cinta adhesiva en esas \u00e1reas.<br \/>\nNo exponga el producto a una exposici\u00f3n prolongada al sol o al calor mientras est\u00e9 en uso. Esto puede causar irritaci\u00f3n de la piel. No tome el sol sobre el producto.<\/li>\n<li><b>Tenga en cuenta:<\/b><br \/>\n<b>\u00bfC\u00f3mo evitar las alergias cut\u00e1neas y los problemas de desgarro en la piel?<\/b><\/p>\n<ul>\n<li>Realice una sencilla prueba de sensibilidad cut\u00e1nea.<\/li>\n<li>No dejes que la cinta permanezca en tu piel por m\u00e1s de 12 horas.<\/li>\n<li>No apto para mujeres embarazadas, en per\u00edodo de lactancia o personas con piel sensible\/delicada.<\/li>\n<li>Recuerde usar agua tibia o aceite esencial para retirar lenta y suavemente la cinta para el pecho, lo que ayuda a evitar que la piel se desgarre; arrancarla demasiado r\u00e1pido puede causar lesiones. Tambi\u00e9n puedes darte un ba\u00f1o caliente para arrancarlo.<\/li>\n<\/ul>\n<p><b>\u00bfC\u00f3mo hacer una prueba cut\u00e1nea f\u00e1cil para saber si tu piel es sensible o no?<\/b><\/p>\n<ol>\n<li>Puedes cortar una peque\u00f1a tira de cinta adhesiva y pegarla en el interior de tu brazo, luego arrancarla despu\u00e9s de 6 horas.<\/li>\n<li>Observa tu piel.<\/li>\n<li>Si tiene una reacci\u00f3n adversa despu\u00e9s de la prueba (como enrojecimiento, ardor o malestar), deje de usar esta cinta inmediatamente.<\/li>\n<\/ol>\n<\/li>\n<\/ul>\n<\/div>\n<\/div>\n\t<div class=\"img has-hover x md-x lg-x y md-y lg-y\" id=\"image_546073061\">\n\t\t\t\t\t\t\t\t<div class=\"img-inner dark\" >\n\t\t\t<img loading=\"lazy\" decoding=\"async\" width=\"1020\" height=\"1020\" src=\"https:\/\/zaoyigarment.com\/wp-content\/uploads\/2024\/09\/how-to-use-bra-tape-1024x1024.webp\" class=\"attachment-large size-large\" alt=\"c\u00f3mo usar cinta de sujetador\" srcset=\"https:\/\/zaoyigarment.com\/wp-content\/uploads\/2024\/09\/how-to-use-bra-tape-1024x1024.webp 1024w, https:\/\/zaoyigarment.com\/wp-content\/uploads\/2024\/09\/how-to-use-bra-tape-300x300.webp 300w, https:\/\/zaoyigarment.com\/wp-content\/uploads\/2024\/09\/how-to-use-bra-tape-150x150.webp 150w, https:\/\/zaoyigarment.com\/wp-content\/uploads\/2024\/09\/how-to-use-bra-tape-768x768.webp 768w, https:\/\/zaoyigarment.com\/wp-content\/uploads\/2024\/09\/how-to-use-bra-tape-1536x1536.webp 1536w, https:\/\/zaoyigarment.com\/wp-content\/uploads\/2024\/09\/how-to-use-bra-tape-2048x2048.webp 2048w, https:\/\/zaoyigarment.com\/wp-content\/uploads\/2024\/09\/how-to-use-bra-tape-12x12.webp 12w, https:\/\/zaoyigarment.com\/wp-content\/uploads\/2024\/09\/how-to-use-bra-tape-600x600.webp 600w, https:\/\/zaoyigarment.com\/wp-content\/uploads\/2024\/09\/how-to-use-bra-tape-100x100.webp 100w\" sizes=\"auto, (max-width: 1020px) 100vw, 1020px\" \/>\t\t\t\t\t\t\n\t\t\t\t\t<\/div>\n\t\t\t\t\t\t\t\t\n<style>\n#image_546073061 {\n  width: 100%;\n}\n<\/style>\n\t<\/div>\n\t\n\t<div class=\"img has-hover x md-x lg-x y md-y lg-y\" id=\"image_1125349626\">\n\t\t\t\t\t\t\t\t<div class=\"img-inner dark\" >\n\t\t\t<img loading=\"lazy\" decoding=\"async\" width=\"1020\" height=\"1020\" src=\"https:\/\/zaoyigarment.com\/wp-content\/uploads\/2024\/09\/nude-bra-tape-1024x1024.webp\" class=\"attachment-large size-large\" alt=\"cinta de sujetador color piel\" srcset=\"https:\/\/zaoyigarment.com\/wp-content\/uploads\/2024\/09\/nude-bra-tape-1024x1024.webp 1024w, https:\/\/zaoyigarment.com\/wp-content\/uploads\/2024\/09\/nude-bra-tape-300x300.webp 300w, https:\/\/zaoyigarment.com\/wp-content\/uploads\/2024\/09\/nude-bra-tape-150x150.webp 150w, https:\/\/zaoyigarment.com\/wp-content\/uploads\/2024\/09\/nude-bra-tape-768x768.webp 768w, https:\/\/zaoyigarment.com\/wp-content\/uploads\/2024\/09\/nude-bra-tape-1536x1536.webp 1536w, https:\/\/zaoyigarment.com\/wp-content\/uploads\/2024\/09\/nude-bra-tape-2048x2048.webp 2048w, https:\/\/zaoyigarment.com\/wp-content\/uploads\/2024\/09\/nude-bra-tape-12x12.webp 12w, https:\/\/zaoyigarment.com\/wp-content\/uploads\/2024\/09\/nude-bra-tape-600x600.webp 600w, https:\/\/zaoyigarment.com\/wp-content\/uploads\/2024\/09\/nude-bra-tape-100x100.webp 100w\" sizes=\"auto, (max-width: 1020px) 100vw, 1020px\" \/>\t\t\t\t\t\t\n\t\t\t\t\t<\/div>\n\t\t\t\t\t\t\t\t\n<style>\n#image_1125349626 {\n  width: 100%;\n}\n<\/style>\n\t<\/div>","protected":false},"excerpt":{"rendered":"<p>Fabricante y proveedor de cinta adhesiva para el cuerpo y el pecho personalizada Zaoyi en China<\/p>\n<p>\u2013 Cantidad m\u00ednima de pedido: 3000 unidades<br \/>\n\u2013 Servicio OEM\/ODM ofrecido<br \/>\n\u2013 Muestra gratuita disponible<br \/>\n\u2013 Aceptar personalizaci\u00f3n (especificaciones, color, dise\u00f1o, etc.)<\/p>\n<p>Si desea obtener precios de cinta para el cuerpo y el pecho, p\u00f3ngase en contacto con nosotros.<\/p>","protected":false},"featured_media":2956,"comment_status":"open","ping_status":"closed","template":"","meta":[],"product_brand":[],"product_cat":[38],"product_tag":[],"class_list":{"0":"post-2949","1":"product","2":"type-product","3":"status-publish","4":"has-post-thumbnail","6":"product_cat-bra-tape","8":"first","9":"instock","10":"shipping-taxable","11":"product-type-simple"},"_links":{"self":[{"href":"https:\/\/zaoyigarment.com\/es\/wp-json\/wp\/v2\/product\/2949","targetHints":{"allow":["GET"]}}],"collection":[{"href":"https:\/\/zaoyigarment.com\/es\/wp-json\/wp\/v2\/product"}],"about":[{"href":"https:\/\/zaoyigarment.com\/es\/wp-json\/wp\/v2\/types\/product"}],"replies":[{"embeddable":true,"href":"https:\/\/zaoyigarment.com\/es\/wp-json\/wp\/v2\/comments?post=2949"}],"wp:featuredmedia":[{"embeddable":true,"href":"https:\/\/zaoyigarment.com\/es\/wp-json\/wp\/v2\/media\/2956"}],"wp:attachment":[{"href":"https:\/\/zaoyigarment.com\/es\/wp-json\/wp\/v2\/media?parent=2949"}],"wp:term":[{"taxonomy":"product_brand","embeddable":true,"href":"https:\/\/zaoyigarment.com\/es\/wp-json\/wp\/v2\/product_brand?post=2949"},{"taxonomy":"product_cat","embeddable":true,"href":"https:\/\/zaoyigarment.com\/es\/wp-json\/wp\/v2\/product_cat?post=2949"},{"taxonomy":"product_tag","embeddable":true,"href":"https:\/\/zaoyigarment.com\/es\/wp-json\/wp\/v2\/product_tag?post=2949"}],"curies":[{"name":"wp","href":"https:\/\/api.w.org\/{rel}","templated":true}]}}