 {"id":2693,"date":"2024-08-16T02:21:54","date_gmt":"2024-08-16T02:21:54","guid":{"rendered":"https:\/\/zaoyigarment.com\/?post_type=product&#038;p=2693"},"modified":"2026-02-26T03:03:43","modified_gmt":"2026-02-26T03:03:43","slug":"double-side-sticky-bra-inserts-self-pads-for-small-chest-women-silicone-push-up-pad","status":"publish","type":"product","link":"https:\/\/zaoyigarment.com\/es\/manufacturer\/double-side-sticky-bra-inserts-self-pads-for-small-chest-women-silicone-push-up-pad\/","title":{"rendered":"Almohadillas adhesivas de doble cara para sujetadores, almohadillas de realce de silicona para mujeres con pechos peque\u00f1os"},"content":{"rendered":"<div id=\"text-2731237624\" class=\"text\">\n\t\t\n<div class=\"_1-Caexem\" tabindex=\"0\" role=\"button\" aria-label=\"$F\u00e1cil de usar: simplemente conecte el extensor del sujetador a los ganchos del sujetador para una extensi\u00f3n instant\u00e1nea.\">\n<ul>\n<li class=\"_1-Caexem\" tabindex=\"0\" role=\"button\" aria-label=\"$Pr\u00e1cticos extensores de sujetador: juego de 3 extensores de sujetador con material el\u00e1stico, lo que facilita el ajuste del tama\u00f1o de la banda de su sujetador para un ajuste c\u00f3modo.\"><strong>Pr\u00e1cticas almohadillas para sujetador:<\/strong> Consigue un escote hermoso con un escote de aspecto natural mientras experimentas un glorioso efecto push-up.<\/li>\n<li class=\"_1-Caexem\" tabindex=\"0\" role=\"button\" aria-label=\"$Pr\u00e1cticos extensores de sujetador: juego de 3 extensores de sujetador con material el\u00e1stico, lo que facilita el ajuste del tama\u00f1o de la banda de su sujetador para un ajuste c\u00f3modo.\"><strong>Perfecto para lucir sin sujetador: <\/strong><span class=\"a-list-item a-size-base a-color-base\">Realza tus sujetadores, bikinis y trajes de ba\u00f1o con estas c\u00f3modas almohadillas de silicona.<\/span><\/li>\n<li class=\"_1-Caexem\" tabindex=\"0\" role=\"button\" aria-label=\"$Pr\u00e1cticos extensores de sujetador: juego de 3 extensores de sujetador con material el\u00e1stico, lo que facilita el ajuste del tama\u00f1o de la banda de su sujetador para un ajuste c\u00f3modo.\"><strong>C\u00f3modo y suave:<\/strong> Fabricadas con materiales suaves y c\u00f3modos, estas inserciones de sujetador no irritar\u00e1n tu piel ni causar\u00e1n ninguna molestia.<\/li>\n<li><strong>F\u00e1cil de usar:<\/strong> Se coloca dentro de la copa del sujetador o se guarda en el bolsillo de la almohadilla. Tambi\u00e9n se puede sujetar al sujetador o al top de ba\u00f1o para mayor seguridad (por ejemplo, al nadar).<\/li>\n<li>\n<div class=\"a-fixed-left-grid-col a-col-left\"><strong><span class=\"a-color-base\">Instrucciones de cuidado: <\/span><\/strong><span style=\"font-size: 14.4px;\">Lavar a mano sumergi\u00e9ndolo en un fregadero\/tina con agua fr\u00eda y tibia y unas gotas de detergente. Exprima suavemente agua con jab\u00f3n. Enjuague bien. Para establecer planos seco.<\/span><\/div>\n<\/li>\n<\/ul>\n<h2><span id=\"types-of-bra-inserts\" class=\"mj-toc-section\">Tipos de inserciones de sujetador<\/span><\/h2>\n<p>Aqu\u00ed hay algunos tipos de inserciones de sujetador disponibles.<\/p>\n<ul>\n<li>potenciadores de busto<\/li>\n<li>Inserciones push-up<\/li>\n<li>Almohadillas impermeables<\/li>\n<li>Insertos posmastectom\u00eda<\/li>\n<li>Modeladores<\/li>\n<li>Almohadillas de espuma<\/li>\n<\/ul>\n<h2><\/h2>\n<\/div>\n\t\t\n<style>\n#text-2731237624 {\n  line-height: 1.7;\n}\n<\/style>\n\t<\/div>","protected":false},"excerpt":{"rendered":"<p>Fabricante y proveedor de insertos adhesivos para sujetadores personalizados Zaoyi en China<\/p>\n<p>\u2013 Cantidad m\u00ednima de pedido: 3000 unidades<br \/>\n\u2013 Servicio OEM\/ODM ofrecido<br \/>\n\u2013 Muestra gratuita disponible<br \/>\n\u2013 Reciclaje de sujetadores<br \/>\n\u2013 Tiempo de preparaci\u00f3n de 20 a 30 d\u00edas para pedidos personalizados<br \/>\n\u2013 Aceptar personalizaci\u00f3n (especificaciones, color, dise\u00f1o, etc.)<\/p>\n<p>1) Look sin sujetador: Logre un look sin sujetador sin sacrificar la comodidad y el soporte.<br \/>\n2)Ajustable: ajusta f\u00e1cilmente la altura de tu sujetador para adaptarse a la forma de tu cuerpo y lograr el ajuste perfecto.<br \/>\n3) C\u00f3modo: hecho de material suave y natural, brinda mayor comodidad y soporte para su sost\u00e9n.<\/p>\n<p>Si desea obtener precios de insertos de sujetador adhesivos, p\u00f3ngase en contacto con nosotros.<\/p>","protected":false},"featured_media":2700,"comment_status":"open","ping_status":"closed","template":"","meta":[],"product_brand":[],"product_cat":[42],"product_tag":[],"class_list":{"0":"post-2693","1":"product","2":"type-product","3":"status-publish","4":"has-post-thumbnail","6":"product_cat-bra-inserts","8":"first","9":"instock","10":"shipping-taxable","11":"product-type-simple"},"_links":{"self":[{"href":"https:\/\/zaoyigarment.com\/es\/wp-json\/wp\/v2\/product\/2693","targetHints":{"allow":["GET"]}}],"collection":[{"href":"https:\/\/zaoyigarment.com\/es\/wp-json\/wp\/v2\/product"}],"about":[{"href":"https:\/\/zaoyigarment.com\/es\/wp-json\/wp\/v2\/types\/product"}],"replies":[{"embeddable":true,"href":"https:\/\/zaoyigarment.com\/es\/wp-json\/wp\/v2\/comments?post=2693"}],"wp:featuredmedia":[{"embeddable":true,"href":"https:\/\/zaoyigarment.com\/es\/wp-json\/wp\/v2\/media\/2700"}],"wp:attachment":[{"href":"https:\/\/zaoyigarment.com\/es\/wp-json\/wp\/v2\/media?parent=2693"}],"wp:term":[{"taxonomy":"product_brand","embeddable":true,"href":"https:\/\/zaoyigarment.com\/es\/wp-json\/wp\/v2\/product_brand?post=2693"},{"taxonomy":"product_cat","embeddable":true,"href":"https:\/\/zaoyigarment.com\/es\/wp-json\/wp\/v2\/product_cat?post=2693"},{"taxonomy":"product_tag","embeddable":true,"href":"https:\/\/zaoyigarment.com\/es\/wp-json\/wp\/v2\/product_tag?post=2693"}],"curies":[{"name":"wp","href":"https:\/\/api.w.org\/{rel}","templated":true}]}}