 {"id":2597,"date":"2024-06-06T08:44:27","date_gmt":"2024-06-06T08:44:27","guid":{"rendered":"https:\/\/zaoyigarment.com\/?post_type=product&#038;p=2597"},"modified":"2026-03-19T17:51:07","modified_gmt":"2026-03-19T17:51:07","slug":"silicone-push-up-bra","status":"publish","type":"product","link":"https:\/\/zaoyigarment.com\/es\/manufacturer\/silicone-push-up-bra\/","title":{"rendered":"Sujetador push-up de silicona, sujetador adhesivo reutilizable fresco, sujetador Invisible de verano"},"content":{"rendered":"<ul class=\"a-unordered-list a-vertical a-spacing-mini\">\n<li><span class=\"a-list-item\"><strong>\ud83c\udf6aNAME:<\/strong> sujetador de silicona, sujetador adhesivo, sujetador invisible<\/span><\/li>\n<li><span class=\"a-list-item\"><strong>\ud83c\udf6aFORMAS:<\/strong> cualquier forma<\/span><\/li>\n<li><span class=\"a-list-item\"><strong>\ud83c\udf6a INAL\u00c1MBRICO:<\/strong> S\u00ed<\/span><\/li>\n<li><span class=\"a-list-item\"><strong>\ud83c\udf6aCOLOR DEL PRODUCTO:<\/strong> nude, negro, marr\u00f3n, personalizado.<\/span><\/li>\n<li><span class=\"a-list-item\">\ud83c\udf6a<strong>TAMA\u00d1OS:<\/strong> personalizado<\/span><\/li>\n<li><span class=\"a-list-item\">\ud83c\udf6a<strong>SOLICITUD:<\/strong> Boda, atuendo sexy, fiesta, banquete, informal, etc.<\/span><\/li>\n<li><span class=\"a-color-base\"><span class=\"a-list-item\"><strong>\ud83c\udf6aTIPO DE MATERIAL: <\/strong>silicona<\/span><\/span><\/li>\n<li><span class=\"a-color-base\"><span class=\"a-list-item\"><strong>\ud83c\udf6aINSTRUCCIONES DE CUIDADO: <\/strong>reutilizable<\/span><\/span><\/li>\n<li><strong><span class=\"a-color-base\"><span class=\"a-list-item\">\ud83c\udf6a<\/span><\/span>CONSEJOS IMPORTANTES:<\/strong><br \/>\nNo es adecuado si tiene problemas en la piel o cuando su piel est\u00e1 lesionada, infectada o quemada por el sol.<br \/>\nNo utilice este producto si est\u00e1 embarazada o amamantando, si es al\u00e9rgico al gel de s\u00edlice o si se ha sometido recientemente a una cirug\u00eda de aumento o reducci\u00f3n de senos.<br \/>\nSi se produce alguna anomal\u00eda en la piel durante el uso de este producto, suspenda su uso inmediatamente y consulte a su dermat\u00f3logo o especialista de la piel de inmediato.<\/li>\n<\/ul>\n<h2><\/h2>\n<h2>Tabla de tallas de sujetador con im\u00e1genes<\/h2>\n\t<div class=\"img has-hover x md-x lg-x y md-y lg-y\" id=\"image_347255343\">\n\t\t\t\t\t\t\t\t<div class=\"img-inner dark\" >\n\t\t\t<img loading=\"lazy\" decoding=\"async\" width=\"1020\" height=\"1020\" src=\"https:\/\/zaoyigarment.com\/wp-content\/uploads\/2024\/06\/silicone-bra-size-1024x1024.webp\" class=\"attachment-large size-large\" alt=\"talla de sujetador de silicona\" srcset=\"https:\/\/zaoyigarment.com\/wp-content\/uploads\/2024\/06\/silicone-bra-size-1024x1024.webp 1024w, https:\/\/zaoyigarment.com\/wp-content\/uploads\/2024\/06\/silicone-bra-size-300x300.webp 300w, https:\/\/zaoyigarment.com\/wp-content\/uploads\/2024\/06\/silicone-bra-size-150x150.webp 150w, https:\/\/zaoyigarment.com\/wp-content\/uploads\/2024\/06\/silicone-bra-size-768x768.webp 768w, https:\/\/zaoyigarment.com\/wp-content\/uploads\/2024\/06\/silicone-bra-size-1536x1536.webp 1536w, https:\/\/zaoyigarment.com\/wp-content\/uploads\/2024\/06\/silicone-bra-size-2048x2048.webp 2048w, https:\/\/zaoyigarment.com\/wp-content\/uploads\/2024\/06\/silicone-bra-size-12x12.webp 12w, https:\/\/zaoyigarment.com\/wp-content\/uploads\/2024\/06\/silicone-bra-size-600x600.webp 600w, https:\/\/zaoyigarment.com\/wp-content\/uploads\/2024\/06\/silicone-bra-size-100x100.webp 100w\" sizes=\"auto, (max-width: 1020px) 100vw, 1020px\" \/>\t\t\t\t\t\t\n\t\t\t\t\t<\/div>\n\t\t\t\t\t\t\t\t\n<style>\n#image_347255343 {\n  width: 100%;\n}\n<\/style>\n\t<\/div>\n\t\n\t<div class=\"img has-hover x md-x lg-x y md-y lg-y\" id=\"image_2139982434\">\n\t\t\t\t\t\t\t\t<div class=\"img-inner dark\" >\n\t\t\t<img loading=\"lazy\" decoding=\"async\" width=\"1020\" height=\"1020\" src=\"https:\/\/zaoyigarment.com\/wp-content\/uploads\/2024\/06\/silicone-bra-specifics-1024x1024.webp\" class=\"attachment-large size-large\" alt=\"Especificaciones del sujetador de silicona\" srcset=\"https:\/\/zaoyigarment.com\/wp-content\/uploads\/2024\/06\/silicone-bra-specifics-1024x1024.webp 1024w, https:\/\/zaoyigarment.com\/wp-content\/uploads\/2024\/06\/silicone-bra-specifics-300x300.webp 300w, https:\/\/zaoyigarment.com\/wp-content\/uploads\/2024\/06\/silicone-bra-specifics-150x150.webp 150w, https:\/\/zaoyigarment.com\/wp-content\/uploads\/2024\/06\/silicone-bra-specifics-768x768.webp 768w, https:\/\/zaoyigarment.com\/wp-content\/uploads\/2024\/06\/silicone-bra-specifics-1536x1536.webp 1536w, https:\/\/zaoyigarment.com\/wp-content\/uploads\/2024\/06\/silicone-bra-specifics-2048x2048.webp 2048w, https:\/\/zaoyigarment.com\/wp-content\/uploads\/2024\/06\/silicone-bra-specifics-12x12.webp 12w, https:\/\/zaoyigarment.com\/wp-content\/uploads\/2024\/06\/silicone-bra-specifics-600x600.webp 600w, https:\/\/zaoyigarment.com\/wp-content\/uploads\/2024\/06\/silicone-bra-specifics-100x100.webp 100w\" sizes=\"auto, (max-width: 1020px) 100vw, 1020px\" \/>\t\t\t\t\t\t\n\t\t\t\t\t<\/div>\n\t\t\t\t\t\t\t\t\n<style>\n#image_2139982434 {\n  width: 100%;\n}\n<\/style>\n\t<\/div>\n\t\n\t<div class=\"img has-hover x md-x lg-x y md-y lg-y\" id=\"image_271077082\">\n\t\t\t\t\t\t\t\t<div class=\"img-inner dark\" >\n\t\t\t<img loading=\"lazy\" decoding=\"async\" width=\"1000\" height=\"1000\" src=\"https:\/\/zaoyigarment.com\/wp-content\/uploads\/2024\/06\/silicone-bra-size-chart.webp\" class=\"attachment-large size-large\" alt=\"tabla de tallas de sujetador de silicona\" srcset=\"https:\/\/zaoyigarment.com\/wp-content\/uploads\/2024\/06\/silicone-bra-size-chart.webp 1000w, https:\/\/zaoyigarment.com\/wp-content\/uploads\/2024\/06\/silicone-bra-size-chart-300x300.webp 300w, https:\/\/zaoyigarment.com\/wp-content\/uploads\/2024\/06\/silicone-bra-size-chart-150x150.webp 150w, https:\/\/zaoyigarment.com\/wp-content\/uploads\/2024\/06\/silicone-bra-size-chart-768x768.webp 768w, https:\/\/zaoyigarment.com\/wp-content\/uploads\/2024\/06\/silicone-bra-size-chart-12x12.webp 12w, https:\/\/zaoyigarment.com\/wp-content\/uploads\/2024\/06\/silicone-bra-size-chart-600x600.webp 600w, https:\/\/zaoyigarment.com\/wp-content\/uploads\/2024\/06\/silicone-bra-size-chart-100x100.webp 100w\" sizes=\"auto, (max-width: 1000px) 100vw, 1000px\" \/>\t\t\t\t\t\t\n\t\t\t\t\t<\/div>\n\t\t\t\t\t\t\t\t\n<style>\n#image_271077082 {\n  width: 100%;\n}\n<\/style>\n\t<\/div>","protected":false},"excerpt":{"rendered":"<p>Fabricante y proveedor de sujetadores push-up de silicona personalizados Zaoyi en China<\/p>\n<p>\u2013 Cantidad m\u00ednima de pedido: 3000 unidades<br \/>\n\u2013 Servicio OEM\/ODM ofrecido<br \/>\n\u2013 Muestra gratuita disponible<br \/>\n\u2013 Reciclaje de sujetadores<br \/>\n\u2013 Tiempo de preparaci\u00f3n de 25 a 35 d\u00edas para pedidos personalizados<br \/>\n\u2013 Aceptar personalizaci\u00f3n (especificaciones, color, dise\u00f1o, etc.)<\/p>\n<p>1) Las mejores soluciones de sujetadores para usar con atuendos sexys, vestidos sin espalda, vestidos de novia, camisetas, etc.<br \/>\n2) Dise\u00f1o sin costuras y de apoyo para mayor comodidad.<br \/>\n3)Gel suave y de grado m\u00e9dico<br \/>\n4) Se puede hacer tela o patr\u00f3n personalizado en la cubierta del pez\u00f3n.<br \/>\n5)Color vibrante, anti-decoloraci\u00f3n<br \/>\n6)Personalizaci\u00f3n de bricolaje<\/p>\n<p>Si desea obtener precios de sujetadores push-up de silicona, p\u00f3ngase en contacto con nosotros.<\/p>","protected":false},"featured_media":2896,"comment_status":"open","ping_status":"closed","template":"","meta":[],"product_brand":[],"product_cat":[15],"product_tag":[],"class_list":{"0":"post-2597","1":"product","2":"type-product","3":"status-publish","4":"has-post-thumbnail","6":"product_cat-push-up-bra","8":"first","9":"instock","10":"shipping-taxable","11":"product-type-simple"},"_links":{"self":[{"href":"https:\/\/zaoyigarment.com\/es\/wp-json\/wp\/v2\/product\/2597","targetHints":{"allow":["GET"]}}],"collection":[{"href":"https:\/\/zaoyigarment.com\/es\/wp-json\/wp\/v2\/product"}],"about":[{"href":"https:\/\/zaoyigarment.com\/es\/wp-json\/wp\/v2\/types\/product"}],"replies":[{"embeddable":true,"href":"https:\/\/zaoyigarment.com\/es\/wp-json\/wp\/v2\/comments?post=2597"}],"wp:featuredmedia":[{"embeddable":true,"href":"https:\/\/zaoyigarment.com\/es\/wp-json\/wp\/v2\/media\/2896"}],"wp:attachment":[{"href":"https:\/\/zaoyigarment.com\/es\/wp-json\/wp\/v2\/media?parent=2597"}],"wp:term":[{"taxonomy":"product_brand","embeddable":true,"href":"https:\/\/zaoyigarment.com\/es\/wp-json\/wp\/v2\/product_brand?post=2597"},{"taxonomy":"product_cat","embeddable":true,"href":"https:\/\/zaoyigarment.com\/es\/wp-json\/wp\/v2\/product_cat?post=2597"},{"taxonomy":"product_tag","embeddable":true,"href":"https:\/\/zaoyigarment.com\/es\/wp-json\/wp\/v2\/product_tag?post=2597"}],"curies":[{"name":"wp","href":"https:\/\/api.w.org\/{rel}","templated":true}]}}