 {"id":2303,"date":"2024-02-26T08:48:58","date_gmt":"2024-02-26T08:48:58","guid":{"rendered":"https:\/\/zaoyigarment.com\/?post_type=product&#038;p=2303"},"modified":"2025-08-26T09:53:53","modified_gmt":"2025-08-26T09:53:53","slug":"butterfly-nipple-cover-sticky-bra-adhesive-bra-breast-covers-sexy-outfit","status":"publish","type":"product","link":"https:\/\/zaoyigarment.com\/es\/manufacturer\/butterfly-nipple-cover-sticky-bra-adhesive-bra-breast-covers-sexy-outfit\/","title":{"rendered":"Cubierta de pez\u00f3n de mariposa, sujetador adhesivo, cubiertas de pecho para traje Sexy"},"content":{"rendered":"<ul class=\"a-unordered-list a-vertical a-spacing-mini\">\n<li><span class=\"a-list-item\"><strong>\ud83c\udf6aNAME:<\/strong> nipple covers, chest petals<\/span><\/li>\n<li><span class=\"a-list-item\"><strong>\ud83c\udf6aFORMAS:<\/strong> <a href=\"https:\/\/zaoyigarment.com\/es\/manufacturer\/sexy-bra-breast-boob-covers-colorful-fun-nipple-covers\/\">cualquier forma<\/a><\/span><\/li>\n<li><span class=\"a-list-item\"><strong>\ud83c\udf6a INAL\u00c1MBRICO:<\/strong> S\u00ed<\/span><\/li>\n<li><span class=\"a-list-item\"><strong>\ud83c\udf6aCOLOR DEL PRODUCTO:<\/strong> Azul, negro, marr\u00f3n, personalizado.<\/span><\/li>\n<li><span class=\"a-list-item\">\ud83c\udf6a<strong>TAMA\u00d1OS:<\/strong> personalizado<\/span><\/li>\n<li><span class=\"a-list-item\">\ud83c\udf6a<strong>SOLICITUD:<\/strong> traje sexy, fiesta, banquete, casual, etc.<\/span><\/li>\n<li><span class=\"a-color-base\"><span class=\"a-list-item\"><strong>\ud83c\udf6aTIPO DE MATERIAL: <\/strong>perro+mascota<\/span><\/span><\/li>\n<li><span class=\"a-color-base\"><span class=\"a-list-item\"><strong>\ud83c\udf6aINSTRUCCIONES DE CUIDADO: <\/strong>desechable<\/span><\/span><\/li>\n<li><strong><span class=\"a-color-base\"><span class=\"a-list-item\">\ud83c\udf6a<\/span><\/span>CONSEJOS IMPORTANTES:<\/strong><br \/>\nNo es adecuado si tiene problemas en la piel o cuando su piel est\u00e1 lesionada, infectada o quemada por el sol.<br \/>\nNo utilice este producto si est\u00e1 embarazada o amamantando, si es al\u00e9rgico al gel de s\u00edlice o si se ha sometido recientemente a una cirug\u00eda de aumento o reducci\u00f3n de senos.<br \/>\nSi se produce alguna anomal\u00eda en la piel durante el uso de este producto, suspenda su uso inmediatamente y consulte a su dermat\u00f3logo o especialista de la piel de inmediato.<\/li>\n<\/ul>\n<h2><\/h2>\n<h2>Tabla de tallas de sujetador con im\u00e1genes<\/h2>\n\t<div class=\"img has-hover x md-x lg-x y md-y lg-y\" id=\"image_1055225151\">\n\t\t\t\t\t\t\t\t<div class=\"img-inner dark\" >\n\t\t\t<img loading=\"lazy\" decoding=\"async\" width=\"1020\" height=\"976\" src=\"https:\/\/zaoyigarment.com\/wp-content\/uploads\/2024\/01\/bra-size-calculator-1024x980.webp\" class=\"attachment-large size-large\" alt=\"calculadora de talla de sujetador\" srcset=\"https:\/\/zaoyigarment.com\/wp-content\/uploads\/2024\/01\/bra-size-calculator-1024x980.webp 1024w, https:\/\/zaoyigarment.com\/wp-content\/uploads\/2024\/01\/bra-size-calculator-300x287.webp 300w, https:\/\/zaoyigarment.com\/wp-content\/uploads\/2024\/01\/bra-size-calculator-768x735.webp 768w, https:\/\/zaoyigarment.com\/wp-content\/uploads\/2024\/01\/bra-size-calculator-1536x1471.webp 1536w, https:\/\/zaoyigarment.com\/wp-content\/uploads\/2024\/01\/bra-size-calculator-600x575.webp 600w, https:\/\/zaoyigarment.com\/wp-content\/uploads\/2024\/01\/bra-size-calculator.webp 2000w\" sizes=\"auto, (max-width: 1020px) 100vw, 1020px\" \/>\t\t\t\t\t\t\n\t\t\t\t\t<\/div>\n\t\t\t\t\t\t\t\t\n<style>\n#image_1055225151 {\n  width: 100%;\n}\n<\/style>\n\t<\/div>","protected":false},"excerpt":{"rendered":"<p>Fabricante y proveedor de cubiertas para pezones personalizadas Zaoyi en China<\/p>\n<p>\u2013 Cantidad m\u00ednima de pedido: 3000 unidades<br \/>\n\u2013 Servicio OEM\/ODM ofrecido<br \/>\n\u2013 Muestra gratuita disponible<br \/>\n\u2013 Reciclaje de sujetadores<br \/>\n\u2013 Tiempo de preparaci\u00f3n de 25 a 35 d\u00edas para pedidos personalizados<br \/>\n\u2013 Aceptar personalizaci\u00f3n (especificaciones, color, dise\u00f1o, etc.)<\/p>\n<p>1) Las mejores soluciones de sujetadores para usar con atuendos sexys, vestidos sin espalda, vestidos de novia, camisetas, etc.<br \/>\n2) Dise\u00f1o sin costuras y de apoyo para mayor comodidad.<br \/>\n3)Gel suave y de grado m\u00e9dico<br \/>\n4) Se puede hacer tela o patr\u00f3n personalizado en la cubierta del pez\u00f3n.<br \/>\n5)Color vibrante, anti-decoloraci\u00f3n<br \/>\n6)Personalizaci\u00f3n de bricolaje<\/p>\n<p>Si desea obtener precios de cubiertas para pezones, p\u00f3ngase en contacto con nosotros.<\/p>","protected":false},"featured_media":2871,"comment_status":"open","ping_status":"closed","template":"","meta":[],"product_brand":[],"product_cat":[52],"product_tag":[],"class_list":{"0":"post-2303","1":"product","2":"type-product","3":"status-publish","4":"has-post-thumbnail","6":"product_cat-nipple-cover","8":"first","9":"instock","10":"shipping-taxable","11":"product-type-simple"},"_links":{"self":[{"href":"https:\/\/zaoyigarment.com\/es\/wp-json\/wp\/v2\/product\/2303","targetHints":{"allow":["GET"]}}],"collection":[{"href":"https:\/\/zaoyigarment.com\/es\/wp-json\/wp\/v2\/product"}],"about":[{"href":"https:\/\/zaoyigarment.com\/es\/wp-json\/wp\/v2\/types\/product"}],"replies":[{"embeddable":true,"href":"https:\/\/zaoyigarment.com\/es\/wp-json\/wp\/v2\/comments?post=2303"}],"wp:featuredmedia":[{"embeddable":true,"href":"https:\/\/zaoyigarment.com\/es\/wp-json\/wp\/v2\/media\/2871"}],"wp:attachment":[{"href":"https:\/\/zaoyigarment.com\/es\/wp-json\/wp\/v2\/media?parent=2303"}],"wp:term":[{"taxonomy":"product_brand","embeddable":true,"href":"https:\/\/zaoyigarment.com\/es\/wp-json\/wp\/v2\/product_brand?post=2303"},{"taxonomy":"product_cat","embeddable":true,"href":"https:\/\/zaoyigarment.com\/es\/wp-json\/wp\/v2\/product_cat?post=2303"},{"taxonomy":"product_tag","embeddable":true,"href":"https:\/\/zaoyigarment.com\/es\/wp-json\/wp\/v2\/product_tag?post=2303"}],"curies":[{"name":"wp","href":"https:\/\/api.w.org\/{rel}","templated":true}]}}