 {"id":2243,"date":"2024-02-20T07:25:58","date_gmt":"2024-02-20T07:25:58","guid":{"rendered":"https:\/\/zaoyigarment.com\/?post_type=product&#038;p=2243"},"modified":"2025-12-09T19:59:57","modified_gmt":"2025-12-09T19:59:57","slug":"woman-deep-u-plunge-bra-convertible-push-up-bra","status":"publish","type":"product","link":"https:\/\/zaoyigarment.com\/es\/manufacturer\/woman-deep-u-plunge-bra-convertible-push-up-bra\/","title":{"rendered":"Sujetador push-up convertible con escote en U profundo para mujer"},"content":{"rendered":"<p><span class=\"a-list-item\"><strong>QUANTITY:<\/strong> 3000pcs for customized packing and bulk order<\/span><\/p>\n<ul class=\"a-unordered-list a-vertical a-spacing-mini\">\n<li><span class=\"a-list-item\"><strong>MATERIAL:<\/strong> 80% nailon, 20% elastano<\/span><\/li>\n<li><span class=\"a-list-item\"><strong>BENEFICIOS:<\/strong> Gel de medio ambiente y seguridad, transpirable, celular, convexo, seguridad.<\/span><\/li>\n<li><span class=\"a-list-item\"><strong>DESIGN:<\/strong> Different design options, or can customized<\/span><\/li>\n<li><span class=\"a-list-item\"><strong>DIMENSIONS:<\/strong> A\/B\/C\/D\/E\/F\/H, customized<\/span><\/li>\n<li><span class=\"a-list-item a-size-base a-color-base\"><strong>SOPORTE FUERTE Y CORD\u00d3N AJUSTABLE:<\/strong> Ajuste peque\u00f1o para copa A. Con su exquisito dise\u00f1o profundo en U, nuestros sujetadores sin tirantes para mujer est\u00e1n elaborados por expertos para acentuar tu pecho y crear el escote perfecto. Recoge tus senos de forma experta, dando como resultado una forma seductora y encantadora. Y ya sea que est\u00e9 adornando un vestido sin tirantes o buscando realzar el atractivo de la curva de sus senos, nuestro sujetador sin espalda es la mejor opci\u00f3n.<\/span><\/li>\n<li><span class=\"a-list-item a-size-base a-color-base\"><strong>TEJIDO Y ADHESIVO DE ENC\u00cdA RESPIRABLES PARA LA PIEL:<\/strong>El material est\u00e1 hecho de tela no tejida totalmente natural + silicona m\u00e9dica. El adhesivo de goma natural est\u00e1 cubierto con orificios de ventilaci\u00f3n que mantienen una excelente permeabilidad al aire mientras lo usa.<\/span><\/li>\n<li><span class=\"a-list-item a-size-base a-color-base\"><strong>DISE\u00d1O DE ALA EXQUISITO:<\/strong> Cuenta con alas invisibles en ambos lados, que ofrecen un soporte \u00f3ptimo para los senos y te permiten personalizar la tensi\u00f3n a tu gusto. Puedes hacer alarde de tu cautivador escote con confianza con nuestro sujetador de vestir sin tirantes. Cuando te pones un vestido sin espalda, nuestro sujetador invisible permanece seguro en su lugar, brind\u00e1ndote doble protecci\u00f3n sin ning\u00fan atisbo de verg\u00fcenza. Las alas adhesivas facilitan su uso y extracci\u00f3n sin esfuerzo, lo que garantiza una experiencia sin complicaciones.<\/span><\/li>\n<li><span class=\"a-list-item a-size-base a-color-base\"><strong>FOR MANY OCCASIONS:<\/strong> Sujetador sin tirantes para cualquier estilo sexy, blusas sin espalda, trajes con cuello en V profundo, vestidos de noche sin espalda\/sin tirantes, vestidos de novia, vestidos escotados, vestidos de c\u00f3ctel, vestidos de fiesta, etc. Si\u00e9ntete libre de mostrar tu encanto femenino.<\/span><\/li>\n<li><span class=\"a-list-item a-size-base a-color-base\">\u2764<strong>LAVABLE Y REUTILIZABLE:<\/strong> Este sujetador sin tirantes se puede utilizar muchas veces, de acuerdo con el tema actual de protecci\u00f3n del medio ambiente. Lave este sujetador pegajoso con champ\u00fa y agua, mant\u00e9ngalo seco de forma natural, a\u00fan conservar\u00e1 los geles adhesivos para la pr\u00f3xima vez que lo use.<\/span><\/li>\n<li>\n<figure id=\"attachment_2251\" aria-describedby=\"caption-attachment-2251\" style=\"width: 225px\" class=\"wp-caption alignleft\"><img loading=\"lazy\" decoding=\"async\" class=\"size-medium wp-image-2251\" src=\"https:\/\/zaoyigarment.com\/wp-content\/uploads\/2024\/02\/plunge-bra-225x300.webp\" alt=\"sumergirse bien\" width=\"225\" height=\"300\" srcset=\"https:\/\/zaoyigarment.com\/wp-content\/uploads\/2024\/02\/plunge-bra-225x300.webp 225w, https:\/\/zaoyigarment.com\/wp-content\/uploads\/2024\/02\/plunge-bra-600x800.webp 600w, https:\/\/zaoyigarment.com\/wp-content\/uploads\/2024\/02\/plunge-bra.webp 750w\" sizes=\"auto, (max-width: 225px) 100vw, 225px\" \/><figcaption id=\"caption-attachment-2251\" class=\"wp-caption-text\">sumergirse bien<\/figcaption><\/figure><\/li>\n<\/ul>\n<h2>Tabla de tallas de sujetador con im\u00e1genes<\/h2>\n\t<div class=\"img has-hover x md-x lg-x y md-y lg-y\" id=\"image_1540208697\">\n\t\t\t\t\t\t\t\t<div class=\"img-inner dark\" >\n\t\t\t<img loading=\"lazy\" decoding=\"async\" width=\"1020\" height=\"976\" src=\"https:\/\/zaoyigarment.com\/wp-content\/uploads\/2024\/01\/bra-size-calculator-1024x980.webp\" class=\"attachment-large size-large\" alt=\"calculadora de talla de sujetador\" srcset=\"https:\/\/zaoyigarment.com\/wp-content\/uploads\/2024\/01\/bra-size-calculator-1024x980.webp 1024w, https:\/\/zaoyigarment.com\/wp-content\/uploads\/2024\/01\/bra-size-calculator-300x287.webp 300w, https:\/\/zaoyigarment.com\/wp-content\/uploads\/2024\/01\/bra-size-calculator-768x735.webp 768w, https:\/\/zaoyigarment.com\/wp-content\/uploads\/2024\/01\/bra-size-calculator-1536x1471.webp 1536w, https:\/\/zaoyigarment.com\/wp-content\/uploads\/2024\/01\/bra-size-calculator-600x575.webp 600w, https:\/\/zaoyigarment.com\/wp-content\/uploads\/2024\/01\/bra-size-calculator.webp 2000w\" sizes=\"auto, (max-width: 1020px) 100vw, 1020px\" \/>\t\t\t\t\t\t\n\t\t\t\t\t<\/div>\n\t\t\t\t\t\t\t\t\n<style>\n#image_1540208697 {\n  width: 100%;\n}\n<\/style>\n\t<\/div>","protected":false},"excerpt":{"rendered":"<p>Zaoyi Custom U Plunge Push Up Bra Fabricante y proveedor en China<\/p>\n<p>\u2013 Cantidad m\u00ednima de pedido: 3000 unidades<br \/>\n\u2013 Servicio OEM\/ODM ofrecido<br \/>\n\u2013 Muestra gratuita disponible<br \/>\n\u2013 Reciclaje de sujetadores<br \/>\n\u2013 Tiempo de preparaci\u00f3n de 25 a 35 d\u00edas para pedidos personalizados<br \/>\n\u2013 Aceptar personalizaci\u00f3n (especificaciones, color, dise\u00f1o, etc.)<\/p>\n<p>1) Las mejores soluciones de sujetadores para usar con vestidos sin espalda, vestidos de novia, camisetas, etc.<br \/>\n2) Dise\u00f1o perfecto e inal\u00e1mbrico para la libertad<br \/>\n3) Tejido de nailon suave y delicado.<br \/>\n4)Can do customized fabric or pattern on the it<br \/>\n5)Color vibrante, anti-decoloraci\u00f3n<br \/>\n6)Personalizaci\u00f3n de bricolaje<\/p>\n<p>Si desea conocer los precios de los sujetadores push-up, p\u00f3ngase en contacto con nosotros.<\/p>","protected":false},"featured_media":2853,"comment_status":"open","ping_status":"closed","template":"","meta":[],"product_brand":[],"product_cat":[37],"product_tag":[],"class_list":{"0":"post-2243","1":"product","2":"type-product","3":"status-publish","4":"has-post-thumbnail","6":"product_cat-backless-bra","8":"first","9":"instock","10":"shipping-taxable","11":"product-type-simple"},"_links":{"self":[{"href":"https:\/\/zaoyigarment.com\/es\/wp-json\/wp\/v2\/product\/2243","targetHints":{"allow":["GET"]}}],"collection":[{"href":"https:\/\/zaoyigarment.com\/es\/wp-json\/wp\/v2\/product"}],"about":[{"href":"https:\/\/zaoyigarment.com\/es\/wp-json\/wp\/v2\/types\/product"}],"replies":[{"embeddable":true,"href":"https:\/\/zaoyigarment.com\/es\/wp-json\/wp\/v2\/comments?post=2243"}],"wp:featuredmedia":[{"embeddable":true,"href":"https:\/\/zaoyigarment.com\/es\/wp-json\/wp\/v2\/media\/2853"}],"wp:attachment":[{"href":"https:\/\/zaoyigarment.com\/es\/wp-json\/wp\/v2\/media?parent=2243"}],"wp:term":[{"taxonomy":"product_brand","embeddable":true,"href":"https:\/\/zaoyigarment.com\/es\/wp-json\/wp\/v2\/product_brand?post=2243"},{"taxonomy":"product_cat","embeddable":true,"href":"https:\/\/zaoyigarment.com\/es\/wp-json\/wp\/v2\/product_cat?post=2243"},{"taxonomy":"product_tag","embeddable":true,"href":"https:\/\/zaoyigarment.com\/es\/wp-json\/wp\/v2\/product_tag?post=2243"}],"curies":[{"name":"wp","href":"https:\/\/api.w.org\/{rel}","templated":true}]}}