 {"id":1968,"date":"2023-12-29T08:09:23","date_gmt":"2023-12-29T08:09:23","guid":{"rendered":"https:\/\/zaoyigarment.com\/?post_type=product&#038;p=1968"},"modified":"2026-03-19T17:50:20","modified_gmt":"2026-03-19T17:50:20","slug":"clear-strap-clear-strap-bra-metal-bra-strap","status":"publish","type":"product","link":"https:\/\/zaoyigarment.com\/es\/manufacturer\/clear-strap-clear-strap-bra-metal-bra-strap\/","title":{"rendered":"Correa transparente para sujetador con correa transparente Correa de sujetador de metal Correa de sujetador decorativa"},"content":{"rendered":"<ul>\n<li><span class=\"a-list-item a-size-base a-color-base\"><strong>Grueso y resistente:<\/strong> Nuestras correas de sujetador transparentes est\u00e1n hechas de material de TPU de alta calidad, lo que las hace resistentes, no se deslizan f\u00e1cilmente y pueden soportar la presi\u00f3n de un busto m\u00e1s grande sin romperse.<\/span><\/li>\n<\/ul>\n<ul class=\"a-unordered-list a-vertical a-spacing-small\">\n<li><span class=\"a-list-item a-size-base a-color-base\"><strong>Variedad de anchos e invisibles:<\/strong> Disponemos de tallas de 8 mm, 10 mm, 12 mm, 15 mm, 18 mm, 20 mm, etc., para que encuentres la ideal. El color del tirante del sujetador es transparente, por lo que se adapta perfectamente a tu tono de piel.<\/span><\/li>\n<\/ul>\n<ul class=\"a-unordered-list a-vertical a-spacing-small\">\n<li><span class=\"a-list-item a-size-base a-color-base\"><strong>Ajustable y f\u00e1cil de usar:<\/strong> Los tirantes invisibles del sujetador est\u00e1n dise\u00f1ados con una longitud suficiente seg\u00fan los comentarios de los clientes, que se pueden extender hasta 70 cm, para que puedas ajustarlos f\u00e1cilmente. El gancho es adecuado para la mayor\u00eda de ojales de sujetador del mercado, por lo que es muy f\u00e1cil a\u00f1adir o quitar sujetadores.<\/span><\/li>\n<\/ul>\n<ul>\n<li><span class=\"a-list-item a-size-base a-color-base\"><strong>Uso c\u00f3modo:<\/strong> Los tirantes transparentes del sujetador est\u00e1n hechos de silicona suave, saludable y respetuosa con el medio ambiente, le permiten usarlos c\u00f3modamente sin da\u00f1ar la piel y se pueden reutilizar sin irritar las alergias de la piel.<\/span><\/li>\n<\/ul>\n<ul class=\"a-unordered-list a-vertical a-spacing-small\">\n<li><span class=\"a-list-item a-size-base a-color-base\"><strong>Ocasi\u00f3n:<\/strong> Los tirantes transparentes del sujetador son perfectos para las mujeres en verano que usan chaleco, falda con tirantes, top de tubo y vestido, mostrando una piel natural y hermosa, haci\u00e9ndote lucir impecable.<\/span><\/li>\n<\/ul>","protected":false},"excerpt":{"rendered":"<p>Fabricante y proveedor de correas de sujetador personalizadas Zaoyi en China<\/p>\n<p>\u2013 Cantidad m\u00ednima de pedido: 3000 unidades<br \/>\n\u2013 Servicio OEM\/ODM ofrecido<br \/>\n\u2013 Muestra gratuita disponible<br \/>\n\u2013 Reciclaje de sujetadores<br \/>\n\u2013 Tiempo de preparaci\u00f3n de 20 a 30 d\u00edas para pedidos personalizados<br \/>\n\u2013 Aceptar personalizaci\u00f3n (especificaciones, color, dise\u00f1o, etc.)<\/p>\n<p>Correas invisibles de 3\/8\u2033<br \/>\n\u2022 Fabricadas con TPU hipoalerg\u00e9nico, una alternativa m\u00e1s suave y resistente que las correas de l\u00e1tex o pl\u00e1stico.<br \/>\n\u2022 Reguladores y accesorios sin n\u00edquel.<br \/>\n\u2022 No s\u00f3lo para sujetadores, tambi\u00e9n se pueden usar con trajes de ba\u00f1o y vestidos.<br \/>\n\u2022 Claro o personalizado<br \/>\n\u2022 Elecci\u00f3n de diferentes tama\u00f1os<\/p>\n<p>Si desea obtener un precio de tirante de sujetador, p\u00f3ngase en contacto con nosotros.<\/p>","protected":false},"featured_media":1971,"comment_status":"open","ping_status":"closed","template":"","meta":[],"product_brand":[],"product_cat":[39,53],"product_tag":[],"class_list":{"0":"post-1968","1":"product","2":"type-product","3":"status-publish","4":"has-post-thumbnail","6":"product_cat-bra-strap","7":"product_cat-bra-accessories","9":"first","10":"instock","11":"shipping-taxable","12":"product-type-simple"},"_links":{"self":[{"href":"https:\/\/zaoyigarment.com\/es\/wp-json\/wp\/v2\/product\/1968","targetHints":{"allow":["GET"]}}],"collection":[{"href":"https:\/\/zaoyigarment.com\/es\/wp-json\/wp\/v2\/product"}],"about":[{"href":"https:\/\/zaoyigarment.com\/es\/wp-json\/wp\/v2\/types\/product"}],"replies":[{"embeddable":true,"href":"https:\/\/zaoyigarment.com\/es\/wp-json\/wp\/v2\/comments?post=1968"}],"wp:featuredmedia":[{"embeddable":true,"href":"https:\/\/zaoyigarment.com\/es\/wp-json\/wp\/v2\/media\/1971"}],"wp:attachment":[{"href":"https:\/\/zaoyigarment.com\/es\/wp-json\/wp\/v2\/media?parent=1968"}],"wp:term":[{"taxonomy":"product_brand","embeddable":true,"href":"https:\/\/zaoyigarment.com\/es\/wp-json\/wp\/v2\/product_brand?post=1968"},{"taxonomy":"product_cat","embeddable":true,"href":"https:\/\/zaoyigarment.com\/es\/wp-json\/wp\/v2\/product_cat?post=1968"},{"taxonomy":"product_tag","embeddable":true,"href":"https:\/\/zaoyigarment.com\/es\/wp-json\/wp\/v2\/product_tag?post=1968"}],"curies":[{"name":"wp","href":"https:\/\/api.w.org\/{rel}","templated":true}]}}