 {"id":1931,"date":"2023-12-29T06:16:54","date_gmt":"2023-12-29T06:16:54","guid":{"rendered":"https:\/\/zaoyigarment.com\/?post_type=product&#038;p=1931"},"modified":"2026-03-30T10:54:24","modified_gmt":"2026-03-30T10:54:24","slug":"bra-converter-bra-clasps-bra-clip","status":"publish","type":"product","link":"https:\/\/zaoyigarment.com\/es\/manufacturer\/bra-converter-bra-clasps-bra-clip\/","title":{"rendered":"Convertidor de sujetador Cierres de sujetador Clip de sujetador Adaptador de correa de sujetador"},"content":{"rendered":"<ul>\n<li><span class=\"a-list-item a-size-base a-color-base\"><strong>Elimine la molestia de que los tirantes del sujetador se caigan<\/strong> \u2013 Se ajusta f\u00e1cilmente para adaptarse a cualquier altura y los clips mantendr\u00e1n los tirantes del sujetador en su lugar y bien ocultos.<\/span><\/li>\n<\/ul>\n<ul class=\"a-unordered-list a-vertical a-spacing-small\">\n<li><span class=\"a-list-item a-size-base a-color-base\"><strong>Dise\u00f1o ergonomico<\/strong> \u2013 Transforma discretamente cualquier sujetador de forma f\u00e1cil y c\u00f3moda. El dise\u00f1o ergon\u00f3mico alivia las molestias y evita que los molestos tirantes del sujetador se claven en los hombros.<\/span><\/li>\n<\/ul>\n<ul class=\"a-unordered-list a-vertical a-spacing-small\">\n<li><span class=\"a-list-item a-size-base a-color-base\"><strong>Ocasi\u00f3n<\/strong> \u2013 Perfecto para espalda de nadador, vestidos, camisas, blusas, tops deportivos y m\u00e1s. Transforma discretamente cualquier sujetador de forma f\u00e1cil y c\u00f3moda. Se engancha a la parte superior de tu bikini para una apariencia m\u00e1s completa y sexy.<\/span><\/li>\n<\/ul>\n<ul class=\"a-unordered-list a-vertical a-spacing-small\">\n<li><span class=\"a-list-item a-size-base a-color-base\"><strong>Juego de clips para tirantes de sujetador de gran valor<\/strong> \u2013 9 clips de sujetador, 3 extensores de sujetador y 3 soportes para correas de sujetador en colores tradicionales blanco, negro y beige.<\/span><\/li>\n<li><span class=\"a-list-item a-size-base a-color-base\"><strong>Aumentar el tama\u00f1o de la copa:<\/strong> Cuando usas los clips del sujetador en la parte posterior, puedes ajustar el tama\u00f1o de la copa. Ayuda a darle m\u00e1s soporte a sus senos, aumentar el tama\u00f1o de la copa y hacer que su escote sea m\u00e1s lleno y sexy.<\/span><\/li>\n<li><span class=\"a-list-item a-size-base a-color-base\"><strong>Tama\u00f1o adecuado:<\/strong> El tama\u00f1o de cada clip de correa de sujetador para la espalda es de aproximadamente 1,8 \u00d7 1,4 pulgadas. Es adecuado para cualquier sujetador con tirantes normales. Puede ayudarte a ajustar tu sujetador de forma f\u00e1cil y c\u00f3moda.<\/span><\/li>\n<\/ul>","protected":false},"excerpt":{"rendered":"<p>Fabricante y proveedor de convertidores de sujetadores personalizados Zaoyi en China<\/p>\n<p>\u2013 Cantidad m\u00ednima de pedido: 3000 unidades<br \/>\n\u2013 Servicio OEM\/ODM ofrecido<br \/>\n\u2013 Muestra gratuita disponible<br \/>\n\u2013 Reciclaje de sujetadores<br \/>\n\u2013 Tiempo de preparaci\u00f3n de 20 a 30 d\u00edas para pedidos personalizados<br \/>\n\u2013 Aceptar personalizaci\u00f3n (especificaciones, color, dise\u00f1o, etc.)<\/p>\n<p>1)Perfecto para espalda de nadador, vestidos, camisas, blusas, tops deportivos y m\u00e1s.<br \/>\nTransforma discretamente cualquier sujetador de forma f\u00e1cil y c\u00f3moda. Se engancha a la parte superior de tu bikini para una apariencia m\u00e1s completa y sexy.<br \/>\n2)100% polipropileno<br \/>\n3) Se puede transformar la correa del sujetador.<br \/>\n4)Color vibrante, antidecoloraci\u00f3n.<br \/>\n5)Personalizaci\u00f3n de bricolaje<\/p>\n<p>Si desea obtener precios de convertidores de sujetadores, p\u00f3ngase en contacto con nosotros.<\/p>","protected":false},"featured_media":1936,"comment_status":"open","ping_status":"closed","template":"","meta":[],"product_brand":[],"product_cat":[39,53],"product_tag":[],"class_list":{"0":"post-1931","1":"product","2":"type-product","3":"status-publish","4":"has-post-thumbnail","6":"product_cat-bra-strap","7":"product_cat-bra-accessories","9":"first","10":"instock","11":"shipping-taxable","12":"product-type-simple"},"_links":{"self":[{"href":"https:\/\/zaoyigarment.com\/es\/wp-json\/wp\/v2\/product\/1931","targetHints":{"allow":["GET"]}}],"collection":[{"href":"https:\/\/zaoyigarment.com\/es\/wp-json\/wp\/v2\/product"}],"about":[{"href":"https:\/\/zaoyigarment.com\/es\/wp-json\/wp\/v2\/types\/product"}],"replies":[{"embeddable":true,"href":"https:\/\/zaoyigarment.com\/es\/wp-json\/wp\/v2\/comments?post=1931"}],"wp:featuredmedia":[{"embeddable":true,"href":"https:\/\/zaoyigarment.com\/es\/wp-json\/wp\/v2\/media\/1936"}],"wp:attachment":[{"href":"https:\/\/zaoyigarment.com\/es\/wp-json\/wp\/v2\/media?parent=1931"}],"wp:term":[{"taxonomy":"product_brand","embeddable":true,"href":"https:\/\/zaoyigarment.com\/es\/wp-json\/wp\/v2\/product_brand?post=1931"},{"taxonomy":"product_cat","embeddable":true,"href":"https:\/\/zaoyigarment.com\/es\/wp-json\/wp\/v2\/product_cat?post=1931"},{"taxonomy":"product_tag","embeddable":true,"href":"https:\/\/zaoyigarment.com\/es\/wp-json\/wp\/v2\/product_tag?post=1931"}],"curies":[{"name":"wp","href":"https:\/\/api.w.org\/{rel}","templated":true}]}}