 {"id":1919,"date":"2023-12-29T02:18:39","date_gmt":"2023-12-29T02:18:39","guid":{"rendered":"https:\/\/zaoyigarment.com\/?post_type=product&#038;p=1919"},"modified":"2025-10-20T02:31:14","modified_gmt":"2025-10-20T02:31:14","slug":"stick-on-bra-lifting-adhesive-sticky-bra","status":"publish","type":"product","link":"https:\/\/zaoyigarment.com\/es\/manufacturer\/stick-on-bra-lifting-adhesive-sticky-bra\/","title":{"rendered":"Sujetador adhesivo para levantamiento de sujetador adhesivo adhesivo"},"content":{"rendered":"<div data-zone-id=\"0\" data-line-index=\"0\" data-line=\"true\">\n<ul>\n<li><span class=\"a-list-item\"><strong>S<\/strong><\/span><strong>INSERTAR:<\/strong> 6,5-12 cm de di\u00e1metro, personalizado<\/li>\n<li><strong>COLOR:\u00a0<\/strong>Desnudo o personalizado<\/li>\n<li><span class=\"a-list-item\"><strong>BENEFICIOS:<\/strong> Ajuste sin dejar rastro, resistencia al sudor, forma flor\/redonda, seguridad.<\/span><\/li>\n<li><strong>M\u00c9TODO DE USO:<\/strong><\/li>\n<li>1. L\u00e1vese el pecho y las manos con agua limpia antes de usarlos y mant\u00e9ngalos limpios.<\/li>\n<li>2. Retira la pel\u00edcula protectora del producto, con el lado adhesivo hacia arriba, y col\u00f3cala en la palma de tu mano.<\/li>\n<li>3. Incline la parte superior del cuerpo hacia adelante, coloque suavemente el parche para el pecho en el \u00e1rea de enfoque y alise los bordes del parche para el pecho con las manos para que se ajuste perfectamente a la piel.<\/li>\n<li>4. Sin sensaci\u00f3n de carga de peso ni de cuerpo extra\u00f1o, visualizaci\u00f3n perfecta de sus senos, adecuada para diversas ocasiones<\/li>\n<\/ul>\n<\/div>\n<ul class=\"a-unordered-list a-vertical a-spacing-mini\">\n<li><span class=\"a-list-item\"><strong>M\u00c9TODO DE LAVADO:<\/strong><\/span><\/li>\n<li><span class=\"a-list-item\">1.Utilice agua tibia o champ\u00fa neutro, jab\u00f3n para platos para hacer espuma suavemente y lave con movimientos circulares.<\/span><\/li>\n<li><span class=\"a-list-item\">2.Enjuague con agua limpia. Tenga cuidado de no utilizar las u\u00f1as para evitar lesiones.<\/span><\/li>\n<li>3. Despu\u00e9s de la limpieza, colgar para secar y evitar la luz solar directa.<\/li>\n<li>4. Despu\u00e9s de limpiar y secar, coloque la pel\u00edcula protectora. Un lado perder\u00e1 su pegajosidad si se mancha de polvo. El \u00e1rea de almacenamiento debe mantenerse alejada de la luz solar directa.<\/li>\n<li><strong>CONSEJOS IMPORTANTES:<\/strong><br \/>\nNo es adecuado si tiene problemas en la piel o cuando su piel est\u00e1 lesionada, infectada o quemada por el sol.<br \/>\nNo utilice este producto si est\u00e1 embarazada o amamantando, si es al\u00e9rgico a la silicona o si se ha sometido recientemente a una cirug\u00eda de aumento o reducci\u00f3n de senos.<br \/>\nSi se produce alguna anomal\u00eda en la piel durante el uso de este producto, suspenda su uso inmediatamente y consulte a su dermat\u00f3logo o especialista de la piel de inmediato.<\/li>\n<\/ul>","protected":false},"excerpt":{"rendered":"<p>Fabricante y proveedor de sujetadores adhesivos personalizados Zaoyi en China<\/p>\n<p>\u2013 Cantidad m\u00ednima de pedido: 3000 unidades<br \/>\n\u2013 Servicio OEM\/ODM ofrecido<br \/>\n\u2013 Muestra gratuita disponible<br \/>\n\u2013 Reciclaje de sujetadores<br \/>\n\u2013 Tiempo de preparaci\u00f3n de 25 a 35 d\u00edas para pedidos personalizados<br \/>\n\u2013 Aceptar personalizaci\u00f3n (especificaciones, color, dise\u00f1o, etc.)<\/p>\n<p>1) Las mejores soluciones de sujetadores para usar con vestidos de novia, vestidos sin espalda, trajes de ba\u00f1o, camisetas, etc.<br \/>\n2) Dise\u00f1o perfecto e inal\u00e1mbrico para la libertad<br \/>\n3) material liso y de calidad m\u00e9dica<br \/>\n4) Se puede hacer tela o patr\u00f3n personalizado en el sujetador.<br \/>\n5) Color de piel vibrante<br \/>\n6)Personalizaci\u00f3n de bricolaje<\/p>\n<p>Si desea ser estricto con los precios de los sujetadores, p\u00f3ngase en contacto con nosotros.<\/p>","protected":false},"featured_media":2816,"comment_status":"open","ping_status":"closed","template":"","meta":[],"product_brand":[],"product_cat":[36],"product_tag":[],"class_list":{"0":"post-1919","1":"product","2":"type-product","3":"status-publish","4":"has-post-thumbnail","6":"product_cat-sticky-bra","8":"first","9":"instock","10":"shipping-taxable","11":"product-type-simple"},"_links":{"self":[{"href":"https:\/\/zaoyigarment.com\/es\/wp-json\/wp\/v2\/product\/1919","targetHints":{"allow":["GET"]}}],"collection":[{"href":"https:\/\/zaoyigarment.com\/es\/wp-json\/wp\/v2\/product"}],"about":[{"href":"https:\/\/zaoyigarment.com\/es\/wp-json\/wp\/v2\/types\/product"}],"replies":[{"embeddable":true,"href":"https:\/\/zaoyigarment.com\/es\/wp-json\/wp\/v2\/comments?post=1919"}],"wp:featuredmedia":[{"embeddable":true,"href":"https:\/\/zaoyigarment.com\/es\/wp-json\/wp\/v2\/media\/2816"}],"wp:attachment":[{"href":"https:\/\/zaoyigarment.com\/es\/wp-json\/wp\/v2\/media?parent=1919"}],"wp:term":[{"taxonomy":"product_brand","embeddable":true,"href":"https:\/\/zaoyigarment.com\/es\/wp-json\/wp\/v2\/product_brand?post=1919"},{"taxonomy":"product_cat","embeddable":true,"href":"https:\/\/zaoyigarment.com\/es\/wp-json\/wp\/v2\/product_cat?post=1919"},{"taxonomy":"product_tag","embeddable":true,"href":"https:\/\/zaoyigarment.com\/es\/wp-json\/wp\/v2\/product_tag?post=1919"}],"curies":[{"name":"wp","href":"https:\/\/api.w.org\/{rel}","templated":true}]}}