 {"id":1402,"date":"2023-06-08T08:15:42","date_gmt":"2023-06-08T08:15:42","guid":{"rendered":"https:\/\/zaoyigarment.com\/?post_type=product&#038;p=1402"},"modified":"2026-04-17T01:04:43","modified_gmt":"2026-04-17T01:04:43","slug":"push-up-bras","status":"publish","type":"product","link":"https:\/\/zaoyigarment.com\/es\/manufacturer\/push-up-bras\/","title":{"rendered":"Sujetador Push Up | Sujetadores push-up sin tirantes Sujetador mariposa"},"content":{"rendered":"<ul class=\"a-unordered-list a-vertical a-spacing-mini\">\n<li><span class=\"a-list-item\"><strong>QUANTITY:<\/strong> 3000pcs for customized packing and bulk order<\/span><\/li>\n<li><span class=\"a-list-item\"><strong>MATERIAL:<\/strong> 80% nailon, 20% elastano<\/span><\/li>\n<li><span class=\"a-list-item\"><strong>BENEFICIOS:<\/strong> Gel de medio ambiente y seguridad, transpirable, celular, convexo, seguridad.<\/span><\/li>\n<li><span class=\"a-list-item\"><strong>DESIGN:<\/strong> Different design options, or can customized<\/span><\/li>\n<li><span class=\"a-list-item\"><strong>DIMENSIONS:<\/strong> A\/B\/C\/D\/E\/F\/H, customized<\/span><\/li>\n<li><span class=\"a-list-item a-size-base a-color-base\"><strong>SOPORTE FUERTE Y CORD\u00d3N AJUSTABLE:<\/strong> Excelente soporte es perfecto para levantar los senos. Con un solo tir\u00f3n, podr\u00e1s levantar instant\u00e1neamente la copa y mantener tus senos rectos. D\u00edgale adi\u00f3s al problema de la flacidez de los senos, d\u00e9 forma f\u00e1cilmente a la curva perfecta de los senos.<\/span><\/li>\n<li><span class=\"a-list-item a-size-base a-color-base\"><strong>TEJIDO Y ADHESIVO DE ENC\u00cdA RESPIRABLES PARA LA PIEL:<\/strong>El material est\u00e1 hecho de tela no tejida totalmente natural + silicona m\u00e9dica. El adhesivo de goma natural est\u00e1 cubierto con orificios de ventilaci\u00f3n que mantienen una excelente permeabilidad al aire mientras lo usa.<\/span><\/li>\n<li><span class=\"a-list-item a-size-base a-color-base\"><strong>DISE\u00d1O DE ALA EXQUISITO:<\/strong> El dise\u00f1o en forma de ala puede envolver mejor la piel del seno y prolongar el tiempo de adhesi\u00f3n. La tela de la superficie del sujetador tiene una textura similar a la de la piel, que puede ocultar bien las huellas del sujetador bajo una luz intensa. Como si no llevara nada puesto.<\/span><\/li>\n<li><span class=\"a-list-item a-size-base a-color-base\"><strong>WASHABLE:<\/strong> Adhesive bras are self-adhesive and remain sticky after being washed and air-dried. It can be used multiple times.<\/span><\/li>\n<li><span class=\"a-list-item a-size-base a-color-base\"><strong>FOR MANY OCCASIONS:<\/strong> Sujetador sin tirantes para cualquier estilo sexy, blusas sin espalda, trajes con cuello en V profundo, vestidos de noche sin espalda\/sin tirantes, vestidos de novia, vestidos escotados, vestidos de c\u00f3ctel, vestidos de fiesta, etc. Si\u00e9ntete libre de mostrar tu encanto femenino.<\/span><\/li>\n<\/ul>\n<h2><\/h2>\n<h2>Tabla de tallas de sujetador con im\u00e1genes<\/h2>\n\t<div class=\"img has-hover x md-x lg-x y md-y lg-y\" id=\"image_1669143578\">\n\t\t\t\t\t\t\t\t<div class=\"img-inner dark\" >\n\t\t\t<img loading=\"lazy\" decoding=\"async\" width=\"1020\" height=\"976\" src=\"https:\/\/zaoyigarment.com\/wp-content\/uploads\/2024\/01\/bra-size-calculator-1024x980.webp\" class=\"attachment-large size-large\" alt=\"calculadora de talla de sujetador\" srcset=\"https:\/\/zaoyigarment.com\/wp-content\/uploads\/2024\/01\/bra-size-calculator-1024x980.webp 1024w, https:\/\/zaoyigarment.com\/wp-content\/uploads\/2024\/01\/bra-size-calculator-300x287.webp 300w, https:\/\/zaoyigarment.com\/wp-content\/uploads\/2024\/01\/bra-size-calculator-768x735.webp 768w, https:\/\/zaoyigarment.com\/wp-content\/uploads\/2024\/01\/bra-size-calculator-1536x1471.webp 1536w, https:\/\/zaoyigarment.com\/wp-content\/uploads\/2024\/01\/bra-size-calculator-600x575.webp 600w, https:\/\/zaoyigarment.com\/wp-content\/uploads\/2024\/01\/bra-size-calculator.webp 2000w\" sizes=\"auto, (max-width: 1020px) 100vw, 1020px\" \/>\t\t\t\t\t\t\n\t\t\t\t\t<\/div>\n\t\t\t\t\t\t\t\t\n<style>\n#image_1669143578 {\n  width: 100%;\n}\n<\/style>\n\t<\/div>","protected":false},"excerpt":{"rendered":"<p>Fabricante y proveedor de sujetadores push-up sin tirantes personalizados Zaoyi en China<\/p>\n<p>\u2013 Cantidad m\u00ednima de pedido: 3000 unidades<br \/>\n\u2013 Servicio OEM\/ODM ofrecido<br \/>\n\u2013 Muestra gratuita disponible<br \/>\n\u2013 Reciclaje de sujetadores<br \/>\n\u2013 Tiempo de preparaci\u00f3n de 25 a 35 d\u00edas para pedidos personalizados<br \/>\n\u2013 Aceptar personalizaci\u00f3n (especificaciones, color, dise\u00f1o, etc.)<\/p>\n<p>1) Las mejores soluciones de sujetadores para usar con vestidos sin espalda, vestidos de novia, camisetas, etc.<br \/>\n2) Dise\u00f1o perfecto e inal\u00e1mbrico para la libertad<br \/>\n3) Tejido de nailon suave y delicado.<br \/>\n4)Can do customized fabric or pattern on the it<br \/>\n5)Color vibrante, anti-decoloraci\u00f3n<br \/>\n6)Personalizaci\u00f3n de bricolaje<\/p>\n<p>Si desea obtener precios de sujetadores push up sin tirantes, p\u00f3ngase en contacto con nosotros.<\/p>","protected":false},"featured_media":2801,"comment_status":"open","ping_status":"closed","template":"","meta":[],"product_brand":[],"product_cat":[15],"product_tag":[],"class_list":{"0":"post-1402","1":"product","2":"type-product","3":"status-publish","4":"has-post-thumbnail","6":"product_cat-push-up-bra","8":"first","9":"instock","10":"shipping-taxable","11":"product-type-simple"},"_links":{"self":[{"href":"https:\/\/zaoyigarment.com\/es\/wp-json\/wp\/v2\/product\/1402","targetHints":{"allow":["GET"]}}],"collection":[{"href":"https:\/\/zaoyigarment.com\/es\/wp-json\/wp\/v2\/product"}],"about":[{"href":"https:\/\/zaoyigarment.com\/es\/wp-json\/wp\/v2\/types\/product"}],"replies":[{"embeddable":true,"href":"https:\/\/zaoyigarment.com\/es\/wp-json\/wp\/v2\/comments?post=1402"}],"wp:featuredmedia":[{"embeddable":true,"href":"https:\/\/zaoyigarment.com\/es\/wp-json\/wp\/v2\/media\/2801"}],"wp:attachment":[{"href":"https:\/\/zaoyigarment.com\/es\/wp-json\/wp\/v2\/media?parent=1402"}],"wp:term":[{"taxonomy":"product_brand","embeddable":true,"href":"https:\/\/zaoyigarment.com\/es\/wp-json\/wp\/v2\/product_brand?post=1402"},{"taxonomy":"product_cat","embeddable":true,"href":"https:\/\/zaoyigarment.com\/es\/wp-json\/wp\/v2\/product_cat?post=1402"},{"taxonomy":"product_tag","embeddable":true,"href":"https:\/\/zaoyigarment.com\/es\/wp-json\/wp\/v2\/product_tag?post=1402"}],"curies":[{"name":"wp","href":"https:\/\/api.w.org\/{rel}","templated":true}]}}