 {"id":1393,"date":"2023-06-08T07:38:38","date_gmt":"2023-06-08T07:38:38","guid":{"rendered":"https:\/\/zaoyigarment.com\/?post_type=product&#038;p=1393"},"modified":"2026-05-05T12:19:44","modified_gmt":"2026-05-05T12:19:44","slug":"sticky-bra","status":"publish","type":"product","link":"https:\/\/zaoyigarment.com\/es\/manufacturer\/sticky-bra\/","title":{"rendered":"Sujetador pegajoso| Sujetador invisible adhesivo Push Up Lencer\u00eda de silicona"},"content":{"rendered":"<div id=\"featurebullets_feature_div\" class=\"celwidget\" data-feature-name=\"featurebullets\" data-csa-c-type=\"widget\" data-csa-c-content-id=\"featurebullets\" data-csa-c-slot-id=\"featurebullets_feature_div\" data-csa-c-asin=\"B07DF32D6Q\" data-csa-c-is-in-initial-active-row=\"false\" data-csa-c-id=\"3j0pnl-7cjnp-9t8psx-tspeog\">\n<div id=\"feature-bullets\" class=\"a-section a-spacing-medium a-spacing-top-small\">\n<div data-zone-id=\"0\" data-line-index=\"0\" data-line=\"true\">\n<ul>\n<li><span class=\"a-list-item\"><strong>S<\/strong><\/span><strong style=\"font-size: 14.4px;\">INSERTAR:<\/strong><span style=\"font-size: 14.4px;\"> A\/B\/C\/D, personalizado<\/span><\/li>\n<li><strong style=\"font-size: 14.4px;\">COLOR: <\/strong>Desnudo o personalizado<\/li>\n<li><span class=\"a-list-item\"><strong>BENEFICIOS:<\/strong> Ajuste sin dejar rastro, resistencia al sudor, forma redonda, seguridad.<\/span><\/li>\n<li><span class=\"a-list-item\"><strong>PUEDE ELEGIR DIFERENTES ESPESORES:<\/strong> Se pueden elegir espesores de 0,5 CM, 1,0 CM, 1,5 CM, 2,0 CM o personalizarlos.<\/span><\/li>\n<li><span class=\"a-list-item\"><strong>M\u00c9TODO DE USO:<\/strong> Coloque la copa para sujetar el pa\u00f1uelo, ajuste la posici\u00f3n, ajuste el clip frontal, presione los art\u00edculos para que encajen perfectamente.<\/span><\/li>\n<\/ul>\n<\/div>\n<ul class=\"a-unordered-list a-vertical a-spacing-mini\">\n<li><span class=\"a-list-item\"><strong>M\u00c9TODO DE LAVADO:<\/strong> <\/span><\/li>\n<li><span class=\"a-list-item\">1.Utilice agua tibia o champ\u00fa neutro, jab\u00f3n para platos para hacer espuma suavemente y lave con movimientos circulares.<\/span><\/li>\n<li><span class=\"a-list-item\">2.Enjuague con agua limpia. Tenga cuidado de no utilizar las u\u00f1as para evitar lesiones.<\/span><\/li>\n<li>3. Despu\u00e9s de la limpieza, colgar para secar y evitar la luz solar directa.<\/li>\n<li>4. Despu\u00e9s de limpiar y secar, coloque la pel\u00edcula protectora. Un lado perder\u00e1 su pegajosidad si se mancha de polvo. El \u00e1rea de almacenamiento debe mantenerse alejada de la luz solar directa.<\/li>\n<\/ul>\n<ul>\n<li><strong>CONSEJOS IMPORTANTES:<\/strong><br \/>\nNo es adecuado si tiene problemas en la piel o cuando su piel est\u00e1 lesionada, infectada o quemada por el sol.<br \/>\nNo utilice este producto si est\u00e1 embarazada o amamantando, si es al\u00e9rgico a la silicona o si se ha sometido recientemente a una cirug\u00eda de aumento o reducci\u00f3n de senos.<br \/>\nSi se produce alguna anomal\u00eda en la piel durante el uso de este producto, suspenda su uso inmediatamente y consulte a su dermat\u00f3logo o especialista de la piel de inmediato.<\/li>\n<\/ul>\n<\/div>\n<\/div>\n<div id=\"acf-carousel_feature_div\" class=\"celwidget\" data-feature-name=\"acf-carousel\" data-csa-c-type=\"widget\" data-csa-c-content-id=\"acf-carousel\" data-csa-c-slot-id=\"acf-carousel_feature_div\" data-csa-c-asin=\"B07DF32D6Q\" data-csa-c-is-in-initial-active-row=\"false\" data-csa-c-id=\"oqpgyr-mh4egp-nntzd2-kyiiqq\"><\/div>\n<div id=\"provenanceCertifications_feature_div\" class=\"celwidget\" data-feature-name=\"provenanceCertifications\" data-csa-c-type=\"widget\" data-csa-c-content-id=\"provenanceCertifications\" data-csa-c-slot-id=\"provenanceCertifications_feature_div\" data-csa-c-asin=\"B07DF32D6Q\" data-csa-c-is-in-initial-active-row=\"false\" data-csa-c-id=\"6t8ho-xbknmj-nqaso5-ne24gd\">\n<div id=\"provenance-certifications\" class=\"a-section a-spacing-medium a-spacing-top-micro\"><\/div>\n<\/div>\n<h2>Tabla de tallas de sujetador con im\u00e1genes<\/h2>\n\t<div class=\"img has-hover x md-x lg-x y md-y lg-y\" id=\"image_815978643\">\n\t\t\t\t\t\t\t\t<div class=\"img-inner dark\" >\n\t\t\t<img loading=\"lazy\" decoding=\"async\" width=\"1020\" height=\"976\" src=\"https:\/\/zaoyigarment.com\/wp-content\/uploads\/2024\/01\/bra-size-calculator-1024x980.webp\" class=\"attachment-large size-large\" alt=\"calculadora de talla de sujetador\" srcset=\"https:\/\/zaoyigarment.com\/wp-content\/uploads\/2024\/01\/bra-size-calculator-1024x980.webp 1024w, https:\/\/zaoyigarment.com\/wp-content\/uploads\/2024\/01\/bra-size-calculator-300x287.webp 300w, https:\/\/zaoyigarment.com\/wp-content\/uploads\/2024\/01\/bra-size-calculator-768x735.webp 768w, https:\/\/zaoyigarment.com\/wp-content\/uploads\/2024\/01\/bra-size-calculator-1536x1471.webp 1536w, https:\/\/zaoyigarment.com\/wp-content\/uploads\/2024\/01\/bra-size-calculator-600x575.webp 600w, https:\/\/zaoyigarment.com\/wp-content\/uploads\/2024\/01\/bra-size-calculator.webp 2000w\" sizes=\"auto, (max-width: 1020px) 100vw, 1020px\" \/>\t\t\t\t\t\t\n\t\t\t\t\t<\/div>\n\t\t\t\t\t\t\t\t\n<style>\n#image_815978643 {\n  width: 100%;\n}\n<\/style>\n\t<\/div>","protected":false},"excerpt":{"rendered":"<p>Fabricante y proveedor de sujetadores adhesivos personalizados Zaoyi en China<\/p>\n<p>\u2013 Cantidad m\u00ednima de pedido: 3000 unidades<br \/>\n\u2013 Servicio OEM\/ODM ofrecido<br \/>\n\u2013 Muestra gratuita disponible<br \/>\n\u2013 Reciclaje de sujetadores<br \/>\n\u2013 Tiempo de preparaci\u00f3n de 25 a 35 d\u00edas para pedidos personalizados<br \/>\n\u2013 Aceptar personalizaci\u00f3n (especificaciones, color, dise\u00f1o, etc.)<\/p>\n<p>1) Las mejores soluciones de sujetadores para usar con vestidos de novia, vestidos sin espalda, camisetas, etc.<br \/>\n2) Dise\u00f1o perfecto e inal\u00e1mbrico para la libertad<br \/>\n3) material liso y de calidad m\u00e9dica<br \/>\n4) Se puede hacer tela o patr\u00f3n personalizado en el sujetador.<br \/>\n5) Color de piel vibrante<br \/>\n6)Personalizaci\u00f3n de bricolaje<\/p>\n<p>Si desea obtener precios de sujetadores fijos, p\u00f3ngase en contacto con nosotros.<\/p>","protected":false},"featured_media":2791,"comment_status":"open","ping_status":"closed","template":"","meta":[],"product_brand":[],"product_cat":[36],"product_tag":[],"class_list":{"0":"post-1393","1":"product","2":"type-product","3":"status-publish","4":"has-post-thumbnail","6":"product_cat-silicone-bra","8":"first","9":"instock","10":"shipping-taxable","11":"product-type-simple"},"_links":{"self":[{"href":"https:\/\/zaoyigarment.com\/es\/wp-json\/wp\/v2\/product\/1393","targetHints":{"allow":["GET"]}}],"collection":[{"href":"https:\/\/zaoyigarment.com\/es\/wp-json\/wp\/v2\/product"}],"about":[{"href":"https:\/\/zaoyigarment.com\/es\/wp-json\/wp\/v2\/types\/product"}],"replies":[{"embeddable":true,"href":"https:\/\/zaoyigarment.com\/es\/wp-json\/wp\/v2\/comments?post=1393"}],"wp:featuredmedia":[{"embeddable":true,"href":"https:\/\/zaoyigarment.com\/es\/wp-json\/wp\/v2\/media\/2791"}],"wp:attachment":[{"href":"https:\/\/zaoyigarment.com\/es\/wp-json\/wp\/v2\/media?parent=1393"}],"wp:term":[{"taxonomy":"product_brand","embeddable":true,"href":"https:\/\/zaoyigarment.com\/es\/wp-json\/wp\/v2\/product_brand?post=1393"},{"taxonomy":"product_cat","embeddable":true,"href":"https:\/\/zaoyigarment.com\/es\/wp-json\/wp\/v2\/product_cat?post=1393"},{"taxonomy":"product_tag","embeddable":true,"href":"https:\/\/zaoyigarment.com\/es\/wp-json\/wp\/v2\/product_tag?post=1393"}],"curies":[{"name":"wp","href":"https:\/\/api.w.org\/{rel}","templated":true}]}}