 {"id":2949,"date":"2024-09-30T02:30:51","date_gmt":"2024-09-30T02:30:51","guid":{"rendered":"https:\/\/zaoyigarment.com\/?post_type=product&#038;p=2949"},"modified":"2026-03-22T10:31:35","modified_gmt":"2026-03-22T10:31:35","slug":"breast-body-tape","status":"publish","type":"product","link":"https:\/\/zaoyigarment.com\/de\/manufacturer\/breast-body-tape\/","title":{"rendered":"Brust-K\u00f6rperband, Boob Tapes, selbstklebender BH, Bruststraffungsband"},"content":{"rendered":"<div id=\"featurebullets_feature_div\" class=\"celwidget\" data-feature-name=\"featurebullets\" data-csa-c-type=\"widget\" data-csa-c-content-id=\"featurebullets\" data-csa-c-slot-id=\"featurebullets_feature_div\" data-csa-c-asin=\"B07DF32D6Q\" data-csa-c-is-in-initial-active-row=\"false\" data-csa-c-id=\"3j0pnl-7cjnp-9t8psx-tspeog\">\n<div id=\"feature-bullets\" class=\"a-section a-spacing-medium a-spacing-top-small\">\n<ul class=\"a-unordered-list a-vertical a-spacing-mini\">\n<li>\n<div data-zone-id=\"0\" data-line-index=\"0\" data-line=\"true\">\n<div data-zone-id=\"0\" data-line-index=\"0\" data-line=\"true\"><strong style=\"font-size: 14.4px;\">GR\u00d6SSE:<\/strong><span style=\"font-size: 14.4px;\"> Die normale Breite betr\u00e4gt 2,5 cm, 3,8 cm, 5 cm, 7,5 cm, 10 cm, die L\u00e4nge kann zwischen 3 m, 4 m und 5 m gew\u00e4hlt werden. Die Gr\u00f6\u00dfe des inneren Farbkastens betr\u00e4gt 7,5 x 6,5 x 7,5 cm, 11,5 x 8 x 8 cm. Alle Gr\u00f6\u00dfen individuell angepasst<\/span><\/div>\n<\/div>\n<\/li>\n<li><span class=\"a-list-item\"><strong>MATERIAL:<\/strong> Baumwolle+Spandex<\/span><\/li>\n<li><span class=\"a-list-item\"><strong>MAXIMIERUNG DER PORTABILIT\u00c4T:<\/strong> Erleichtern Sie die Lagerung und den Transport<\/span><\/li>\n<li><span class=\"a-list-item\"><strong>IN GROSSEN PACKUNGEN VERF\u00dcGBAR:<\/strong> Wird in Gro\u00dfpackungen mit 1000 St\u00fcck zu erschwinglichen Gro\u00dfhandelspreisen angeboten, um sicherzustellen, dass Sie immer auf Lager sind und Ihr Budget einh\u00e4lt<\/span><\/li>\n<li><span class=\"a-list-item\"><strong>PERFEKT F\u00dcR HOCHZEITEN, BESONDERE VERANSTALTUNGEN UND PARTEIEN MIT CATERING:<\/strong> Verleihen Sie mit diesem einzigartigen Klebeband ein unvergessliches Selbstvertrauen bei Hochzeiten, Banketten und Partys<\/span><\/li>\n<li><strong>Tipps:<\/strong>Bitte beachten Sie, dass dieses Produkt einen starken Halt hat!<br \/>\nManche Frauen haben d\u00fcnne Haut um ihr Schl\u00fcsselbein oder den oberen Brustbereich. Tragen Sie das Produkt nicht l\u00e4nger als 8 Stunden. Seien Sie bitte sehr vorsichtig, wenn Sie an diesen Stellen Klebeband anbringen.<br \/>\nSetzen Sie das Produkt w\u00e4hrend des Gebrauchs keiner l\u00e4ngeren Sonneneinstrahlung oder Hitze aus. Dies kann zu Hautreizungen f\u00fchren. Nicht im Produkt sonnenbaden.<\/li>\n<li><b>Bitte beachten Sie:<\/b><br \/>\n<b>Wie vermeidet man Hautallergien und rissige Hautprobleme?<\/b><\/p>\n<ul>\n<li>F\u00fchren Sie einen einfachen Hautempfindlichkeitstest durch<\/li>\n<li>Lassen Sie das Klebeband nicht l\u00e4nger als 12 Stunden auf Ihrer Haut<\/li>\n<li>Nicht geeignet f\u00fcr schwangere Frauen, Stillende oder Menschen mit empfindlicher\/empfindlicher Haut<\/li>\n<li>Bitte denken Sie daran, warmes Wasser oder \u00e4therisches \u00d6l zu verwenden, um das Brustband langsam und vorsichtig zu entfernen, um ein Einrei\u00dfen der Haut zu verhindern. Ein zu schnelles Abrei\u00dfen kann zu Verletzungen f\u00fchren. Sie k\u00f6nnen auch ein hei\u00dfes Bad nehmen, um es loszuwerden<\/li>\n<\/ul>\n<p><b>Wie f\u00fchrt man einen einfachen Hauttest durch, um festzustellen, ob die Haut empfindlich ist oder nicht?<\/b><\/p>\n<ol>\n<li>Sie k\u00f6nnen einen kleinen Streifen Klebeband abschneiden, ihn auf die Innenseite Ihres Arms kleben und ihn dann nach 6 Stunden abrei\u00dfen.<\/li>\n<li>Beobachten Sie Ihre Haut.<\/li>\n<li>Wenn Sie nach dem Test eine unerw\u00fcnschte Reaktion versp\u00fcren (z. B. R\u00f6tung, Brennen oder Unwohlsein), beenden Sie die Verwendung dieses Bandes bitte sofort.<\/li>\n<\/ol>\n<\/li>\n<\/ul>\n<\/div>\n<\/div>\n\t<div class=\"img has-hover x md-x lg-x y md-y lg-y\" id=\"image_1720655917\">\n\t\t\t\t\t\t\t\t<div class=\"img-inner dark\" >\n\t\t\t<img loading=\"lazy\" decoding=\"async\" width=\"1020\" height=\"1020\" src=\"https:\/\/zaoyigarment.com\/wp-content\/uploads\/2024\/09\/how-to-use-bra-tape-1024x1024.webp\" class=\"attachment-large size-large\" alt=\"wie man BH-Klebeband verwendet\" srcset=\"https:\/\/zaoyigarment.com\/wp-content\/uploads\/2024\/09\/how-to-use-bra-tape-1024x1024.webp 1024w, https:\/\/zaoyigarment.com\/wp-content\/uploads\/2024\/09\/how-to-use-bra-tape-300x300.webp 300w, https:\/\/zaoyigarment.com\/wp-content\/uploads\/2024\/09\/how-to-use-bra-tape-150x150.webp 150w, https:\/\/zaoyigarment.com\/wp-content\/uploads\/2024\/09\/how-to-use-bra-tape-768x768.webp 768w, https:\/\/zaoyigarment.com\/wp-content\/uploads\/2024\/09\/how-to-use-bra-tape-1536x1536.webp 1536w, https:\/\/zaoyigarment.com\/wp-content\/uploads\/2024\/09\/how-to-use-bra-tape-2048x2048.webp 2048w, https:\/\/zaoyigarment.com\/wp-content\/uploads\/2024\/09\/how-to-use-bra-tape-12x12.webp 12w, https:\/\/zaoyigarment.com\/wp-content\/uploads\/2024\/09\/how-to-use-bra-tape-600x600.webp 600w, https:\/\/zaoyigarment.com\/wp-content\/uploads\/2024\/09\/how-to-use-bra-tape-100x100.webp 100w\" sizes=\"auto, (max-width: 1020px) 100vw, 1020px\" \/>\t\t\t\t\t\t\n\t\t\t\t\t<\/div>\n\t\t\t\t\t\t\t\t\n<style>\n#image_1720655917 {\n  width: 100%;\n}\n<\/style>\n\t<\/div>\n\t\n\t<div class=\"img has-hover x md-x lg-x y md-y lg-y\" id=\"image_561079286\">\n\t\t\t\t\t\t\t\t<div class=\"img-inner dark\" >\n\t\t\t<img loading=\"lazy\" decoding=\"async\" width=\"1020\" height=\"1020\" src=\"https:\/\/zaoyigarment.com\/wp-content\/uploads\/2024\/09\/nude-bra-tape-1024x1024.webp\" class=\"attachment-large size-large\" alt=\"nacktes BH-Band\" srcset=\"https:\/\/zaoyigarment.com\/wp-content\/uploads\/2024\/09\/nude-bra-tape-1024x1024.webp 1024w, https:\/\/zaoyigarment.com\/wp-content\/uploads\/2024\/09\/nude-bra-tape-300x300.webp 300w, https:\/\/zaoyigarment.com\/wp-content\/uploads\/2024\/09\/nude-bra-tape-150x150.webp 150w, https:\/\/zaoyigarment.com\/wp-content\/uploads\/2024\/09\/nude-bra-tape-768x768.webp 768w, https:\/\/zaoyigarment.com\/wp-content\/uploads\/2024\/09\/nude-bra-tape-1536x1536.webp 1536w, https:\/\/zaoyigarment.com\/wp-content\/uploads\/2024\/09\/nude-bra-tape-2048x2048.webp 2048w, https:\/\/zaoyigarment.com\/wp-content\/uploads\/2024\/09\/nude-bra-tape-12x12.webp 12w, https:\/\/zaoyigarment.com\/wp-content\/uploads\/2024\/09\/nude-bra-tape-600x600.webp 600w, https:\/\/zaoyigarment.com\/wp-content\/uploads\/2024\/09\/nude-bra-tape-100x100.webp 100w\" sizes=\"auto, (max-width: 1020px) 100vw, 1020px\" \/>\t\t\t\t\t\t\n\t\t\t\t\t<\/div>\n\t\t\t\t\t\t\t\t\n<style>\n#image_561079286 {\n  width: 100%;\n}\n<\/style>\n\t<\/div>","protected":false},"excerpt":{"rendered":"<p>Zaoyi Custom Breast Body Tape Hersteller und Lieferant in China<\/p>\n<p>\u2013 Mindestbestellmenge: 3000 St\u00fcck<br \/>\n\u2013 OEM\/ODM-Service angeboten<br \/>\n\u2013 Kostenlose Probe verf\u00fcgbar<br \/>\n\u2013 Akzeptieren Sie Anpassungen (Spezifikationen, Farbe, Design usw.)<\/p>\n<p>Wenn Sie Preise f\u00fcr Brust-Body-Tape erfahren m\u00f6chten, setzen Sie sich bitte mit uns in Verbindung.<\/p>","protected":false},"featured_media":2956,"comment_status":"open","ping_status":"closed","template":"","meta":[],"product_brand":[],"product_cat":[38],"product_tag":[],"class_list":{"0":"post-2949","1":"product","2":"type-product","3":"status-publish","4":"has-post-thumbnail","6":"product_cat-bra-tape","8":"first","9":"instock","10":"shipping-taxable","11":"product-type-simple"},"_links":{"self":[{"href":"https:\/\/zaoyigarment.com\/de\/wp-json\/wp\/v2\/product\/2949","targetHints":{"allow":["GET"]}}],"collection":[{"href":"https:\/\/zaoyigarment.com\/de\/wp-json\/wp\/v2\/product"}],"about":[{"href":"https:\/\/zaoyigarment.com\/de\/wp-json\/wp\/v2\/types\/product"}],"replies":[{"embeddable":true,"href":"https:\/\/zaoyigarment.com\/de\/wp-json\/wp\/v2\/comments?post=2949"}],"wp:featuredmedia":[{"embeddable":true,"href":"https:\/\/zaoyigarment.com\/de\/wp-json\/wp\/v2\/media\/2956"}],"wp:attachment":[{"href":"https:\/\/zaoyigarment.com\/de\/wp-json\/wp\/v2\/media?parent=2949"}],"wp:term":[{"taxonomy":"product_brand","embeddable":true,"href":"https:\/\/zaoyigarment.com\/de\/wp-json\/wp\/v2\/product_brand?post=2949"},{"taxonomy":"product_cat","embeddable":true,"href":"https:\/\/zaoyigarment.com\/de\/wp-json\/wp\/v2\/product_cat?post=2949"},{"taxonomy":"product_tag","embeddable":true,"href":"https:\/\/zaoyigarment.com\/de\/wp-json\/wp\/v2\/product_tag?post=2949"}],"curies":[{"name":"wp","href":"https:\/\/api.w.org\/{rel}","templated":true}]}}