 {"id":2724,"date":"2024-08-22T02:57:54","date_gmt":"2024-08-22T02:57:54","guid":{"rendered":"https:\/\/zaoyigarment.com\/?post_type=product&#038;p=2724"},"modified":"2026-05-05T12:18:53","modified_gmt":"2026-05-05T12:18:53","slug":"self-adhesive-push-up-bras","status":"publish","type":"product","link":"https:\/\/zaoyigarment.com\/de\/manufacturer\/self-adhesive-push-up-bras\/","title":{"rendered":"Selbstklebender Push-Up-BH Mangof\u00f6rmiger, r\u00fcckenfreier, unsichtbarer BH"},"content":{"rendered":"<ul class=\"a-unordered-list a-vertical a-spacing-mini\">\n<li><span class=\"a-list-item\"><strong>\ud83c\udf6aNAME:<\/strong> Klebe-BH, Klebe-BH, unsichtbarer BH<\/span><\/li>\n<li><span class=\"a-list-item\"><strong>\ud83c\udf6aFORMEN:<\/strong> Mango-Form<\/span><\/li>\n<li><span class=\"a-list-item\"><strong>\ud83c\udf6aKABELLOS:<\/strong> Ja<\/span><\/li>\n<li><span class=\"a-list-item\"><strong>\ud83c\udf6aPRODUKTFARBE:<\/strong> Nude, Schwarz, Braun, individuell gestaltet.<\/span><\/li>\n<li><span class=\"a-list-item\">\ud83c\udf6a<strong>GR\u00d6SSEN:<\/strong> individuell angepasst<\/span><\/li>\n<li><span class=\"a-list-item\">\ud83c\udf6a<strong>ANWENDUNG:<\/strong> Hochzeit, sexy Outfit, Party, Bankett, Freizeit usw.<\/span><\/li>\n<li><span class=\"a-color-base\"><span class=\"a-list-item\"><strong>\ud83c\udf6aMATERIALTYP: <\/strong>Silikon<\/span><\/span><\/li>\n<li><span class=\"a-color-base\"><span class=\"a-list-item\"><strong>\ud83c\udf6aPFLEGEHINWEISE: <\/strong>wiederverwendbar<\/span><\/span><\/li>\n<li><strong><span class=\"a-color-base\"><span class=\"a-list-item\">\ud83c\udf6a<\/span><\/span>WICHTIGE TIPPS:<\/strong><br \/>\nNicht geeignet, wenn Sie Hautprobleme haben oder wenn Ihre Haut verletzt, infiziert oder sonnenverbrannt ist.<br \/>\nBitte verwenden Sie dieses Produkt nicht, wenn Sie schwanger sind oder stillen, wenn Sie allergisch auf Kieselgel reagieren oder wenn bei Ihnen vor Kurzem eine Brustvergr\u00f6\u00dferung oder Brustverkleinerung durchgef\u00fchrt wurde.<br \/>\nSollten w\u00e4hrend der Anwendung dieses Produkts Hautanomalien auftreten, brechen Sie die Anwendung sofort ab und wenden Sie sich umgehend an Ihren Hautarzt oder Hautspezialisten.<\/li>\n<\/ul>\n<h2><\/h2>\n<h2>BH-Gr\u00f6\u00dfentabelle mit Bildern<\/h2>\n\t<div class=\"img has-hover x md-x lg-x y md-y lg-y\" id=\"image_872967906\">\n\t\t\t\t\t\t\t\t<div class=\"img-inner dark\" >\n\t\t\t<img loading=\"lazy\" decoding=\"async\" width=\"1000\" height=\"1000\" src=\"https:\/\/zaoyigarment.com\/wp-content\/uploads\/2024\/06\/backless-bra.webp\" class=\"attachment-large size-large\" alt=\"r\u00fcckenfreier BH\" srcset=\"https:\/\/zaoyigarment.com\/wp-content\/uploads\/2024\/06\/backless-bra.webp 1000w, https:\/\/zaoyigarment.com\/wp-content\/uploads\/2024\/06\/backless-bra-300x300.webp 300w, https:\/\/zaoyigarment.com\/wp-content\/uploads\/2024\/06\/backless-bra-150x150.webp 150w, https:\/\/zaoyigarment.com\/wp-content\/uploads\/2024\/06\/backless-bra-768x768.webp 768w, https:\/\/zaoyigarment.com\/wp-content\/uploads\/2024\/06\/backless-bra-12x12.webp 12w, https:\/\/zaoyigarment.com\/wp-content\/uploads\/2024\/06\/backless-bra-600x600.webp 600w, https:\/\/zaoyigarment.com\/wp-content\/uploads\/2024\/06\/backless-bra-100x100.webp 100w\" sizes=\"auto, (max-width: 1000px) 100vw, 1000px\" \/>\t\t\t\t\t\t\n\t\t\t\t\t<\/div>\n\t\t\t\t\t\t\t\t\n<style>\n#image_872967906 {\n  width: 100%;\n}\n<\/style>\n\t<\/div>\n\t\n\t<div class=\"img has-hover x md-x lg-x y md-y lg-y\" id=\"image_2101196713\">\n\t\t\t\t\t\t\t\t<div class=\"img-inner dark\" >\n\t\t\t<img loading=\"lazy\" decoding=\"async\" width=\"1000\" height=\"1000\" src=\"https:\/\/zaoyigarment.com\/wp-content\/uploads\/2024\/06\/front-closure-sticky-bra.webp\" class=\"attachment-large size-large\" alt=\"Klebe-BH mit Frontverschluss\" srcset=\"https:\/\/zaoyigarment.com\/wp-content\/uploads\/2024\/06\/front-closure-sticky-bra.webp 1000w, https:\/\/zaoyigarment.com\/wp-content\/uploads\/2024\/06\/front-closure-sticky-bra-300x300.webp 300w, https:\/\/zaoyigarment.com\/wp-content\/uploads\/2024\/06\/front-closure-sticky-bra-150x150.webp 150w, https:\/\/zaoyigarment.com\/wp-content\/uploads\/2024\/06\/front-closure-sticky-bra-768x768.webp 768w, https:\/\/zaoyigarment.com\/wp-content\/uploads\/2024\/06\/front-closure-sticky-bra-12x12.webp 12w, https:\/\/zaoyigarment.com\/wp-content\/uploads\/2024\/06\/front-closure-sticky-bra-600x600.webp 600w, https:\/\/zaoyigarment.com\/wp-content\/uploads\/2024\/06\/front-closure-sticky-bra-100x100.webp 100w\" sizes=\"auto, (max-width: 1000px) 100vw, 1000px\" \/>\t\t\t\t\t\t\n\t\t\t\t\t<\/div>\n\t\t\t\t\t\t\t\t\n<style>\n#image_2101196713 {\n  width: 100%;\n}\n<\/style>\n\t<\/div>\n\t\n\t<div class=\"img has-hover x md-x lg-x y md-y lg-y\" id=\"image_1531517233\">\n\t\t\t\t\t\t\t\t<div class=\"img-inner dark\" >\n\t\t\t<img loading=\"lazy\" decoding=\"async\" width=\"1000\" height=\"1000\" src=\"https:\/\/zaoyigarment.com\/wp-content\/uploads\/2024\/06\/silicone-bra-size-chart.webp\" class=\"attachment-large size-large\" alt=\"Gr\u00f6\u00dfentabelle f\u00fcr Silikon-BHs\" srcset=\"https:\/\/zaoyigarment.com\/wp-content\/uploads\/2024\/06\/silicone-bra-size-chart.webp 1000w, https:\/\/zaoyigarment.com\/wp-content\/uploads\/2024\/06\/silicone-bra-size-chart-300x300.webp 300w, https:\/\/zaoyigarment.com\/wp-content\/uploads\/2024\/06\/silicone-bra-size-chart-150x150.webp 150w, https:\/\/zaoyigarment.com\/wp-content\/uploads\/2024\/06\/silicone-bra-size-chart-768x768.webp 768w, https:\/\/zaoyigarment.com\/wp-content\/uploads\/2024\/06\/silicone-bra-size-chart-12x12.webp 12w, https:\/\/zaoyigarment.com\/wp-content\/uploads\/2024\/06\/silicone-bra-size-chart-600x600.webp 600w, https:\/\/zaoyigarment.com\/wp-content\/uploads\/2024\/06\/silicone-bra-size-chart-100x100.webp 100w\" sizes=\"auto, (max-width: 1000px) 100vw, 1000px\" \/>\t\t\t\t\t\t\n\t\t\t\t\t<\/div>\n\t\t\t\t\t\t\t\t\n<style>\n#image_1531517233 {\n  width: 100%;\n}\n<\/style>\n\t<\/div>","protected":false},"excerpt":{"rendered":"<p>Zaoyi Custom Mango Push-Up BH Hersteller und Lieferant in China<\/p>\n<p>\u2013 Mindestbestellmenge: 3000 St\u00fcck<br \/>\n\u2013 OEM\/ODM-Service angeboten<br \/>\n\u2013 Kostenlose Probe verf\u00fcgbar<br \/>\n\u2013 BH-Recycling<br \/>\n\u2013 25\u201335 Tage Lieferzeit f\u00fcr individuelle Bestellung<br \/>\n\u2013 Akzeptieren Sie Anpassungen (Spezifikationen, Farbe, Design usw.)<\/p>\n<p>1) Die besten BH-L\u00f6sungen zum Tragen mit sexy Outfits, r\u00fcckenfreien Kleidern, Brautkleidern, T-Shirts usw.<br \/>\n2) Nahtloses und unterst\u00fctzendes Design f\u00fcr Komfort<br \/>\n3) Glattes und medizinisches Gel<br \/>\n4)Kann individuelle Stoffe oder Muster auf der Brustwarzenabdeckung anbringen<br \/>\n5)Vibrant color, anti-fading<br \/>\n6)DIY-Anpassung<\/p>\n<p>Bitte kontaktieren Sie uns, wenn Sie Preise f\u00fcr selbstklebende Push-up-BHs von Mango erfahren m\u00f6chten.<\/p>","protected":false},"featured_media":2728,"comment_status":"open","ping_status":"closed","template":"","meta":[],"product_brand":[],"product_cat":[15],"product_tag":[],"class_list":{"0":"post-2724","1":"product","2":"type-product","3":"status-publish","4":"has-post-thumbnail","6":"product_cat-push-up-bra","8":"first","9":"instock","10":"shipping-taxable","11":"product-type-simple"},"_links":{"self":[{"href":"https:\/\/zaoyigarment.com\/de\/wp-json\/wp\/v2\/product\/2724","targetHints":{"allow":["GET"]}}],"collection":[{"href":"https:\/\/zaoyigarment.com\/de\/wp-json\/wp\/v2\/product"}],"about":[{"href":"https:\/\/zaoyigarment.com\/de\/wp-json\/wp\/v2\/types\/product"}],"replies":[{"embeddable":true,"href":"https:\/\/zaoyigarment.com\/de\/wp-json\/wp\/v2\/comments?post=2724"}],"wp:featuredmedia":[{"embeddable":true,"href":"https:\/\/zaoyigarment.com\/de\/wp-json\/wp\/v2\/media\/2728"}],"wp:attachment":[{"href":"https:\/\/zaoyigarment.com\/de\/wp-json\/wp\/v2\/media?parent=2724"}],"wp:term":[{"taxonomy":"product_brand","embeddable":true,"href":"https:\/\/zaoyigarment.com\/de\/wp-json\/wp\/v2\/product_brand?post=2724"},{"taxonomy":"product_cat","embeddable":true,"href":"https:\/\/zaoyigarment.com\/de\/wp-json\/wp\/v2\/product_cat?post=2724"},{"taxonomy":"product_tag","embeddable":true,"href":"https:\/\/zaoyigarment.com\/de\/wp-json\/wp\/v2\/product_tag?post=2724"}],"curies":[{"name":"wp","href":"https:\/\/api.w.org\/{rel}","templated":true}]}}