 {"id":2544,"date":"2024-04-23T09:16:51","date_gmt":"2024-04-23T09:16:51","guid":{"rendered":"https:\/\/zaoyigarment.com\/?post_type=product&#038;p=2544"},"modified":"2025-09-23T00:34:01","modified_gmt":"2025-09-23T00:34:01","slug":"silicone-bra-inserts","status":"publish","type":"product","link":"https:\/\/zaoyigarment.com\/de\/manufacturer\/silicone-bra-inserts\/","title":{"rendered":"Silikon-BH-Einlagen Transparente Silikon-Brustpolster Push-Up-Brustpolster"},"content":{"rendered":"<div id=\"text-939029112\" class=\"text\">\n\t\t\n<div class=\"_1-Caexem\" tabindex=\"0\" role=\"button\" aria-label=\"$Einfach zu bedienen: Befestigen Sie die BH-Verl\u00e4ngerung einfach an Ihren BH-Haken f\u00fcr eine sofortige Verl\u00e4ngerung.\">\n<ul>\n<li class=\"_1-Caexem\" tabindex=\"0\" role=\"button\" aria-label=\"$Praktische BH-Verl\u00e4ngerungen: Set mit 3 BH-Verl\u00e4ngerungen aus elastischem Material, mit denen Sie die Bandgr\u00f6\u00dfe Ihres BHs f\u00fcr eine bequeme Passform einfach anpassen k\u00f6nnen.\"><strong>Praktische BH-Einlagen:<\/strong> Holen Sie sich ein wundersch\u00f6nes Dekollet\u00e9 mit nat\u00fcrlich aussehendem Dekollet\u00e9 und erleben Sie gleichzeitig einen herrlichen Push-Up-Effekt.<\/li>\n<li class=\"_1-Caexem\" tabindex=\"0\" role=\"button\" aria-label=\"$Praktische BH-Verl\u00e4ngerungen: Set mit 3 BH-Verl\u00e4ngerungen aus elastischem Material, mit denen Sie die Bandgr\u00f6\u00dfe Ihres BHs f\u00fcr eine bequeme Passform einfach anpassen k\u00f6nnen.\"><strong>Perfekt f\u00fcr den Braless-Look:<\/strong><span class=\"a-list-item a-size-base a-color-base\">St\u00e4rken Sie BHs und Badeanz\u00fcge mit diesen bequemen Silikonpolstern.<\/span><\/li>\n<li class=\"_1-Caexem\" tabindex=\"0\" role=\"button\" aria-label=\"$Praktische BH-Verl\u00e4ngerungen: Set mit 3 BH-Verl\u00e4ngerungen aus elastischem Material, mit denen Sie die Bandgr\u00f6\u00dfe Ihres BHs f\u00fcr eine bequeme Passform einfach anpassen k\u00f6nnen.\"><strong>Bequem und weich:<\/strong> Diese aus weichen und bequemen Materialien hergestellten BH-Einlagen reizen Ihre Haut nicht und verursachen keine Beschwerden.<\/li>\n<li><strong>Einfach zu verwenden:<\/strong> In die BH-K\u00f6rbchen stecken oder in die Polstertasche eines BHs stecken. Kann zur Sicherheit auch am BH oder Badeoberteil befestigt werden (z. B. beim Schwimmen).<\/li>\n<li>\n<div class=\"a-fixed-left-grid-col a-col-left\"><strong><span class=\"a-color-base\">Pflegehinweise:<\/span><\/strong><span style=\"font-size: 14.4px;\">Handw\u00e4sche durch Eintauchen in ein Waschbecken\/eine Badewanne mit k\u00fchlem, warmem Wasser und ein paar Tropfen Reinigungsmittel. Seifenwasser vorsichtig durchdr\u00fccken. Gr\u00fcndlich aussp\u00fclen. Zum Trocknen flach hinlegen.<\/span><\/div>\n<\/li>\n<\/ul>\n<h2><span id=\"types-of-bra-inserts\" class=\"mj-toc-section\">Arten von BH-Einlagen<\/span><\/h2>\n<p>Hier sind einige Arten von BH-Einlagen erh\u00e4ltlich.<\/p>\n<ul>\n<li>Brustverst\u00e4rker<\/li>\n<li>Push-up-Eins\u00e4tze<\/li>\n<li>Wasserdichte Pads<\/li>\n<li>Einlagen nach der Mastektomie<\/li>\n<li>Gestalter<\/li>\n<li>Schaumstoffpolster mit Nippelform<\/li>\n<\/ul>\n<h2><\/h2>\n<\/div>\n\t\t\n<style>\n#text-939029112 {\n  line-height: 1.7;\n}\n<\/style>\n\t<\/div>","protected":false},"excerpt":{"rendered":"<p>Zaoyi Custom BH-Einlagen Hersteller und Lieferant in China<\/p>\n<p>\u2013 Mindestbestellmenge: 3000 St\u00fcck<br \/>\n\u2013 OEM\/ODM-Service angeboten<br \/>\n\u2013 Kostenlose Probe verf\u00fcgbar<br \/>\n\u2013 BH-Recycling<br \/>\n\u2013 20\u201330 Tage Lieferzeit f\u00fcr individuelle Bestellung<br \/>\n\u2013 Akzeptieren Sie Anpassungen (Spezifikationen, Farbe, Design usw.)<\/p>\n<p>1) BH-freier Look: Erreichen Sie den BH-freien Look, ohne auf Komfort und Halt zu verzichten.<br \/>\n2) Verstellbar: Passen Sie die H\u00f6he Ihres BHs ganz einfach an Ihre K\u00f6rperform an und erzielen Sie die perfekte Passform.<br \/>\n3) Bequem: Hergestellt aus weichem und nat\u00fcrlichem Material, das Ihrem BH zus\u00e4tzlichen Komfort und Halt bietet.<\/p>\n<p>Wenn Sie Preise f\u00fcr BH-Einlagen erhalten m\u00f6chten, nehmen Sie bitte Kontakt mit uns auf.<\/p>","protected":false},"featured_media":2881,"comment_status":"open","ping_status":"closed","template":"","meta":[],"product_brand":[],"product_cat":[42],"product_tag":[],"class_list":{"0":"post-2544","1":"product","2":"type-product","3":"status-publish","4":"has-post-thumbnail","6":"product_cat-bra-inserts","8":"first","9":"instock","10":"shipping-taxable","11":"product-type-simple"},"_links":{"self":[{"href":"https:\/\/zaoyigarment.com\/de\/wp-json\/wp\/v2\/product\/2544","targetHints":{"allow":["GET"]}}],"collection":[{"href":"https:\/\/zaoyigarment.com\/de\/wp-json\/wp\/v2\/product"}],"about":[{"href":"https:\/\/zaoyigarment.com\/de\/wp-json\/wp\/v2\/types\/product"}],"replies":[{"embeddable":true,"href":"https:\/\/zaoyigarment.com\/de\/wp-json\/wp\/v2\/comments?post=2544"}],"wp:featuredmedia":[{"embeddable":true,"href":"https:\/\/zaoyigarment.com\/de\/wp-json\/wp\/v2\/media\/2881"}],"wp:attachment":[{"href":"https:\/\/zaoyigarment.com\/de\/wp-json\/wp\/v2\/media?parent=2544"}],"wp:term":[{"taxonomy":"product_brand","embeddable":true,"href":"https:\/\/zaoyigarment.com\/de\/wp-json\/wp\/v2\/product_brand?post=2544"},{"taxonomy":"product_cat","embeddable":true,"href":"https:\/\/zaoyigarment.com\/de\/wp-json\/wp\/v2\/product_cat?post=2544"},{"taxonomy":"product_tag","embeddable":true,"href":"https:\/\/zaoyigarment.com\/de\/wp-json\/wp\/v2\/product_tag?post=2544"}],"curies":[{"name":"wp","href":"https:\/\/api.w.org\/{rel}","templated":true}]}}