 {"id":2531,"date":"2024-04-23T07:57:19","date_gmt":"2024-04-23T07:57:19","guid":{"rendered":"https:\/\/zaoyigarment.com\/?post_type=product&#038;p=2531"},"modified":"2025-09-10T11:50:02","modified_gmt":"2025-09-10T11:50:02","slug":"silicone-bra","status":"publish","type":"product","link":"https:\/\/zaoyigarment.com\/de\/manufacturer\/silicone-bra\/","title":{"rendered":"Silikon-BH, wasserdicht, wiederverwendbar, Lift-BH, selbstklebender BH zum Tragen mit r\u00fcckenfreiem"},"content":{"rendered":"<ul class=\"a-unordered-list a-vertical a-spacing-mini\">\n<li><span class=\"a-list-item\"><strong>\ud83c\udf6aCUP:<\/strong> volle Tasse<\/span><\/li>\n<li><span class=\"a-list-item\"><strong>\ud83c\udf6aKABELLOS:<\/strong> NEIN<\/span><\/li>\n<li><span class=\"a-list-item\"><strong>\ud83c\udf6aPRODUKTFARBE:<\/strong> Nude, Braun, individuell gestaltet.<\/span><\/li>\n<li><span class=\"a-list-item\">\ud83c\udf6a<strong>GR\u00d6SSEN:<\/strong> A\/B\/C\/D\/E\/F<\/span><\/li>\n<li><span class=\"a-list-item\">\ud83c\udf6a<strong>ANWENDUNG:<\/strong> Hochzeit, Party, Bankett, Freizeit usw.<\/span><\/li>\n<li><span class=\"a-color-base\"><span class=\"a-list-item\"><strong>\ud83c\udf6aSTOFFART: <\/strong>Kieselgel<\/span><\/span><\/li>\n<li><span class=\"a-color-base\"><span class=\"a-list-item\"><strong>\ud83c\udf6aPFLEGEHINWEISE: <\/strong>Handw\u00e4sche nur<\/span><\/span><\/li>\n<li><strong><span class=\"a-color-base\"><span class=\"a-list-item\">\ud83c\udf6a<\/span><\/span>WICHTIGE TIPPS:<\/strong><br \/>\nNicht geeignet, wenn Sie Hautprobleme haben oder wenn Ihre Haut verletzt, infiziert oder sonnenverbrannt ist.<br \/>\nBitte verwenden Sie dieses Produkt nicht, wenn Sie schwanger sind oder stillen, wenn Sie allergisch gegen Kieselgel sind oder wenn Sie sich k\u00fcrzlich einer Brustvergr\u00f6\u00dferung oder Brustverkleinerung unterzogen haben.<br \/>\nSollten w\u00e4hrend der Anwendung dieses Produkts Hautanomalien auftreten, brechen Sie die Anwendung sofort ab und wenden Sie sich umgehend an Ihren Hautarzt oder Hautspezialisten.<\/li>\n<\/ul>\n<h2><\/h2>\n<h2>BH-Gr\u00f6\u00dfentabelle mit Bildern<\/h2>\n\t<div class=\"img has-hover x md-x lg-x y md-y lg-y\" id=\"image_1486990326\">\n\t\t\t\t\t\t\t\t<div class=\"img-inner dark\" >\n\t\t\t<img loading=\"lazy\" decoding=\"async\" width=\"1020\" height=\"976\" src=\"https:\/\/zaoyigarment.com\/wp-content\/uploads\/2024\/01\/bra-size-calculator-1024x980.webp\" class=\"attachment-large size-large\" alt=\"BH-Gr\u00f6\u00dfenrechner\" srcset=\"https:\/\/zaoyigarment.com\/wp-content\/uploads\/2024\/01\/bra-size-calculator-1024x980.webp 1024w, https:\/\/zaoyigarment.com\/wp-content\/uploads\/2024\/01\/bra-size-calculator-300x287.webp 300w, https:\/\/zaoyigarment.com\/wp-content\/uploads\/2024\/01\/bra-size-calculator-768x735.webp 768w, https:\/\/zaoyigarment.com\/wp-content\/uploads\/2024\/01\/bra-size-calculator-1536x1471.webp 1536w, https:\/\/zaoyigarment.com\/wp-content\/uploads\/2024\/01\/bra-size-calculator-600x575.webp 600w, https:\/\/zaoyigarment.com\/wp-content\/uploads\/2024\/01\/bra-size-calculator.webp 2000w\" sizes=\"auto, (max-width: 1020px) 100vw, 1020px\" \/>\t\t\t\t\t\t\n\t\t\t\t\t<\/div>\n\t\t\t\t\t\t\t\t\n<style>\n#image_1486990326 {\n  width: 100%;\n}\n<\/style>\n\t<\/div>","protected":false},"excerpt":{"rendered":"<p>Zaoyi Custom Silikon-BH Hersteller und Lieferant in China<\/p>\n<p>\u2013 Mindestbestellmenge: 3000 St\u00fcck<br \/>\n\u2013 OEM\/ODM-Service angeboten<br \/>\n\u2013 Kostenlose Probe verf\u00fcgbar<br \/>\n\u2013 BH-Recycling<br \/>\n\u2013 25\u201335 Tage Lieferzeit f\u00fcr individuelle Bestellung<br \/>\n\u2013 Akzeptieren Sie Anpassungen (Spezifikationen, Farbe, Design usw.)<\/p>\n<p>1) Beste BH-L\u00f6sungen zum Tragen mit r\u00fcckenfreiem Kleid, Hochzeitskleid, T-Shirt usw<br \/>\n2) Nahtloses und unterst\u00fctzendes Design f\u00fcr Komfort<br \/>\n3) Glatte Kiesels\u00e4ure in medizinischer Qualit\u00e4t<br \/>\n4) Der b\u00fcgellose BH kann mit individuellem Stoff oder Muster versehen werden<br \/>\n5)Vibrant color, anti-fading<br \/>\n6)DIY-Anpassung<\/p>\n<p>Wenn Sie Preise f\u00fcr Silikon-BHs erfahren m\u00f6chten, setzen Sie sich bitte mit uns in Verbindung.<\/p>","protected":false},"featured_media":2879,"comment_status":"open","ping_status":"closed","template":"","meta":[],"product_brand":[],"product_cat":[36],"product_tag":[],"class_list":{"0":"post-2531","1":"product","2":"type-product","3":"status-publish","4":"has-post-thumbnail","6":"product_cat-sticky-bra","8":"first","9":"instock","10":"shipping-taxable","11":"product-type-simple"},"_links":{"self":[{"href":"https:\/\/zaoyigarment.com\/de\/wp-json\/wp\/v2\/product\/2531","targetHints":{"allow":["GET"]}}],"collection":[{"href":"https:\/\/zaoyigarment.com\/de\/wp-json\/wp\/v2\/product"}],"about":[{"href":"https:\/\/zaoyigarment.com\/de\/wp-json\/wp\/v2\/types\/product"}],"replies":[{"embeddable":true,"href":"https:\/\/zaoyigarment.com\/de\/wp-json\/wp\/v2\/comments?post=2531"}],"wp:featuredmedia":[{"embeddable":true,"href":"https:\/\/zaoyigarment.com\/de\/wp-json\/wp\/v2\/media\/2879"}],"wp:attachment":[{"href":"https:\/\/zaoyigarment.com\/de\/wp-json\/wp\/v2\/media?parent=2531"}],"wp:term":[{"taxonomy":"product_brand","embeddable":true,"href":"https:\/\/zaoyigarment.com\/de\/wp-json\/wp\/v2\/product_brand?post=2531"},{"taxonomy":"product_cat","embeddable":true,"href":"https:\/\/zaoyigarment.com\/de\/wp-json\/wp\/v2\/product_cat?post=2531"},{"taxonomy":"product_tag","embeddable":true,"href":"https:\/\/zaoyigarment.com\/de\/wp-json\/wp\/v2\/product_tag?post=2531"}],"curies":[{"name":"wp","href":"https:\/\/api.w.org\/{rel}","templated":true}]}}