 {"id":1968,"date":"2023-12-29T08:09:23","date_gmt":"2023-12-29T08:09:23","guid":{"rendered":"https:\/\/zaoyigarment.com\/?post_type=product&#038;p=1968"},"modified":"2026-03-19T17:50:20","modified_gmt":"2026-03-19T17:50:20","slug":"clear-strap-clear-strap-bra-metal-bra-strap","status":"publish","type":"product","link":"https:\/\/zaoyigarment.com\/de\/manufacturer\/clear-strap-clear-strap-bra-metal-bra-strap\/","title":{"rendered":"Transparenter Tr\u00e4ger f\u00fcr BH mit transparentem Tr\u00e4ger, BH-Tr\u00e4ger aus Metall, dekorativer BH-Tr\u00e4ger"},"content":{"rendered":"<ul>\n<li><span class=\"a-list-item a-size-base a-color-base\"><strong>Dick und robust:<\/strong> Unsere durchsichtigen BH-Tr\u00e4ger sind aus hochwertigem TPU-Material gefertigt. Dadurch sind sie robust, rutschen nicht so leicht und k\u00f6nnen dem Druck einer gr\u00f6\u00dferen Oberweite standhalten, ohne zu rei\u00dfen.<\/span><\/li>\n<\/ul>\n<ul class=\"a-unordered-list a-vertical a-spacing-small\">\n<li><span class=\"a-list-item a-size-base a-color-base\"><strong>Verschiedene Breiten und unsichtbar:<\/strong> Wir haben die Gr\u00f6\u00dfen 8 mm, 10 mm, 12 mm, 15 mm, 18 mm, 20 mm usw. zur Auswahl, sodass Sie die richtige Gr\u00f6\u00dfe f\u00fcr sich finden. Da die Farbe des BH-Tr\u00e4gers transparent ist, passt er sich gut Ihrem Hautton an.<\/span><\/li>\n<\/ul>\n<ul class=\"a-unordered-list a-vertical a-spacing-small\">\n<li><span class=\"a-list-item a-size-base a-color-base\"><strong>Einstellbar und einfach zu bedienen:<\/strong> Die unsichtbaren BH-Tr\u00e4ger sind laut Kundenfeedback ausreichend lang und k\u00f6nnen auf bis zu 70 cm verl\u00e4ngert werden, sodass Sie sie leicht anpassen k\u00f6nnen. Der Haken ist f\u00fcr die meisten BH-\u00d6sen auf dem Markt geeignet, sodass das Anbringen oder Entfernen von BHs sehr einfach ist.<\/span><\/li>\n<\/ul>\n<ul>\n<li><span class=\"a-list-item a-size-base a-color-base\"><strong>Angenehmer Tragekomfort:<\/strong> Die durchsichtigen BH-Tr\u00e4ger bestehen aus weichem, gesundem und umweltfreundlichem Silikon, erm\u00f6glichen ein bequemes Tragen, ohne die Haut zu verletzen, und k\u00f6nnen ohne irritierende Hautallergien wiederverwendet werden.<\/span><\/li>\n<\/ul>\n<ul class=\"a-unordered-list a-vertical a-spacing-small\">\n<li><span class=\"a-list-item a-size-base a-color-base\"><strong>Gelegenheit:<\/strong> Die transparenten BH-Tr\u00e4ger sind perfekt f\u00fcr Frauen im Sommer, die eine Weste, einen Strapsrock, ein R\u00f6hrenoberteil und ein Kleid tragen. Sie zeigen nat\u00fcrliche und sch\u00f6ne Haut und lassen Sie makellos aussehen.<\/span><\/li>\n<\/ul>","protected":false},"excerpt":{"rendered":"<p>Zaoyi Custom BH-Tr\u00e4ger Hersteller und Lieferant in China<\/p>\n<p>\u2013 Mindestbestellmenge: 3000 St\u00fcck<br \/>\n\u2013 OEM\/ODM-Service angeboten<br \/>\n\u2013 Kostenlose Probe verf\u00fcgbar<br \/>\n\u2013 BH-Recycling<br \/>\n\u2013 20\u201330 Tage Lieferzeit f\u00fcr individuelle Bestellung<br \/>\n\u2013 Akzeptieren Sie Anpassungen (Spezifikationen, Farbe, Design usw.)<\/p>\n<p>3\/8\u2033 unsichtbare Tr\u00e4ger<br \/>\n\u2022 Hergestellt aus antiallergenem TPU, einer weicheren und st\u00e4rkeren Alternative zu Latex- oder Kunststoffb\u00e4ndern.<br \/>\n\u2022 Nickelfreie Einsteller und Beschl\u00e4ge.<br \/>\n\u2022 Nicht nur f\u00fcr BHs, sie k\u00f6nnen auch zu Bademode und Kleidern getragen werden.<br \/>\n\u2022 Klar oder individuell<br \/>\n\u2022 Unterschiedliche Gr\u00f6\u00dfenauswahl<\/p>\n<p>Wenn Sie ein Angebot f\u00fcr einen BH-Tr\u00e4ger erhalten m\u00f6chten, setzen Sie sich bitte mit uns in Verbindung.<\/p>","protected":false},"featured_media":1971,"comment_status":"open","ping_status":"closed","template":"","meta":[],"product_brand":[],"product_cat":[39,53],"product_tag":[],"class_list":{"0":"post-1968","1":"product","2":"type-product","3":"status-publish","4":"has-post-thumbnail","6":"product_cat-bra-strap","7":"product_cat-bra-accessories","9":"first","10":"instock","11":"shipping-taxable","12":"product-type-simple"},"_links":{"self":[{"href":"https:\/\/zaoyigarment.com\/de\/wp-json\/wp\/v2\/product\/1968","targetHints":{"allow":["GET"]}}],"collection":[{"href":"https:\/\/zaoyigarment.com\/de\/wp-json\/wp\/v2\/product"}],"about":[{"href":"https:\/\/zaoyigarment.com\/de\/wp-json\/wp\/v2\/types\/product"}],"replies":[{"embeddable":true,"href":"https:\/\/zaoyigarment.com\/de\/wp-json\/wp\/v2\/comments?post=1968"}],"wp:featuredmedia":[{"embeddable":true,"href":"https:\/\/zaoyigarment.com\/de\/wp-json\/wp\/v2\/media\/1971"}],"wp:attachment":[{"href":"https:\/\/zaoyigarment.com\/de\/wp-json\/wp\/v2\/media?parent=1968"}],"wp:term":[{"taxonomy":"product_brand","embeddable":true,"href":"https:\/\/zaoyigarment.com\/de\/wp-json\/wp\/v2\/product_brand?post=1968"},{"taxonomy":"product_cat","embeddable":true,"href":"https:\/\/zaoyigarment.com\/de\/wp-json\/wp\/v2\/product_cat?post=1968"},{"taxonomy":"product_tag","embeddable":true,"href":"https:\/\/zaoyigarment.com\/de\/wp-json\/wp\/v2\/product_tag?post=1968"}],"curies":[{"name":"wp","href":"https:\/\/api.w.org\/{rel}","templated":true}]}}