 {"id":1931,"date":"2023-12-29T06:16:54","date_gmt":"2023-12-29T06:16:54","guid":{"rendered":"https:\/\/zaoyigarment.com\/?post_type=product&#038;p=1931"},"modified":"2026-03-30T10:54:24","modified_gmt":"2026-03-30T10:54:24","slug":"bra-converter-bra-clasps-bra-clip","status":"publish","type":"product","link":"https:\/\/zaoyigarment.com\/de\/manufacturer\/bra-converter-bra-clasps-bra-clip\/","title":{"rendered":"BH-Konverter, BH-Verschl\u00fcsse, BH-Clip, BH-Tr\u00e4ger-Adapter"},"content":{"rendered":"<ul>\n<li><span class=\"a-list-item a-size-base a-color-base\"><strong>Beseitigen Sie den \u00c4rger herunterfallender BH-Tr\u00e4ger<\/strong> \u2013 L\u00e4sst sich leicht an jede K\u00f6rpergr\u00f6\u00dfe anpassen und die Clips halten die BH-Tr\u00e4ger an Ort und Stelle und gut versteckt.<\/span><\/li>\n<\/ul>\n<ul class=\"a-unordered-list a-vertical a-spacing-small\">\n<li><span class=\"a-list-item a-size-base a-color-base\"><strong>Ergonomisches Design<\/strong> \u2013 Verwandeln Sie jeden BH diskret, einfach und bequem. Das ergonomische Design lindert Beschwerden und verhindert, dass die l\u00e4stigen BH-Tr\u00e4ger in Ihre Schultern einschneiden.<\/span><\/li>\n<\/ul>\n<ul class=\"a-unordered-list a-vertical a-spacing-small\">\n<li><span class=\"a-list-item a-size-base a-color-base\"><strong>Gelegenheit<\/strong> \u2013 Perfekt f\u00fcr Racerback, Kleider, Hemden, Blusen, Sportoberteile und mehr. Verwandeln Sie jeden BH diskret, einfach und bequem. F\u00fcr einen volleren, sexyeren Look l\u00e4sst es sich an Ihrem Bikinioberteil befestigen.<\/span><\/li>\n<\/ul>\n<ul class=\"a-unordered-list a-vertical a-spacing-small\">\n<li><span class=\"a-list-item a-size-base a-color-base\"><strong>Superg\u00fcnstiges BH-Tr\u00e4ger-Clip-Set<\/strong> \u2013 9 St\u00fcck BH-Clips, 3 St\u00fcck BH-Verl\u00e4ngerer und 3 St\u00fcck BH-Tr\u00e4gerhalter in den traditionellen Farben Wei\u00df, Schwarz und Beige.<\/span><\/li>\n<li><span class=\"a-list-item a-size-base a-color-base\"><strong>K\u00f6rbchengr\u00f6\u00dfe vergr\u00f6\u00dfern:<\/strong> Wenn Sie die BH-Clips auf der R\u00fcckseite tragen, k\u00f6nnen Sie die Gr\u00f6\u00dfe der K\u00f6rbchen anpassen. Es hilft, Ihren Br\u00fcsten mehr Halt zu geben, die K\u00f6rbchengr\u00f6\u00dfe zu vergr\u00f6\u00dfern und Ihr Dekollet\u00e9 voller und sexy zu machen.<\/span><\/li>\n<li><span class=\"a-list-item a-size-base a-color-base\"><strong>Geeignete Gr\u00f6\u00dfe:<\/strong> Die Gr\u00f6\u00dfe jedes BH-Tr\u00e4gerclips f\u00fcr den R\u00fccken betr\u00e4gt etwa 1,8 x 1,4 Zoll. Es ist f\u00fcr jeden BH mit normalen Tr\u00e4gern geeignet. Es kann Ihnen dabei helfen, Ihren BH einfach und bequem anzupassen.<\/span><\/li>\n<\/ul>","protected":false},"excerpt":{"rendered":"<p>Zaoyi Custom Bra Converter Hersteller und Lieferant in China<\/p>\n<p>\u2013 Mindestbestellmenge: 3000 St\u00fcck<br \/>\n\u2013 OEM\/ODM-Service angeboten<br \/>\n\u2013 Kostenlose Probe verf\u00fcgbar<br \/>\n\u2013 BH-Recycling<br \/>\n\u2013 20\u201330 Tage Lieferzeit f\u00fcr individuelle Bestellung<br \/>\n\u2013 Akzeptieren Sie Anpassungen (Spezifikationen, Farbe, Design usw.)<\/p>\n<p>1)Perfekt f\u00fcr Racerback, Kleider, Hemden, Blusen, Sportoberteile und mehr.<br \/>\nVerwandeln Sie jeden BH diskret, einfach und bequem. F\u00fcr einen volleren, sexyeren Look l\u00e4sst es sich an Ihrem Bikinioberteil befestigen.<br \/>\n2) 100 % Polypropylen<br \/>\n3) Kann den Riemen am B\u00fcstenhalter umwandeln<br \/>\n4) Lebendige Farbe, lichtbest\u00e4ndig<br \/>\n5)DIY-Anpassung<\/p>\n<p>Wenn Sie Preise f\u00fcr BH-Konverter erhalten m\u00f6chten, nehmen Sie bitte Kontakt mit uns auf.<\/p>","protected":false},"featured_media":1936,"comment_status":"open","ping_status":"closed","template":"","meta":[],"product_brand":[],"product_cat":[39,53],"product_tag":[],"class_list":{"0":"post-1931","1":"product","2":"type-product","3":"status-publish","4":"has-post-thumbnail","6":"product_cat-bra-strap","7":"product_cat-bra-accessories","9":"first","10":"instock","11":"shipping-taxable","12":"product-type-simple"},"_links":{"self":[{"href":"https:\/\/zaoyigarment.com\/de\/wp-json\/wp\/v2\/product\/1931","targetHints":{"allow":["GET"]}}],"collection":[{"href":"https:\/\/zaoyigarment.com\/de\/wp-json\/wp\/v2\/product"}],"about":[{"href":"https:\/\/zaoyigarment.com\/de\/wp-json\/wp\/v2\/types\/product"}],"replies":[{"embeddable":true,"href":"https:\/\/zaoyigarment.com\/de\/wp-json\/wp\/v2\/comments?post=1931"}],"wp:featuredmedia":[{"embeddable":true,"href":"https:\/\/zaoyigarment.com\/de\/wp-json\/wp\/v2\/media\/1936"}],"wp:attachment":[{"href":"https:\/\/zaoyigarment.com\/de\/wp-json\/wp\/v2\/media?parent=1931"}],"wp:term":[{"taxonomy":"product_brand","embeddable":true,"href":"https:\/\/zaoyigarment.com\/de\/wp-json\/wp\/v2\/product_brand?post=1931"},{"taxonomy":"product_cat","embeddable":true,"href":"https:\/\/zaoyigarment.com\/de\/wp-json\/wp\/v2\/product_cat?post=1931"},{"taxonomy":"product_tag","embeddable":true,"href":"https:\/\/zaoyigarment.com\/de\/wp-json\/wp\/v2\/product_tag?post=1931"}],"curies":[{"name":"wp","href":"https:\/\/api.w.org\/{rel}","templated":true}]}}