 {"id":1926,"date":"2023-12-29T03:03:54","date_gmt":"2023-12-29T03:03:54","guid":{"rendered":"https:\/\/zaoyigarment.com\/?post_type=product&#038;p=1926"},"modified":"2025-09-10T11:49:05","modified_gmt":"2025-09-10T11:49:05","slug":"bra-extender-womens-soft-comfortable-bra-extenders","status":"publish","type":"product","link":"https:\/\/zaoyigarment.com\/de\/manufacturer\/bra-extender-womens-soft-comfortable-bra-extenders\/","title":{"rendered":"BH-Verl\u00e4ngerung. Weiche, bequeme BH-Verl\u00e4ngerung f\u00fcr Damen"},"content":{"rendered":"<div class=\"_1-Caexem\" tabindex=\"0\" role=\"button\" aria-label=\"$Einfach zu bedienen: Befestigen Sie die BH-Verl\u00e4ngerung einfach an Ihren BH-Haken f\u00fcr eine sofortige Verl\u00e4ngerung.\">\n<ul>\n<li class=\"_1-Caexem\" tabindex=\"0\" role=\"button\" aria-label=\"$Praktische BH-Verl\u00e4ngerungen: Set mit 3 BH-Verl\u00e4ngerungen aus elastischem Material, mit denen Sie die Bandgr\u00f6\u00dfe Ihres BHs f\u00fcr eine bequeme Passform einfach anpassen k\u00f6nnen.\"><strong>Praktische BH-Verl\u00e4ngerungen:<\/strong> 3er-Set BH-Verl\u00e4ngerungen aus elastischem Material, mit denen Sie die Unterbrustweite Ihres BHs ganz einfach anpassen k\u00f6nnen, um einen bequemen Sitz zu gew\u00e4hrleisten.<\/li>\n<li class=\"_1-Caexem\" tabindex=\"0\" role=\"button\" aria-label=\"$Praktische BH-Verl\u00e4ngerungen: Set mit 3 BH-Verl\u00e4ngerungen aus elastischem Material, mit denen Sie die Bandgr\u00f6\u00dfe Ihres BHs f\u00fcr eine bequeme Passform einfach anpassen k\u00f6nnen.\"><strong>Perfekt f\u00fcr den Braless-Look:<\/strong> Ideal f\u00fcr alle, die einen BH-losen Look bevorzugen, aber dennoch den Halt eines BHs w\u00fcnschen. Mit den BH-Verl\u00e4ngerungen k\u00f6nnen Sie das Band lockern, ohne Kompromisse beim Halt einzugehen.<\/li>\n<li class=\"_1-Caexem\" tabindex=\"0\" role=\"button\" aria-label=\"$Praktische BH-Verl\u00e4ngerungen: Set mit 3 BH-Verl\u00e4ngerungen aus elastischem Material, mit denen Sie die Bandgr\u00f6\u00dfe Ihres BHs f\u00fcr eine bequeme Passform einfach anpassen k\u00f6nnen.\"><strong>Bequem und weich:<\/strong> Diese BH-Verl\u00e4ngerungen werden aus weichen und bequemen Materialien hergestellt und reizen Ihre Haut nicht und verursachen keine Beschwerden.<\/li>\n<li><strong>Einfach zu verwenden:<\/strong> Befestigen Sie die BH-Verl\u00e4ngerung einfach an den Haken Ihres BHs, um die Unterbrustweite sofort zu vergr\u00f6\u00dfern.<\/li>\n<li><strong>Methode verwenden:<\/strong>Befestigen Sie die Haken an der Unterseite des Extenders an den Hakenschlaufen Ihres BHs und verwenden Sie dann die Haken an Ihrem BH, um die Hakenschlaufen an der Vorderseite des Extenders zu befestigen.<\/li>\n<\/ul>\n<h3 class=\"a-spacing-mini\">Die BH-Verl\u00e4ngerung dient dazu, den Gr\u00f6\u00dfenbereich eines unpassenden, zu engen BHs zu erweitern. Sie ist abnehmbar und verstellbar.<\/h3>\n<p class=\"a-spacing-base\">Der Stoffteil besteht aus Polyestermaterial mit Samt, ist weich und bequem. Hinterl\u00e4sst keine Spuren, kein Zwicken und kein Jucken auf Ihrer empfindlichen Haut. Die Metallhaken bestehen aus rostfreiem Stahl, der nicht verblasst oder rostet.<\/p>\n<p class=\"a-spacing-base\">3 Reihen mit 2 Haken und Gummiband, f\u00fcr die meisten Menschen geeignet.<\/p>\n<\/div>","protected":false},"excerpt":{"rendered":"<p>Zaoyi Custom Bra Extender Hersteller und Lieferant in China<\/p>\n<p>\u2013 Mindestbestellmenge: 3000 St\u00fcck<br \/>\n\u2013 OEM\/ODM-Service angeboten<br \/>\n\u2013 Kostenlose Probe verf\u00fcgbar<br \/>\n\u2013 BH-Recycling<br \/>\n\u2013 20\u201330 Tage Lieferzeit f\u00fcr individuelle Bestellung<br \/>\n\u2013 Akzeptieren Sie Anpassungen (Spezifikationen, Farbe, Design usw.)<\/p>\n<p>1) BH-freier Look: Erreichen Sie den BH-freien Look, ohne auf Komfort und Halt zu verzichten.<br \/>\n2) Verstellbar: Passen Sie die L\u00e4nge Ihres BH-Unterteils ganz einfach an Ihre K\u00f6rperform an und erzielen Sie so die perfekte Passform.<br \/>\n3) Bequem: Hergestellt aus weichem und atmungsaktivem Material, das Ihrem BH zus\u00e4tzlichen Komfort und Halt bietet.<\/p>\n<p>Wenn Sie Preise f\u00fcr BH-Verl\u00e4ngerungen erfahren m\u00f6chten, setzen Sie sich bitte mit uns in Verbindung.<\/p>","protected":false},"featured_media":2822,"comment_status":"open","ping_status":"closed","template":"","meta":[],"product_brand":[],"product_cat":[40,53],"product_tag":[],"class_list":{"0":"post-1926","1":"product","2":"type-product","3":"status-publish","4":"has-post-thumbnail","6":"product_cat-bra-extenders","7":"product_cat-bra-accessories","9":"first","10":"instock","11":"shipping-taxable","12":"product-type-simple"},"_links":{"self":[{"href":"https:\/\/zaoyigarment.com\/de\/wp-json\/wp\/v2\/product\/1926","targetHints":{"allow":["GET"]}}],"collection":[{"href":"https:\/\/zaoyigarment.com\/de\/wp-json\/wp\/v2\/product"}],"about":[{"href":"https:\/\/zaoyigarment.com\/de\/wp-json\/wp\/v2\/types\/product"}],"replies":[{"embeddable":true,"href":"https:\/\/zaoyigarment.com\/de\/wp-json\/wp\/v2\/comments?post=1926"}],"wp:featuredmedia":[{"embeddable":true,"href":"https:\/\/zaoyigarment.com\/de\/wp-json\/wp\/v2\/media\/2822"}],"wp:attachment":[{"href":"https:\/\/zaoyigarment.com\/de\/wp-json\/wp\/v2\/media?parent=1926"}],"wp:term":[{"taxonomy":"product_brand","embeddable":true,"href":"https:\/\/zaoyigarment.com\/de\/wp-json\/wp\/v2\/product_brand?post=1926"},{"taxonomy":"product_cat","embeddable":true,"href":"https:\/\/zaoyigarment.com\/de\/wp-json\/wp\/v2\/product_cat?post=1926"},{"taxonomy":"product_tag","embeddable":true,"href":"https:\/\/zaoyigarment.com\/de\/wp-json\/wp\/v2\/product_tag?post=1926"}],"curies":[{"name":"wp","href":"https:\/\/api.w.org\/{rel}","templated":true}]}}