 {"id":1919,"date":"2023-12-29T02:18:39","date_gmt":"2023-12-29T02:18:39","guid":{"rendered":"https:\/\/zaoyigarment.com\/?post_type=product&#038;p=1919"},"modified":"2025-10-20T02:31:14","modified_gmt":"2025-10-20T02:31:14","slug":"stick-on-bra-lifting-adhesive-sticky-bra","status":"publish","type":"product","link":"https:\/\/zaoyigarment.com\/de\/manufacturer\/stick-on-bra-lifting-adhesive-sticky-bra\/","title":{"rendered":"Stick-On-BH-Lifting-Klebe-BH"},"content":{"rendered":"<div data-zone-id=\"0\" data-line-index=\"0\" data-line=\"true\">\n<ul>\n<li><span class=\"a-list-item\"><strong>S<\/strong><\/span><strong>EINF\u00dcGEN:<\/strong> 6,5\u201312 cm Durchmesser, individuell angepasst<\/li>\n<li><strong>FARBE:\u00a0<\/strong>Nackt oder individuell gestaltet<\/li>\n<li><span class=\"a-list-item\"><strong>VORTEILE:<\/strong> Passt ohne Spuren zu hinterlassen, schwei\u00dfresistent, Blumen-\/Rundform, sicher.<\/span><\/li>\n<li><strong>VERWENDUNGSMETHODE:<\/strong><\/li>\n<li>1. Waschen Sie Ihre Brust und H\u00e4nde vor dem Gebrauch mit klarem Wasser und halten Sie sie sauber.<\/li>\n<li>2. Ziehen Sie die Schutzfolie des Produkts mit der Klebeseite nach oben ab und legen Sie es in Ihre Handfl\u00e4che<\/li>\n<li>3. Lehnen Sie Ihren Oberk\u00f6rper nach vorne, platzieren Sie das Brustpflaster vorsichtig auf dem Fokusbereich und gl\u00e4tten Sie die R\u00e4nder des Brustpflasters mit Ihren H\u00e4nden, damit es eng an der Haut anliegt.<\/li>\n<li>4. Keine Belastung oder Fremdk\u00f6rpergef\u00fchl, perfekte Darstellung Ihrer Br\u00fcste, f\u00fcr verschiedene Anl\u00e4sse geeignet<\/li>\n<\/ul>\n<\/div>\n<ul class=\"a-unordered-list a-vertical a-spacing-mini\">\n<li><span class=\"a-list-item\"><strong>WASCHMETHODE:<\/strong><\/span><\/li>\n<li><span class=\"a-list-item\">1.Verwenden Sie warmes Wasser oder neutrales Shampoo und Sp\u00fclmittel, um den Schaum sanft auszuarbeiten, und waschen Sie das Produkt in kreisenden Bewegungen.<\/span><\/li>\n<li><span class=\"a-list-item\">2. Mit klarem Wasser absp\u00fclen. Bitte achten Sie darauf, Ihre N\u00e4gel nicht zu benutzen, um Verletzungen zu vermeiden.<\/span><\/li>\n<li>3. Nach der Reinigung zum Trocknen aufh\u00e4ngen und direkte Sonneneinstrahlung vermeiden.<\/li>\n<li>4. Nach dem Reinigen und Trocknen die Schutzfolie anbringen. Eine Seite verliert ihre Klebrigkeit, wenn sie mit Staub verschmutzt ist. Der Lagerbereich sollte vor direkter Sonneneinstrahlung gesch\u00fctzt werden.<\/li>\n<li><strong>WICHTIGE TIPPS:<\/strong><br \/>\nNicht geeignet, wenn Sie Hautprobleme haben oder wenn Ihre Haut verletzt, infiziert oder sonnenverbrannt ist.<br \/>\nBitte verwenden Sie dieses Produkt nicht, wenn Sie schwanger sind oder stillen, wenn Sie allergisch gegen Silikon sind oder wenn Sie sich k\u00fcrzlich einer Brustvergr\u00f6\u00dferung oder Brustverkleinerung unterzogen haben.<br \/>\nSollten w\u00e4hrend der Anwendung dieses Produkts Hautanomalien auftreten, brechen Sie die Anwendung sofort ab und wenden Sie sich umgehend an Ihren Hautarzt oder Hautspezialisten.<\/li>\n<\/ul>","protected":false},"excerpt":{"rendered":"<p>Zaoyi Custom Stick On BH Hersteller und Lieferant in China<\/p>\n<p>\u2013 Mindestbestellmenge: 3000 St\u00fcck<br \/>\n\u2013 OEM\/ODM-Service angeboten<br \/>\n\u2013 Kostenlose Probe verf\u00fcgbar<br \/>\n\u2013 BH-Recycling<br \/>\n\u2013 25\u201335 Tage Lieferzeit f\u00fcr individuelle Bestellung<br \/>\n\u2013 Akzeptieren Sie Anpassungen (Spezifikationen, Farbe, Design usw.)<\/p>\n<p>1) Die besten BH-L\u00f6sungen zum Tragen mit Brautkleid, r\u00fcckenfreiem Kleid, Badeanzug, T-Shirt etc.<br \/>\n2)Nahtloses und kabelloses Design f\u00fcr Freiheit<br \/>\n3) Glattes und medizinisches Material<br \/>\n4)Kann individuelle Stoffe oder Muster auf dem B\u00fcstenhalter anbringen<br \/>\n5) Lebendige Hautfarbe<br \/>\n6)DIY-Anpassung<\/p>\n<p>Wenn Sie genaue Informationen zu BH-Preisen w\u00fcnschen, nehmen Sie bitte Kontakt mit uns auf.<\/p>","protected":false},"featured_media":2816,"comment_status":"open","ping_status":"closed","template":"","meta":[],"product_brand":[],"product_cat":[36],"product_tag":[],"class_list":{"0":"post-1919","1":"product","2":"type-product","3":"status-publish","4":"has-post-thumbnail","6":"product_cat-sticky-bra","8":"first","9":"instock","10":"shipping-taxable","11":"product-type-simple"},"_links":{"self":[{"href":"https:\/\/zaoyigarment.com\/de\/wp-json\/wp\/v2\/product\/1919","targetHints":{"allow":["GET"]}}],"collection":[{"href":"https:\/\/zaoyigarment.com\/de\/wp-json\/wp\/v2\/product"}],"about":[{"href":"https:\/\/zaoyigarment.com\/de\/wp-json\/wp\/v2\/types\/product"}],"replies":[{"embeddable":true,"href":"https:\/\/zaoyigarment.com\/de\/wp-json\/wp\/v2\/comments?post=1919"}],"wp:featuredmedia":[{"embeddable":true,"href":"https:\/\/zaoyigarment.com\/de\/wp-json\/wp\/v2\/media\/2816"}],"wp:attachment":[{"href":"https:\/\/zaoyigarment.com\/de\/wp-json\/wp\/v2\/media?parent=1919"}],"wp:term":[{"taxonomy":"product_brand","embeddable":true,"href":"https:\/\/zaoyigarment.com\/de\/wp-json\/wp\/v2\/product_brand?post=1919"},{"taxonomy":"product_cat","embeddable":true,"href":"https:\/\/zaoyigarment.com\/de\/wp-json\/wp\/v2\/product_cat?post=1919"},{"taxonomy":"product_tag","embeddable":true,"href":"https:\/\/zaoyigarment.com\/de\/wp-json\/wp\/v2\/product_tag?post=1919"}],"curies":[{"name":"wp","href":"https:\/\/api.w.org\/{rel}","templated":true}]}}