 {"id":1402,"date":"2023-06-08T08:15:42","date_gmt":"2023-06-08T08:15:42","guid":{"rendered":"https:\/\/zaoyigarment.com\/?post_type=product&#038;p=1402"},"modified":"2026-04-17T01:04:43","modified_gmt":"2026-04-17T01:04:43","slug":"push-up-bras","status":"publish","type":"product","link":"https:\/\/zaoyigarment.com\/de\/manufacturer\/push-up-bras\/","title":{"rendered":"Push-Up-BH | Tr\u00e4gerloser Push-up-BH, Schmetterlings-BH"},"content":{"rendered":"<ul class=\"a-unordered-list a-vertical a-spacing-mini\">\n<li><span class=\"a-list-item\"><strong>MENGE:<\/strong> 3000 St\u00fcck f\u00fcr individuelle Verpackung und Gro\u00dfbestellung<\/span><\/li>\n<li><span class=\"a-list-item\"><strong>MATERIAL:<\/strong> 80% nylon, 20% spandex<\/span><\/li>\n<li><span class=\"a-list-item\"><strong>VORTEILE:<\/strong> Environment and safety gel, breathable,cellular, convex, safety<\/span><\/li>\n<li><span class=\"a-list-item\"><strong>DESIGN:<\/strong> Verschiedene Designoptionen oder individuell anpassbar<\/span><\/li>\n<li><span class=\"a-list-item\"><strong>MASSE:<\/strong> A\/B\/C\/D\/E\/F\/H, individuell<\/span><\/li>\n<li><span class=\"a-list-item a-size-base a-color-base\"><strong>STRONG SUPPORT&amp;ADJUSTABLE DRAWSTRING:<\/strong> Excellent support is perfect for lifting your breasts. With a single pull, you can instantly lift the cup and keep your breasts straight. Say goodbye to the trouble of breast sagging, easily shape the perfect curve of breasts.<\/span><\/li>\n<li><span class=\"a-list-item a-size-base a-color-base\"><strong>SKIN-FRIENDLY BREATHABLE FABRIC&amp;GUM ADHESIVE:<\/strong>The material is made of all natural non-woven fabric + medical silicone. The natural gum adhesive is covered with air holes, which maintain excellent air permeability as you use it.<\/span><\/li>\n<li><span class=\"a-list-item a-size-base a-color-base\"><strong>EXQUISITE WING DESING:<\/strong> Wing shape design can better wrap breast skin, longer adhesion time. The surface fabric of the bra has a texture similar to that of the skin, which can hide the traces of the bra well under strong light. As if he were wearing nothing.<\/span><\/li>\n<li><span class=\"a-list-item a-size-base a-color-base\"><strong>WASCHBAR:<\/strong> Klebe-BHs sind selbstklebend und bleiben auch nach dem Waschen und Trocknen an der Luft klebrig. Es kann mehrfach verwendet werden.<\/span><\/li>\n<li><span class=\"a-list-item a-size-base a-color-base\"><strong>F\u00dcR VIELE GELEGENHEITEN:<\/strong> Strapless Bra for any sexy style, backless halter tops, deep V-neck suits, backless\/strapless evening gowns, wedding dresses, low-cut dresses, cocktail dresses, party dresses, etc. Feel free to show off your feminine charm.<\/span><\/li>\n<\/ul>\n<h2><\/h2>\n<h2>BH-Gr\u00f6\u00dfentabelle mit Bildern<\/h2>\n\t<div class=\"img has-hover x md-x lg-x y md-y lg-y\" id=\"image_862329518\">\n\t\t\t\t\t\t\t\t<div class=\"img-inner dark\" >\n\t\t\t<img loading=\"lazy\" decoding=\"async\" width=\"1020\" height=\"976\" src=\"https:\/\/zaoyigarment.com\/wp-content\/uploads\/2024\/01\/bra-size-calculator-1024x980.webp\" class=\"attachment-large size-large\" alt=\"BH-Gr\u00f6\u00dfenrechner\" srcset=\"https:\/\/zaoyigarment.com\/wp-content\/uploads\/2024\/01\/bra-size-calculator-1024x980.webp 1024w, https:\/\/zaoyigarment.com\/wp-content\/uploads\/2024\/01\/bra-size-calculator-300x287.webp 300w, https:\/\/zaoyigarment.com\/wp-content\/uploads\/2024\/01\/bra-size-calculator-768x735.webp 768w, https:\/\/zaoyigarment.com\/wp-content\/uploads\/2024\/01\/bra-size-calculator-1536x1471.webp 1536w, https:\/\/zaoyigarment.com\/wp-content\/uploads\/2024\/01\/bra-size-calculator-600x575.webp 600w, https:\/\/zaoyigarment.com\/wp-content\/uploads\/2024\/01\/bra-size-calculator.webp 2000w\" sizes=\"auto, (max-width: 1020px) 100vw, 1020px\" \/>\t\t\t\t\t\t\n\t\t\t\t\t<\/div>\n\t\t\t\t\t\t\t\t\n<style>\n#image_862329518 {\n  width: 100%;\n}\n<\/style>\n\t<\/div>","protected":false},"excerpt":{"rendered":"<p>Zaoyi Custom Strapless Push Up Bra Manufacturer and Supplier in China<\/p>\n<p>\u2013 Mindestbestellmenge: 3000 St\u00fcck<br \/>\n\u2013 OEM\/ODM-Service angeboten<br \/>\n\u2013 Kostenlose Probe verf\u00fcgbar<br \/>\n\u2013 BH-Recycling<br \/>\n\u2013 25\u201335 Tage Lieferzeit f\u00fcr individuelle Bestellung<br \/>\n\u2013 Akzeptieren Sie Anpassungen (Spezifikationen, Farbe, Design usw.)<\/p>\n<p>1)Best bra solutions to wear with backless dress, wedding dress, t-shirt etc<br \/>\n2)Nahtloses und kabelloses Design f\u00fcr Freiheit<br \/>\n3)Smooth and delicate nylon fabric<br \/>\n4) Kann individuelle Stoffe oder Muster darauf anfertigen<br \/>\n5)Vibrant color, anti-fading<br \/>\n6)DIY-Anpassung<\/p>\n<p>If you want to get strapless push up bra prices, please get in touch with us.<\/p>","protected":false},"featured_media":2801,"comment_status":"open","ping_status":"closed","template":"","meta":[],"product_brand":[],"product_cat":[15],"product_tag":[],"class_list":{"0":"post-1402","1":"product","2":"type-product","3":"status-publish","4":"has-post-thumbnail","6":"product_cat-push-up-bra","8":"first","9":"instock","10":"shipping-taxable","11":"product-type-simple"},"_links":{"self":[{"href":"https:\/\/zaoyigarment.com\/de\/wp-json\/wp\/v2\/product\/1402","targetHints":{"allow":["GET"]}}],"collection":[{"href":"https:\/\/zaoyigarment.com\/de\/wp-json\/wp\/v2\/product"}],"about":[{"href":"https:\/\/zaoyigarment.com\/de\/wp-json\/wp\/v2\/types\/product"}],"replies":[{"embeddable":true,"href":"https:\/\/zaoyigarment.com\/de\/wp-json\/wp\/v2\/comments?post=1402"}],"wp:featuredmedia":[{"embeddable":true,"href":"https:\/\/zaoyigarment.com\/de\/wp-json\/wp\/v2\/media\/2801"}],"wp:attachment":[{"href":"https:\/\/zaoyigarment.com\/de\/wp-json\/wp\/v2\/media?parent=1402"}],"wp:term":[{"taxonomy":"product_brand","embeddable":true,"href":"https:\/\/zaoyigarment.com\/de\/wp-json\/wp\/v2\/product_brand?post=1402"},{"taxonomy":"product_cat","embeddable":true,"href":"https:\/\/zaoyigarment.com\/de\/wp-json\/wp\/v2\/product_cat?post=1402"},{"taxonomy":"product_tag","embeddable":true,"href":"https:\/\/zaoyigarment.com\/de\/wp-json\/wp\/v2\/product_tag?post=1402"}],"curies":[{"name":"wp","href":"https:\/\/api.w.org\/{rel}","templated":true}]}}