 {"id":1393,"date":"2023-06-08T07:38:38","date_gmt":"2023-06-08T07:38:38","guid":{"rendered":"https:\/\/zaoyigarment.com\/?post_type=product&#038;p=1393"},"modified":"2026-04-17T01:03:30","modified_gmt":"2026-04-17T01:03:30","slug":"sticky-bra","status":"publish","type":"product","link":"https:\/\/zaoyigarment.com\/de\/manufacturer\/sticky-bra\/","title":{"rendered":"Klebe-BH | Selbstklebender unsichtbarer BH Push-Up Silikon Dessous"},"content":{"rendered":"<div id=\"featurebullets_feature_div\" class=\"celwidget\" data-feature-name=\"featurebullets\" data-csa-c-type=\"widget\" data-csa-c-content-id=\"featurebullets\" data-csa-c-slot-id=\"featurebullets_feature_div\" data-csa-c-asin=\"B07DF32D6Q\" data-csa-c-is-in-initial-active-row=\"false\" data-csa-c-id=\"3j0pnl-7cjnp-9t8psx-tspeog\">\n<div id=\"feature-bullets\" class=\"a-section a-spacing-medium a-spacing-top-small\">\n<div data-zone-id=\"0\" data-line-index=\"0\" data-line=\"true\">\n<ul>\n<li><span class=\"a-list-item\"><strong>S<\/strong><\/span><strong style=\"font-size: 14.4px;\">EINF\u00dcGEN:<\/strong><span style=\"font-size: 14.4px;\"> A\/B\/C\/D, kundenspezifisch<\/span><\/li>\n<li><strong style=\"font-size: 14.4px;\">FARBE: <\/strong>Nackt oder individuell<\/li>\n<li><span class=\"a-list-item\"><strong>VORTEILE:<\/strong> Passt ohne Spuren zu hinterlassen, schwei\u00dfresistent, runde Form, sicher.<\/span><\/li>\n<li><span class=\"a-list-item\"><strong>VERSCHIEDENE DICKEN K\u00d6NNEN W\u00c4HLEN:<\/strong> Die Dicke kann zwischen 0,5 cm, 1,0 cm, 1,5 cm und 2,0 cm gew\u00e4hlt oder individuell angepasst werden.<\/span><\/li>\n<li><span class=\"a-list-item\"><strong>TRAGEMETHODE:<\/strong> Platzieren Sie die Tasse, um das Taschentuch zu halten, passen Sie die Position an, befestigen Sie den vorderen Clip und dr\u00fccken Sie die Gegenst\u00e4nde fest, bis sie perfekt passen.<\/span><\/li>\n<\/ul>\n<\/div>\n<ul class=\"a-unordered-list a-vertical a-spacing-mini\">\n<li><span class=\"a-list-item\"><strong>WASCHMETHODE:<\/strong> <\/span><\/li>\n<li><span class=\"a-list-item\">1.Verwenden Sie warmes Wasser oder neutrales Shampoo und Sp\u00fclmittel, um den Schaum sanft auszuarbeiten, und waschen Sie das Produkt in kreisenden Bewegungen.<\/span><\/li>\n<li><span class=\"a-list-item\">2. Mit klarem Wasser absp\u00fclen. Bitte achten Sie darauf, Ihre N\u00e4gel nicht zu benutzen, um Verletzungen zu vermeiden.<\/span><\/li>\n<li>3. Nach der Reinigung zum Trocknen aufh\u00e4ngen und direkte Sonneneinstrahlung vermeiden.<\/li>\n<li>4. Nach dem Reinigen und Trocknen die Schutzfolie anbringen. Eine Seite verliert ihre Klebrigkeit, wenn sie mit Staub verschmutzt ist. Der Lagerbereich sollte vor direkter Sonneneinstrahlung gesch\u00fctzt werden.<\/li>\n<\/ul>\n<ul>\n<li><strong>WICHTIGE TIPPS:<\/strong><br \/>\nNicht geeignet, wenn Sie Hautprobleme haben oder wenn Ihre Haut verletzt, infiziert oder sonnenverbrannt ist.<br \/>\nBitte verwenden Sie dieses Produkt nicht, wenn Sie schwanger sind oder stillen, wenn Sie allergisch gegen Silikon sind oder wenn Sie sich k\u00fcrzlich einer Brustvergr\u00f6\u00dferung oder Brustverkleinerung unterzogen haben.<br \/>\nSollten w\u00e4hrend der Anwendung dieses Produkts Hautanomalien auftreten, brechen Sie die Anwendung sofort ab und wenden Sie sich umgehend an Ihren Hautarzt oder Hautspezialisten.<\/li>\n<\/ul>\n<\/div>\n<\/div>\n<div id=\"acf-carousel_feature_div\" class=\"celwidget\" data-feature-name=\"acf-carousel\" data-csa-c-type=\"widget\" data-csa-c-content-id=\"acf-carousel\" data-csa-c-slot-id=\"acf-carousel_feature_div\" data-csa-c-asin=\"B07DF32D6Q\" data-csa-c-is-in-initial-active-row=\"false\" data-csa-c-id=\"oqpgyr-mh4egp-nntzd2-kyiiqq\"><\/div>\n<div id=\"provenanceCertifications_feature_div\" class=\"celwidget\" data-feature-name=\"provenanceCertifications\" data-csa-c-type=\"widget\" data-csa-c-content-id=\"provenanceCertifications\" data-csa-c-slot-id=\"provenanceCertifications_feature_div\" data-csa-c-asin=\"B07DF32D6Q\" data-csa-c-is-in-initial-active-row=\"false\" data-csa-c-id=\"6t8ho-xbknmj-nqaso5-ne24gd\">\n<div id=\"provenance-certifications\" class=\"a-section a-spacing-medium a-spacing-top-micro\"><\/div>\n<\/div>\n<h2>BH-Gr\u00f6\u00dfentabelle mit Bildern<\/h2>\n\t<div class=\"img has-hover x md-x lg-x y md-y lg-y\" id=\"image_40983057\">\n\t\t\t\t\t\t\t\t<div class=\"img-inner dark\" >\n\t\t\t<img loading=\"lazy\" decoding=\"async\" width=\"1020\" height=\"976\" src=\"https:\/\/zaoyigarment.com\/wp-content\/uploads\/2024\/01\/bra-size-calculator-1024x980.webp\" class=\"attachment-large size-large\" alt=\"BH-Gr\u00f6\u00dfenrechner\" srcset=\"https:\/\/zaoyigarment.com\/wp-content\/uploads\/2024\/01\/bra-size-calculator-1024x980.webp 1024w, https:\/\/zaoyigarment.com\/wp-content\/uploads\/2024\/01\/bra-size-calculator-300x287.webp 300w, https:\/\/zaoyigarment.com\/wp-content\/uploads\/2024\/01\/bra-size-calculator-768x735.webp 768w, https:\/\/zaoyigarment.com\/wp-content\/uploads\/2024\/01\/bra-size-calculator-1536x1471.webp 1536w, https:\/\/zaoyigarment.com\/wp-content\/uploads\/2024\/01\/bra-size-calculator-600x575.webp 600w, https:\/\/zaoyigarment.com\/wp-content\/uploads\/2024\/01\/bra-size-calculator.webp 2000w\" sizes=\"auto, (max-width: 1020px) 100vw, 1020px\" \/>\t\t\t\t\t\t\n\t\t\t\t\t<\/div>\n\t\t\t\t\t\t\t\t\n<style>\n#image_40983057 {\n  width: 100%;\n}\n<\/style>\n\t<\/div>","protected":false},"excerpt":{"rendered":"<p>Zaoyi Custom Sticky Bra Hersteller und Lieferant in China<\/p>\n<p>\u2013 Mindestbestellmenge: 3000 St\u00fcck<br \/>\n\u2013 OEM\/ODM-Service angeboten<br \/>\n\u2013 Kostenlose Probe verf\u00fcgbar<br \/>\n\u2013 BH-Recycling<br \/>\n\u2013 25-35 Tage Lieferzeit f\u00fcr individuelle Bestellungen<br \/>\n\u2013 Akzeptieren Sie Anpassungen (Spezifikationen, Farbe, Design usw.)<\/p>\n<p>1) Die besten BH-L\u00f6sungen zum Tragen mit Brautkleid, r\u00fcckenfreiem Kleid, T-Shirt etc.<br \/>\n2)Nahtloses und kabelloses Design f\u00fcr Freiheit<br \/>\n3) Glattes und medizinisches Material<br \/>\n4)Kann individuelle Stoffe oder Muster auf dem B\u00fcstenhalter anbringen<br \/>\n5) Lebendige Hautfarbe<br \/>\n6)DIY-Anpassung<\/p>\n<p>Wenn Sie Preise f\u00fcr Klebe-BHs erfahren m\u00f6chten, setzen Sie sich bitte mit uns in Verbindung.<\/p>","protected":false},"featured_media":2791,"comment_status":"open","ping_status":"closed","template":"","meta":[],"product_brand":[],"product_cat":[36],"product_tag":[],"class_list":{"0":"post-1393","1":"product","2":"type-product","3":"status-publish","4":"has-post-thumbnail","6":"product_cat-sticky-bra","8":"first","9":"instock","10":"shipping-taxable","11":"product-type-simple"},"_links":{"self":[{"href":"https:\/\/zaoyigarment.com\/de\/wp-json\/wp\/v2\/product\/1393","targetHints":{"allow":["GET"]}}],"collection":[{"href":"https:\/\/zaoyigarment.com\/de\/wp-json\/wp\/v2\/product"}],"about":[{"href":"https:\/\/zaoyigarment.com\/de\/wp-json\/wp\/v2\/types\/product"}],"replies":[{"embeddable":true,"href":"https:\/\/zaoyigarment.com\/de\/wp-json\/wp\/v2\/comments?post=1393"}],"wp:featuredmedia":[{"embeddable":true,"href":"https:\/\/zaoyigarment.com\/de\/wp-json\/wp\/v2\/media\/2791"}],"wp:attachment":[{"href":"https:\/\/zaoyigarment.com\/de\/wp-json\/wp\/v2\/media?parent=1393"}],"wp:term":[{"taxonomy":"product_brand","embeddable":true,"href":"https:\/\/zaoyigarment.com\/de\/wp-json\/wp\/v2\/product_brand?post=1393"},{"taxonomy":"product_cat","embeddable":true,"href":"https:\/\/zaoyigarment.com\/de\/wp-json\/wp\/v2\/product_cat?post=1393"},{"taxonomy":"product_tag","embeddable":true,"href":"https:\/\/zaoyigarment.com\/de\/wp-json\/wp\/v2\/product_tag?post=1393"}],"curies":[{"name":"wp","href":"https:\/\/api.w.org\/{rel}","templated":true}]}}