 {"id":3122,"date":"2025-09-10T08:08:06","date_gmt":"2025-09-10T08:08:06","guid":{"rendered":"https:\/\/zaoyigarment.com\/?post_type=product&#038;p=3122"},"modified":"2026-03-01T23:58:12","modified_gmt":"2026-03-01T23:58:12","slug":"pastie-nipple-breast-cover","status":"publish","type":"product","link":"https:\/\/zaoyigarment.com\/cs\/manufacturer\/pastie-nipple-breast-cover\/","title":{"rendered":"Pastie krytky na bradavky pro \u0161aty, p\u00e1rty, podprsenka v barv\u011b k\u016f\u017ee, lep\u00edc\u00ed bradavky"},"content":{"rendered":"<ul class=\"a-unordered-list a-vertical a-spacing-mini\">\n<li><span class=\"a-list-item\"><strong>\ud83c\udf6aJM\u00c9NO:<\/strong> <a href=\"https:\/\/nipplecover.us\/product\/round-nonwoven-fabric-nipple-cover\/\" target=\"_blank\" rel=\"noopener\">kryt bradavky<\/a>, prsn\u00ed l\u00edstky, n\u00e1lepky na bradavky, kryt na prsa<\/span><\/li>\n<li><span class=\"a-list-item\"><strong>\ud83c\udf6a TVARY:<\/strong>\u00a0 ov\u00e1ln\u00fd, <a href=\"https:\/\/zaoyigarment.com\/cs\/manufacturer\/butterfly-nipple-cover-sticky-bra-adhesive-bra-breast-covers-sexy-outfit\/\">jak\u00fdkoli tvar<\/a><\/span><\/li>\n<li><span class=\"a-list-item\"><strong>\ud83c\udf6aBEZDR\u00c1TOV\u00c1:<\/strong> Ano<\/span><\/li>\n<li><span class=\"a-list-item\"><strong>\ud83c\udf6aBARVA PRODUKTU:<\/strong> t\u011blov\u00e1, kakaov\u00e1, hn\u011bd\u00e1, \u010dern\u00e1, na zak\u00e1zku.<\/span><\/li>\n<li><span class=\"a-list-item\">\ud83c\udf6a<strong>VELIKOSTI:<\/strong> p\u0159izp\u016fsoben\u00e9<\/span><\/li>\n<li><span class=\"a-list-item\">\ud83c\udf6a<strong>APLIKACE:<\/strong> svatba, sexy oble\u010den\u00ed, p\u00e1rty, banket, p\u0159\u00edle\u017eitostn\u00e9 atd.<\/span><\/li>\n<li><span class=\"a-color-base\"><span class=\"a-color-base\"><span class=\"a-list-item\"><strong>\ud83c\udf6aTYP MATERI\u00c1LU:\u00a0 <\/strong><span class=\"product-composition-detail__component ng-star-inserted\" data-testid=\"composition-detail-component\">100% bavlna, DOPL\u0147KOV\u00dd MATERI\u00c1L: 100% gel.<\/span><\/span><\/span><\/span><\/li>\n<li><span class=\"a-color-base\"><span class=\"a-list-item\"><strong>\ud83c\udf6aPOKYNY K P\u00c9\u010cI: <\/strong>jednor\u00e1zov\u00e9 pou\u017eit\u00ed<\/span><\/span><\/li>\n<li><strong><span class=\"a-color-base\"><span class=\"a-list-item\">\ud83c\udf6a<\/span><\/span>D\u016eLE\u017dIT\u00c9 TIPY:<\/strong><br \/>\nNevhodn\u00e9, pokud m\u00e1te ko\u017en\u00ed probl\u00e9my, nebo kdy\u017e je va\u0161e k\u016f\u017ee poran\u011bn\u00e1, infikovan\u00e1 nebo sp\u00e1len\u00e1 od slunce.<br \/>\nPros\u00edm, nepou\u017e\u00edvejte tento produkt, pokud jste t\u011bhotn\u00e1 nebo koj\u00edte, pokud jste alergi\u010dt\u00ed na silikagel nebo pokud jste ned\u00e1vno podstoupili operaci zv\u011bt\u0161en\u00ed nebo zmen\u0161en\u00ed prsou.<br \/>\nPokud se p\u0159i pou\u017e\u00edv\u00e1n\u00ed tohoto produktu objev\u00ed jak\u00e9koli ko\u017en\u00ed abnormality, okam\u017eit\u011b p\u0159esta\u0148te pou\u017e\u00edvat a okam\u017eit\u011b se pora\u010fte se sv\u00fdm dermatologem nebo ko\u017en\u00edm specialistou.<\/li>\n<\/ul>\n<p>&nbsp;<\/p>\n\t<div class=\"img has-hover x md-x lg-x y md-y lg-y\" id=\"image_1830012804\">\n\t\t\t\t\t\t\t\t<div class=\"img-inner dark\" >\n\t\t\t<img loading=\"lazy\" decoding=\"async\" width=\"1020\" height=\"1020\" src=\"https:\/\/zaoyigarment.com\/wp-content\/uploads\/2025\/09\/Pastie-Nipple-Breast-Cover-for-Dress-Party-Skin-Bra-Sticky-Nips-8-1024x1024.jpg\" class=\"attachment-large size-large\" alt=\"N\u00e1lepky na bradavky a kryty na prsa pro \u0161aty, p\u00e1rty, samolepic\u00ed podprsenku, lepiv\u00e9 bradavky 8\" srcset=\"https:\/\/zaoyigarment.com\/wp-content\/uploads\/2025\/09\/Pastie-Nipple-Breast-Cover-for-Dress-Party-Skin-Bra-Sticky-Nips-8-1024x1024.jpg 1024w, https:\/\/zaoyigarment.com\/wp-content\/uploads\/2025\/09\/Pastie-Nipple-Breast-Cover-for-Dress-Party-Skin-Bra-Sticky-Nips-8-300x300.jpg 300w, https:\/\/zaoyigarment.com\/wp-content\/uploads\/2025\/09\/Pastie-Nipple-Breast-Cover-for-Dress-Party-Skin-Bra-Sticky-Nips-8-150x150.jpg 150w, https:\/\/zaoyigarment.com\/wp-content\/uploads\/2025\/09\/Pastie-Nipple-Breast-Cover-for-Dress-Party-Skin-Bra-Sticky-Nips-8-768x768.jpg 768w, https:\/\/zaoyigarment.com\/wp-content\/uploads\/2025\/09\/Pastie-Nipple-Breast-Cover-for-Dress-Party-Skin-Bra-Sticky-Nips-8-12x12.jpg 12w, https:\/\/zaoyigarment.com\/wp-content\/uploads\/2025\/09\/Pastie-Nipple-Breast-Cover-for-Dress-Party-Skin-Bra-Sticky-Nips-8-600x600.jpg 600w, https:\/\/zaoyigarment.com\/wp-content\/uploads\/2025\/09\/Pastie-Nipple-Breast-Cover-for-Dress-Party-Skin-Bra-Sticky-Nips-8-100x100.jpg 100w, https:\/\/zaoyigarment.com\/wp-content\/uploads\/2025\/09\/Pastie-Nipple-Breast-Cover-for-Dress-Party-Skin-Bra-Sticky-Nips-8.jpg 1500w\" sizes=\"auto, (max-width: 1020px) 100vw, 1020px\" \/>\t\t\t\t\t\t\n\t\t\t\t\t<\/div>\n\t\t\t\t\t\t\t\t\n<style>\n#image_1830012804 {\n  width: 100%;\n}\n<\/style>\n\t<\/div>\n\t\n\t<div class=\"img has-hover x md-x lg-x y md-y lg-y\" id=\"image_1713156395\">\n\t\t\t\t\t\t\t\t<div class=\"img-inner dark\" >\n\t\t\t<img loading=\"lazy\" decoding=\"async\" width=\"1020\" height=\"1020\" src=\"https:\/\/zaoyigarment.com\/wp-content\/uploads\/2025\/09\/Pastie-Nipple-Breast-Cover-for-Dress-Party-Skin-Bra-Sticky-Nips-3-1024x1024.jpg\" class=\"attachment-large size-large\" alt=\"N\u00e1lepky na bradavky a kryty na prsa pro \u0161aty, p\u00e1rty, samolepic\u00ed podprsenku, lepiv\u00e9 bradavky 3\" srcset=\"https:\/\/zaoyigarment.com\/wp-content\/uploads\/2025\/09\/Pastie-Nipple-Breast-Cover-for-Dress-Party-Skin-Bra-Sticky-Nips-3-1024x1024.jpg 1024w, https:\/\/zaoyigarment.com\/wp-content\/uploads\/2025\/09\/Pastie-Nipple-Breast-Cover-for-Dress-Party-Skin-Bra-Sticky-Nips-3-300x300.jpg 300w, https:\/\/zaoyigarment.com\/wp-content\/uploads\/2025\/09\/Pastie-Nipple-Breast-Cover-for-Dress-Party-Skin-Bra-Sticky-Nips-3-150x150.jpg 150w, https:\/\/zaoyigarment.com\/wp-content\/uploads\/2025\/09\/Pastie-Nipple-Breast-Cover-for-Dress-Party-Skin-Bra-Sticky-Nips-3-768x768.jpg 768w, https:\/\/zaoyigarment.com\/wp-content\/uploads\/2025\/09\/Pastie-Nipple-Breast-Cover-for-Dress-Party-Skin-Bra-Sticky-Nips-3-12x12.jpg 12w, https:\/\/zaoyigarment.com\/wp-content\/uploads\/2025\/09\/Pastie-Nipple-Breast-Cover-for-Dress-Party-Skin-Bra-Sticky-Nips-3-600x600.jpg 600w, https:\/\/zaoyigarment.com\/wp-content\/uploads\/2025\/09\/Pastie-Nipple-Breast-Cover-for-Dress-Party-Skin-Bra-Sticky-Nips-3-100x100.jpg 100w, https:\/\/zaoyigarment.com\/wp-content\/uploads\/2025\/09\/Pastie-Nipple-Breast-Cover-for-Dress-Party-Skin-Bra-Sticky-Nips-3.jpg 1500w\" sizes=\"auto, (max-width: 1020px) 100vw, 1020px\" \/>\t\t\t\t\t\t\n\t\t\t\t\t<\/div>\n\t\t\t\t\t\t\t\t\n<style>\n#image_1713156395 {\n  width: 100%;\n}\n<\/style>\n\t<\/div>\n\t\n\t<div class=\"img has-hover x md-x lg-x y md-y lg-y\" id=\"image_533917180\">\n\t\t\t\t\t\t\t\t<div class=\"img-inner dark\" >\n\t\t\t<img loading=\"lazy\" decoding=\"async\" width=\"1020\" height=\"1020\" src=\"https:\/\/zaoyigarment.com\/wp-content\/uploads\/2025\/09\/Pastie-Nipple-Breast-Cover-for-Dress-Party-Skin-Bra-Sticky-Nips-2-1024x1024.jpg\" class=\"attachment-large size-large\" alt=\"N\u00e1lepky na bradavky a kryty na prsa pro \u0161aty, p\u00e1rty, samolepic\u00ed podprsenku, lepiv\u00e9 bradavky 2\" srcset=\"https:\/\/zaoyigarment.com\/wp-content\/uploads\/2025\/09\/Pastie-Nipple-Breast-Cover-for-Dress-Party-Skin-Bra-Sticky-Nips-2-1024x1024.jpg 1024w, https:\/\/zaoyigarment.com\/wp-content\/uploads\/2025\/09\/Pastie-Nipple-Breast-Cover-for-Dress-Party-Skin-Bra-Sticky-Nips-2-300x300.jpg 300w, https:\/\/zaoyigarment.com\/wp-content\/uploads\/2025\/09\/Pastie-Nipple-Breast-Cover-for-Dress-Party-Skin-Bra-Sticky-Nips-2-150x150.jpg 150w, https:\/\/zaoyigarment.com\/wp-content\/uploads\/2025\/09\/Pastie-Nipple-Breast-Cover-for-Dress-Party-Skin-Bra-Sticky-Nips-2-768x768.jpg 768w, https:\/\/zaoyigarment.com\/wp-content\/uploads\/2025\/09\/Pastie-Nipple-Breast-Cover-for-Dress-Party-Skin-Bra-Sticky-Nips-2-12x12.jpg 12w, https:\/\/zaoyigarment.com\/wp-content\/uploads\/2025\/09\/Pastie-Nipple-Breast-Cover-for-Dress-Party-Skin-Bra-Sticky-Nips-2-600x600.jpg 600w, https:\/\/zaoyigarment.com\/wp-content\/uploads\/2025\/09\/Pastie-Nipple-Breast-Cover-for-Dress-Party-Skin-Bra-Sticky-Nips-2-100x100.jpg 100w, https:\/\/zaoyigarment.com\/wp-content\/uploads\/2025\/09\/Pastie-Nipple-Breast-Cover-for-Dress-Party-Skin-Bra-Sticky-Nips-2.jpg 1500w\" sizes=\"auto, (max-width: 1020px) 100vw, 1020px\" \/>\t\t\t\t\t\t\n\t\t\t\t\t<\/div>\n\t\t\t\t\t\t\t\t\n<style>\n#image_533917180 {\n  width: 100%;\n}\n<\/style>\n\t<\/div>","protected":false},"excerpt":{"rendered":"<p>Zaoyi Zak\u00e1zkov\u00fd v\u00fdrobce a dodavatel n\u00e1lepek na bradavky a kryt\u016f na prsa v \u010c\u00edn\u011b<\/p>\n<p>\u2013 MOQ: 1000 ks<br \/>\n\u2013 Nab\u00edzen\u00e1 slu\u017eba OEM\/ODM<br \/>\n- K dispozici bezplatn\u00fd vzorek<br \/>\n\u2013 Recyklace podprsenek<br \/>\n- 25-35 dn\u00ed p\u0159ipravenosti pro p\u0159izp\u016fsobenou objedn\u00e1vku<br \/>\n- P\u0159ijm\u011bte p\u0159izp\u016fsoben\u00ed (specifikace, barva, design atd.)<\/p>\n<p>1) Nejlep\u0161\u00ed \u0159e\u0161en\u00ed pro podprsenku pro sexy oble\u010den\u00ed, \u0161aty bez zad, svatebn\u00ed \u0161aty, tri\u010dka atd.<br \/>\n2) Beze\u0161v\u00fd a podp\u016frn\u00fd design pro pohodl\u00ed<br \/>\n3) Hladk\u00fd a l\u00e9ka\u0159sk\u00fd gel<br \/>\n4) M\u016f\u017ee ud\u011blat p\u0159izp\u016fsobenou l\u00e1tku nebo vzor na krytu bradavky<br \/>\n5) \u017div\u00e1 barva, proti vyblednut\u00ed<br \/>\n6) DIY p\u0159izp\u016fsoben\u00ed<\/p>\n<p>Pokud chcete z\u00edskat ceny n\u00e1lepek na bradavky a kryt\u016f na prsa, kontaktujte n\u00e1s pros\u00edm. D\u011bkujeme.<\/p>","protected":false},"featured_media":3123,"comment_status":"open","ping_status":"closed","template":"","meta":[],"product_brand":[],"product_cat":[52],"product_tag":[],"class_list":{"0":"post-3122","1":"product","2":"type-product","3":"status-publish","4":"has-post-thumbnail","6":"product_cat-nipple-cover","8":"first","9":"instock","10":"shipping-taxable","11":"product-type-simple"},"_links":{"self":[{"href":"https:\/\/zaoyigarment.com\/cs\/wp-json\/wp\/v2\/product\/3122","targetHints":{"allow":["GET"]}}],"collection":[{"href":"https:\/\/zaoyigarment.com\/cs\/wp-json\/wp\/v2\/product"}],"about":[{"href":"https:\/\/zaoyigarment.com\/cs\/wp-json\/wp\/v2\/types\/product"}],"replies":[{"embeddable":true,"href":"https:\/\/zaoyigarment.com\/cs\/wp-json\/wp\/v2\/comments?post=3122"}],"wp:featuredmedia":[{"embeddable":true,"href":"https:\/\/zaoyigarment.com\/cs\/wp-json\/wp\/v2\/media\/3123"}],"wp:attachment":[{"href":"https:\/\/zaoyigarment.com\/cs\/wp-json\/wp\/v2\/media?parent=3122"}],"wp:term":[{"taxonomy":"product_brand","embeddable":true,"href":"https:\/\/zaoyigarment.com\/cs\/wp-json\/wp\/v2\/product_brand?post=3122"},{"taxonomy":"product_cat","embeddable":true,"href":"https:\/\/zaoyigarment.com\/cs\/wp-json\/wp\/v2\/product_cat?post=3122"},{"taxonomy":"product_tag","embeddable":true,"href":"https:\/\/zaoyigarment.com\/cs\/wp-json\/wp\/v2\/product_tag?post=3122"}],"curies":[{"name":"wp","href":"https:\/\/api.w.org\/{rel}","templated":true}]}}