 {"id":3052,"date":"2024-10-21T08:20:20","date_gmt":"2024-10-21T08:20:20","guid":{"rendered":"https:\/\/zaoyigarment.com\/?post_type=product&#038;p=3052"},"modified":"2025-09-23T00:33:15","modified_gmt":"2025-09-23T00:33:15","slug":"lace-body-tape","status":"publish","type":"product","link":"https:\/\/zaoyigarment.com\/cs\/manufacturer\/lace-body-tape\/","title":{"rendered":"Lace Body Tape Breast Lift Lace Tape Prody\u0161n\u00e1 p\u00e1ska na prsa"},"content":{"rendered":"<div id=\"featurebullets_feature_div\" class=\"celwidget\" data-feature-name=\"featurebullets\" data-csa-c-type=\"widget\" data-csa-c-content-id=\"featurebullets\" data-csa-c-slot-id=\"featurebullets_feature_div\" data-csa-c-asin=\"B07DF32D6Q\" data-csa-c-is-in-initial-active-row=\"false\" data-csa-c-id=\"3j0pnl-7cjnp-9t8psx-tspeog\">\n<div id=\"feature-bullets\" class=\"a-section a-spacing-medium a-spacing-top-small\">\n<ul class=\"a-unordered-list a-vertical a-spacing-mini\">\n<li>\n<div data-zone-id=\"0\" data-line-index=\"0\" data-line=\"true\">\n<div data-zone-id=\"0\" data-line-index=\"0\" data-line=\"true\"><strong style=\"font-size: 14.4px;\">VELIKOST KRAJKOV\u00c9 T\u011aLOV\u00c9 P\u00c1SKY:<\/strong><span style=\"font-size: 14.4px;\"> B\u011b\u017en\u00e1 \u0161\u00ed\u0159ka je 2,5 cm, 3,8 cm, 5 cm, 7,5 cm, 10 cm, d\u00e9lka si m\u016f\u017ee vybrat 3M, 4M, 5M. Velikost vnit\u0159n\u00ed barevn\u00e9 krabice je 7,5 * 6,5 * 7,5 cm, 11,5 * 8 * 8 cm. Velikosti v\u0161e p\u0159izp\u016fsoben\u00e9<\/span><\/div>\n<\/div>\n<\/li>\n<li><span class=\"a-list-item\"><strong>MATERI\u00c1L:<\/strong> Bavlna+spandex<\/span><\/li>\n<li><span class=\"a-list-item\"><strong>MAXIMALIZACE P\u0158ENOSNOSTI:<\/strong> Usnadn\u011bte si skladov\u00e1n\u00ed, p\u0159epravu<\/span><\/li>\n<li><span class=\"a-list-item\"><strong>K DISPOZICI HROMADN\u011a:<\/strong> Nab\u00edzeno ve velk\u00e9m 1000 krabic s dostupn\u00fdmi velkoobchodn\u00edmi cenami, abyste m\u011bli jistotu, \u017ee z\u016fstanete skladem a v r\u00e1mci rozpo\u010dtu<\/span><\/li>\n<li><span class=\"a-list-item\"><strong>PERFEKTN\u00cd PRO SVATBY, SPECI\u00c1LN\u00cd AKCE A CATERATE:<\/strong> P\u0159ineste nezapomenutelnou sebed\u016fv\u011bru, kdy\u017e jste na svatb\u011b, banketu a ve\u010d\u00edrku s touto jedine\u010dnou p\u00e1skou<\/span><\/li>\n<li><strong>Tipy: <\/strong>Pros\u00edm, m\u011bjte na pam\u011bti, \u017ee tento produkt m\u00e1 v\u00e1\u017en\u00e9 omezen\u00ed!<br \/>\nN\u011bkter\u00e9 \u017eeny maj\u00ed tenkou k\u016f\u017ei kolem kl\u00ed\u010dn\u00ed kosti nebo horn\u00ed \u010d\u00e1sti hrudn\u00edku. Nenoste v\u00fdrobek d\u00e9le ne\u017e 8 hodin. Bu\u010fte velmi opatrn\u00ed, pokud se rozhodnete pou\u017e\u00edt p\u00e1sku na tyto oblasti.<br \/>\nNevystavujte v\u00fdrobek dlouhodob\u00e9mu slune\u010dn\u00edmu z\u00e1\u0159en\u00ed nebo teplu b\u011bhem pou\u017e\u00edv\u00e1n\u00ed. To m\u016f\u017ee zp\u016fsobit podr\u00e1\u017ed\u011bn\u00ed poko\u017eky. V produktu se neopalujte.<\/li>\n<li><strong>V\u00fdhody:<\/strong><\/li>\n<li>STRONG-HOLD\u2013 nab\u00edz\u00ed vynikaj\u00edc\u00ed podporu, kter\u00e1 zaji\u0161\u0165uje, \u017ee lepidlo z\u016fstane na sv\u00e9m m\u00edst\u011b i b\u011bhem aktivn\u00edch letn\u00edch dn\u016f, odol\u00e1v\u00e1 vod\u011b a potu. Jeho akrylov\u00e9 lepidlo jemn\u011b p\u0159ilne k va\u0161\u00ed poko\u017ece, poskytuje pohodln\u00e9 zvednut\u00ed a eliminuje pot\u0159ebu popruh\u016f, kter\u00e9 by mohly zni\u010dit v\u00e1\u0161 outfit.<\/li>\n<li>PRO V\u0160ECHNY VELIKOSTI \u2013 je vhodn\u00fd pro velikosti ko\u0161\u00ed\u010dk\u016f od A do Z, co\u017e v\u00e1m umo\u017en\u00ed p\u0159izp\u016fsobit pot\u0159ebn\u00e9 mno\u017estv\u00ed na z\u00e1klad\u011b velikosti a hmotnosti va\u0161ich prsou. Zm\u011b\u0159te oblast aplikace, zast\u0159ihn\u011bte, aby sed\u011bla, a aplikujte p\u00e1sku, abyste dos\u00e1hli po\u017eadovan\u00e9ho zdvihu a tvaru podle va\u0161eho stylu oble\u010den\u00ed.<\/li>\n<li>DISKR\u00c9TN\u00cd VYHLED\u00c1V\u00c1N\u00cd \u2013 tato p\u00e1ska na kontury prsou se svou \u201eop\u00e1lenou\u201c barvou a v\u0161estrann\u00fdmi mo\u017enostmi pou\u017eit\u00ed poskytuje p\u0159irozen\u00fd a neviditeln\u00fd vzhled. Aplikujte p\u00e1sku, abyste dos\u00e1hli po\u017eadovan\u00e9ho efektu, a\u0165 u\u017e je to \u201eLifted\u201c nebo \u201eNatural\u201c, pro r\u016fzn\u00e9 oble\u010den\u00ed, jako jsou bez zad, bez ram\u00ednek, pr\u016fhledn\u00e1 s\u00ed\u0165ovina, svatebn\u00ed \u0161aty nebo z\u00e1kladn\u00ed tri\u010dka.<\/li>\n<li><b>Pozn\u00e1mka:<\/b><br \/>\n<b>Jak se vyhnout ko\u017en\u00edm alergi\u00edm a probl\u00e9m\u016fm s trh\u00e1n\u00edm k\u016f\u017ee?<\/b><\/p>\n<ul>\n<li>Prove\u010fte jednoduch\u00fd ko\u017en\u00ed test<\/li>\n<li>Nenech\u00e1vejte p\u00e1sku na k\u016f\u017ei d\u00e9le ne\u017e 12 hodin<\/li>\n<li>Nevhodn\u00e9 pro t\u011bhotn\u00e9 \u017eeny, koj\u00edc\u00ed \u017eeny nebo osoby s citlivou\/jemnou poko\u017ekou<\/li>\n<li>Nezapome\u0148te pou\u017e\u00edt teplou vodu nebo esenci\u00e1ln\u00ed olej k pomal\u00e9mu a jemn\u00e9mu odstran\u011bn\u00ed n\u00e1prsn\u00ed p\u00e1sky, kter\u00e1 pom\u00e1h\u00e1 p\u0159edch\u00e1zet natr\u017een\u00ed k\u016f\u017ee, p\u0159\u00edli\u0161 rychl\u00e9 odtr\u017een\u00ed m\u016f\u017ee zp\u016fsobit zran\u011bn\u00ed. M\u016f\u017eete si tak\u00e9 d\u00e1t horkou koupel a Rip to<\/li>\n<\/ul>\n<p><b>Jak prov\u00e9st jednoduch\u00fd ko\u017en\u00ed test, abyste zjistili, \u017ee va\u0161e poko\u017eka je citliv\u00e1 nebo ne?<\/b><\/p>\n<ol>\n<li>M\u016f\u017eete si odst\u0159ihnout mal\u00fd prou\u017eek p\u00e1sky a nalepit si ji na vnit\u0159n\u00ed stranu pa\u017ee, pot\u00e9 ji po 6 hodin\u00e1ch odtrhn\u011bte.<\/li>\n<li>Pozorujte svou poko\u017eku.<\/li>\n<li>Pokud po testu zaznamen\u00e1te ne\u017e\u00e1douc\u00ed reakci (jako je zarudnut\u00ed, p\u00e1len\u00ed nebo nep\u0159\u00edjemn\u00fd pocit), p\u0159esta\u0148te pros\u00edm tuto p\u00e1sku okam\u017eit\u011b pou\u017e\u00edvat.<\/li>\n<\/ol>\n<\/li>\n<\/ul>\n<\/div>\n<\/div>\n\t<div class=\"img has-hover x md-x lg-x y md-y lg-y\" id=\"image_755352003\">\n\t\t\t\t\t\t\t\t<div class=\"img-inner dark\" >\n\t\t\t<img loading=\"lazy\" decoding=\"async\" width=\"1020\" height=\"1020\" src=\"https:\/\/zaoyigarment.com\/wp-content\/uploads\/2024\/10\/lace-body-tape-1024x1024.webp\" class=\"attachment-large size-large\" alt=\"krajkov\u00e1 p\u00e1ska na t\u011blo\" srcset=\"https:\/\/zaoyigarment.com\/wp-content\/uploads\/2024\/10\/lace-body-tape-1024x1024.webp 1024w, https:\/\/zaoyigarment.com\/wp-content\/uploads\/2024\/10\/lace-body-tape-300x300.webp 300w, https:\/\/zaoyigarment.com\/wp-content\/uploads\/2024\/10\/lace-body-tape-150x150.webp 150w, https:\/\/zaoyigarment.com\/wp-content\/uploads\/2024\/10\/lace-body-tape-768x768.webp 768w, https:\/\/zaoyigarment.com\/wp-content\/uploads\/2024\/10\/lace-body-tape-1536x1536.webp 1536w, https:\/\/zaoyigarment.com\/wp-content\/uploads\/2024\/10\/lace-body-tape-2048x2048.webp 2048w, https:\/\/zaoyigarment.com\/wp-content\/uploads\/2024\/10\/lace-body-tape-12x12.webp 12w, https:\/\/zaoyigarment.com\/wp-content\/uploads\/2024\/10\/lace-body-tape-600x600.webp 600w, https:\/\/zaoyigarment.com\/wp-content\/uploads\/2024\/10\/lace-body-tape-100x100.webp 100w\" sizes=\"auto, (max-width: 1020px) 100vw, 1020px\" \/>\t\t\t\t\t\t\n\t\t\t\t\t<\/div>\n\t\t\t\t\t\t\t\t\n<style>\n#image_755352003 {\n  width: 100%;\n}\n<\/style>\n\t<\/div>\n\t\n\t<div class=\"img has-hover x md-x lg-x y md-y lg-y\" id=\"image_1810040672\">\n\t\t\t\t\t\t\t\t<div class=\"img-inner dark\" >\n\t\t\t<img loading=\"lazy\" decoding=\"async\" width=\"1020\" height=\"1020\" src=\"https:\/\/zaoyigarment.com\/wp-content\/uploads\/2024\/10\/how-to-use-bra-tape-1024x1024.webp\" class=\"attachment-large size-large\" alt=\"jak pou\u017e\u00edvat p\u00e1sku na podprsenku\" srcset=\"https:\/\/zaoyigarment.com\/wp-content\/uploads\/2024\/10\/how-to-use-bra-tape-1024x1024.webp 1024w, https:\/\/zaoyigarment.com\/wp-content\/uploads\/2024\/10\/how-to-use-bra-tape-300x300.webp 300w, https:\/\/zaoyigarment.com\/wp-content\/uploads\/2024\/10\/how-to-use-bra-tape-150x150.webp 150w, https:\/\/zaoyigarment.com\/wp-content\/uploads\/2024\/10\/how-to-use-bra-tape-768x768.webp 768w, https:\/\/zaoyigarment.com\/wp-content\/uploads\/2024\/10\/how-to-use-bra-tape-12x12.webp 12w, https:\/\/zaoyigarment.com\/wp-content\/uploads\/2024\/10\/how-to-use-bra-tape-600x600.webp 600w, https:\/\/zaoyigarment.com\/wp-content\/uploads\/2024\/10\/how-to-use-bra-tape-100x100.webp 100w, https:\/\/zaoyigarment.com\/wp-content\/uploads\/2024\/10\/how-to-use-bra-tape.webp 1500w\" sizes=\"auto, (max-width: 1020px) 100vw, 1020px\" \/>\t\t\t\t\t\t\n\t\t\t\t\t<\/div>\n\t\t\t\t\t\t\t\t\n<style>\n#image_1810040672 {\n  width: 100%;\n}\n<\/style>\n\t<\/div>","protected":false},"excerpt":{"rendered":"<p>V\u00fdrobce a dodavatel Zaoyi Custom Lace Body Tape v \u010c\u00edn\u011b<\/p>\n<p>- MOQ: 3000 ks<br \/>\n\u2013 Nab\u00edzen\u00e1 slu\u017eba OEM\/ODM<br \/>\n- K dispozici bezplatn\u00fd vzorek<br \/>\n- P\u0159ijm\u011bte p\u0159izp\u016fsoben\u00ed (specifikace, barva, design atd.)<\/p>\n<p>Pokud chcete z\u00edskat ceny krajkov\u00e9 t\u011blov\u00e9 p\u00e1sky, kontaktujte n\u00e1s.<\/p>","protected":false},"featured_media":3057,"comment_status":"open","ping_status":"closed","template":"","meta":[],"product_brand":[],"product_cat":[38],"product_tag":[],"class_list":{"0":"post-3052","1":"product","2":"type-product","3":"status-publish","4":"has-post-thumbnail","6":"product_cat-bra-tape","8":"first","9":"instock","10":"shipping-taxable","11":"product-type-simple"},"_links":{"self":[{"href":"https:\/\/zaoyigarment.com\/cs\/wp-json\/wp\/v2\/product\/3052","targetHints":{"allow":["GET"]}}],"collection":[{"href":"https:\/\/zaoyigarment.com\/cs\/wp-json\/wp\/v2\/product"}],"about":[{"href":"https:\/\/zaoyigarment.com\/cs\/wp-json\/wp\/v2\/types\/product"}],"replies":[{"embeddable":true,"href":"https:\/\/zaoyigarment.com\/cs\/wp-json\/wp\/v2\/comments?post=3052"}],"wp:featuredmedia":[{"embeddable":true,"href":"https:\/\/zaoyigarment.com\/cs\/wp-json\/wp\/v2\/media\/3057"}],"wp:attachment":[{"href":"https:\/\/zaoyigarment.com\/cs\/wp-json\/wp\/v2\/media?parent=3052"}],"wp:term":[{"taxonomy":"product_brand","embeddable":true,"href":"https:\/\/zaoyigarment.com\/cs\/wp-json\/wp\/v2\/product_brand?post=3052"},{"taxonomy":"product_cat","embeddable":true,"href":"https:\/\/zaoyigarment.com\/cs\/wp-json\/wp\/v2\/product_cat?post=3052"},{"taxonomy":"product_tag","embeddable":true,"href":"https:\/\/zaoyigarment.com\/cs\/wp-json\/wp\/v2\/product_tag?post=3052"}],"curies":[{"name":"wp","href":"https:\/\/api.w.org\/{rel}","templated":true}]}}