 {"id":2736,"date":"2024-08-22T08:45:34","date_gmt":"2024-08-22T08:45:34","guid":{"rendered":"https:\/\/zaoyigarment.com\/?post_type=product&#038;p=2736"},"modified":"2026-04-07T04:40:58","modified_gmt":"2026-04-07T04:40:58","slug":"bra-buckle-extenders","status":"publish","type":"product","link":"https:\/\/zaoyigarment.com\/cs\/manufacturer\/bra-buckle-extenders\/","title":{"rendered":"Prodlu\u017eova\u010de p\u0159ezky podprsenky Nastaviteln\u00e9 d\u00e1msk\u00e9 prodlu\u017eova\u010de podprsenky r\u016fzn\u00e9 velikosti"},"content":{"rendered":"<ul class=\"a-unordered-list a-vertical a-spacing-mini\">\n<li><span class=\"a-list-item\"><strong>\ud83c\udf6aJM\u00c9NO:<\/strong> <a href=\"https:\/\/zaoyigarment.com\/cs\/manufacturer\/bra-extender-womens-soft-comfortable-bra-extenders\/\">prodlu\u017eova\u010d podprsenky<\/a>, prodlu\u017eova\u010d spony podprsenky, prodlu\u017eova\u010d d\u00e1msk\u00e9 podprsenky<\/span><\/li>\n<li><span class=\"a-list-item\"><strong>\ud83c\udf6a TVARY:<\/strong> obd\u00e9ln\u00edk<\/span><\/li>\n<li><span class=\"a-list-item\"><strong>\ud83c\udf6aBARVA PRODUKTU:<\/strong> nah\u00e1, b\u00edl\u00e1, \u010dern\u00e1, kakaov\u00e1, latte, p\u0159izp\u016fsoben\u00e1.<\/span><\/li>\n<li><span class=\"a-list-item\">\ud83c\udf6a<strong>VELIKOSTI:<\/strong> 35 cm, 45 cm, 55 cm atd. p\u0159izp\u016fsoben\u00e9<\/span><\/li>\n<li><span class=\"a-list-item\">\ud83c\udf6a<strong>APLIKACE:<\/strong> prodlu\u017eova\u010d ram\u00ednek podprsenky.<\/span><\/li>\n<li><span class=\"a-color-base\"><span class=\"a-list-item\"><strong>\ud83c\udf6aTYP MATERI\u00c1LU: <\/strong>nylon<\/span><\/span><\/li>\n<li><span class=\"a-color-base\"><span class=\"a-list-item\"><strong>\ud83c\udf6aPOKYNY K P\u00c9\u010cI: <\/strong>opakovan\u011b pou\u017eiteln\u00e9<\/span><\/span><\/li>\n<\/ul>\n<h2><\/h2>\n<h2><\/h2>\n\t<div class=\"img has-hover x md-x lg-x y md-y lg-y\" id=\"image_1395401388\">\n\t\t\t\t\t\t\t\t<div class=\"img-inner dark\" >\n\t\t\t<img loading=\"lazy\" decoding=\"async\" width=\"1000\" height=\"1000\" src=\"https:\/\/zaoyigarment.com\/wp-content\/uploads\/2024\/08\/bra-extension-buckle.webp\" class=\"attachment-large size-large\" alt=\"prodlu\u017eovac\u00ed spona podprsenky\" srcset=\"https:\/\/zaoyigarment.com\/wp-content\/uploads\/2024\/08\/bra-extension-buckle.webp 1000w, https:\/\/zaoyigarment.com\/wp-content\/uploads\/2024\/08\/bra-extension-buckle-300x300.webp 300w, https:\/\/zaoyigarment.com\/wp-content\/uploads\/2024\/08\/bra-extension-buckle-150x150.webp 150w, https:\/\/zaoyigarment.com\/wp-content\/uploads\/2024\/08\/bra-extension-buckle-768x768.webp 768w, https:\/\/zaoyigarment.com\/wp-content\/uploads\/2024\/08\/bra-extension-buckle-12x12.webp 12w, https:\/\/zaoyigarment.com\/wp-content\/uploads\/2024\/08\/bra-extension-buckle-600x600.webp 600w, https:\/\/zaoyigarment.com\/wp-content\/uploads\/2024\/08\/bra-extension-buckle-100x100.webp 100w\" sizes=\"auto, (max-width: 1000px) 100vw, 1000px\" \/>\t\t\t\t\t\t\n\t\t\t\t\t<\/div>\n\t\t\t\t\t\t\t\t\n<style>\n#image_1395401388 {\n  width: 100%;\n}\n<\/style>\n\t<\/div>","protected":false},"excerpt":{"rendered":"<p>V\u00fdrobce a dodavatel prodlu\u017eova\u010d\u016f p\u0159ezek Zaoyi na zak\u00e1zku v \u010c\u00edn\u011b<\/p>\n<p>- MOQ: 3000 ks<br \/>\n\u2013 Nab\u00edzen\u00e1 slu\u017eba OEM\/ODM<br \/>\n- K dispozici bezplatn\u00fd vzorek<br \/>\n\u2013 Recyklace podprsenek<br \/>\n- 25-35 dn\u00ed p\u0159ipravenosti pro p\u0159izp\u016fsobenou objedn\u00e1vku<br \/>\n- P\u0159ijm\u011bte p\u0159izp\u016fsoben\u00ed (specifikace, barva, design atd.)<\/p>\n<p>1) Nejlep\u0161\u00ed \u0159e\u0161en\u00ed pro voln\u00e1 ram\u00ednka podprsenky<br \/>\n2) K dispozici jsou p\u0159izp\u016fsoben\u00e9 velikosti<br \/>\n3) Pohodln\u00fd nylonov\u00fd materi\u00e1l<br \/>\n4) M\u016f\u017ee d\u011blat p\u0159izp\u016fsobenou l\u00e1tku nebo vzory<br \/>\n5) \u017div\u00e1 barva, proti vyblednut\u00ed<br \/>\n6) DIY p\u0159izp\u016fsoben\u00ed<\/p>\n<p>Pokud chcete z\u00edskat ceny prodlu\u017eova\u010d\u016f spony podprsenky, kontaktujte n\u00e1s.<\/p>","protected":false},"featured_media":2737,"comment_status":"open","ping_status":"closed","template":"","meta":[],"product_brand":[],"product_cat":[53],"product_tag":[],"class_list":{"0":"post-2736","1":"product","2":"type-product","3":"status-publish","4":"has-post-thumbnail","6":"product_cat-bra-accessories","8":"first","9":"instock","10":"shipping-taxable","11":"product-type-simple"},"_links":{"self":[{"href":"https:\/\/zaoyigarment.com\/cs\/wp-json\/wp\/v2\/product\/2736","targetHints":{"allow":["GET"]}}],"collection":[{"href":"https:\/\/zaoyigarment.com\/cs\/wp-json\/wp\/v2\/product"}],"about":[{"href":"https:\/\/zaoyigarment.com\/cs\/wp-json\/wp\/v2\/types\/product"}],"replies":[{"embeddable":true,"href":"https:\/\/zaoyigarment.com\/cs\/wp-json\/wp\/v2\/comments?post=2736"}],"wp:featuredmedia":[{"embeddable":true,"href":"https:\/\/zaoyigarment.com\/cs\/wp-json\/wp\/v2\/media\/2737"}],"wp:attachment":[{"href":"https:\/\/zaoyigarment.com\/cs\/wp-json\/wp\/v2\/media?parent=2736"}],"wp:term":[{"taxonomy":"product_brand","embeddable":true,"href":"https:\/\/zaoyigarment.com\/cs\/wp-json\/wp\/v2\/product_brand?post=2736"},{"taxonomy":"product_cat","embeddable":true,"href":"https:\/\/zaoyigarment.com\/cs\/wp-json\/wp\/v2\/product_cat?post=2736"},{"taxonomy":"product_tag","embeddable":true,"href":"https:\/\/zaoyigarment.com\/cs\/wp-json\/wp\/v2\/product_tag?post=2736"}],"curies":[{"name":"wp","href":"https:\/\/api.w.org\/{rel}","templated":true}]}}