 {"id":2639,"date":"2024-08-07T09:06:02","date_gmt":"2024-08-07T09:06:02","guid":{"rendered":"https:\/\/zaoyigarment.com\/?post_type=product&#038;p=2639"},"modified":"2026-01-05T13:49:48","modified_gmt":"2026-01-05T13:49:48","slug":"front-closure-bras","status":"publish","type":"product","link":"https:\/\/zaoyigarment.com\/cs\/manufacturer\/front-closure-bras\/","title":{"rendered":"P\u0159edn\u00ed zap\u00edn\u00e1n\u00ed podprsenky Nude \u010dern\u00e1 podprsenka bez ram\u00ednek bez ram\u00ednek pro \u0161aty bez zad"},"content":{"rendered":"<ul class=\"a-unordered-list a-vertical a-spacing-mini\">\n<li><span class=\"a-list-item\"><strong>\ud83c\udf6a \u0160\u00e1lek:<\/strong> pln\u00fd<\/span><\/li>\n<li><span class=\"a-list-item\"><strong>\ud83c\udf6aBEZDR\u00c1TOV\u00c1:<\/strong> Ne<\/span><\/li>\n<li><span class=\"a-list-item\"><strong>\ud83c\udf6aBARVA PRODUKTU:<\/strong> Nah\u00e1, \u010dern\u00e1 nebo p\u0159izp\u016fsoben\u00e1.<\/span><\/li>\n<li><span class=\"a-list-item\">\ud83c\udf6a<strong>VELIKOSTI:<\/strong> A B C D E F<\/span><\/li>\n<li><span class=\"a-list-item\">\ud83c\udf6a<strong>APLIKACE:<\/strong> Svatba, ve\u010d\u00edrek, banket, p\u0159\u00edle\u017eitostn\u00e1 atd.<\/span><\/li>\n<li><span class=\"a-color-base\"><span class=\"a-list-item\"><strong>\ud83c\udf6aTYP L\u00c1TKY: <\/strong>81% Nylon, 19% Elastan<\/span><\/span><\/li>\n<li><span class=\"a-color-base\"><span class=\"a-list-item\"><strong>\ud83c\udf6aPOKYNY K P\u00c9\u010cI: <\/strong>Pouze ru\u010dn\u00ed myt\u00ed<\/span><\/span><\/li>\n<li><strong><span class=\"a-color-base\"><span class=\"a-list-item\">\ud83c\udf6a<\/span><\/span>D\u016eLE\u017dIT\u00c9 TIPY:<\/strong><br \/>\nNevhodn\u00e9, pokud m\u00e1te ko\u017en\u00ed probl\u00e9my, nebo kdy\u017e je va\u0161e k\u016f\u017ee poran\u011bn\u00e1, infikovan\u00e1 nebo sp\u00e1len\u00e1 od slunce.<br \/>\nPros\u00edm, nepou\u017e\u00edvejte tento produkt, pokud jste t\u011bhotn\u00e1 nebo koj\u00edte, pokud jste alergi\u010dt\u00ed na silikagel nebo pokud jste ned\u00e1vno podstoupili operaci zv\u011bt\u0161en\u00ed nebo zmen\u0161en\u00ed prsou.<br \/>\nPokud se p\u0159i pou\u017e\u00edv\u00e1n\u00ed tohoto produktu objev\u00ed jak\u00e9koli ko\u017en\u00ed abnormality, okam\u017eit\u011b p\u0159esta\u0148te pou\u017e\u00edvat a okam\u017eit\u011b se pora\u010fte se sv\u00fdm dermatologem nebo ko\u017en\u00edm specialistou.<\/li>\n<\/ul>\n\t<div class=\"img has-hover x md-x lg-x y md-y lg-y\" id=\"image_1800752261\">\n\t\t\t\t\t\t\t\t<div class=\"img-inner dark\" >\n\t\t\t<img loading=\"lazy\" decoding=\"async\" width=\"1020\" height=\"1020\" src=\"https:\/\/zaoyigarment.com\/wp-content\/uploads\/2024\/08\/specifics-1024x1024.webp\" class=\"attachment-large size-large\" alt=\"specifika\" srcset=\"https:\/\/zaoyigarment.com\/wp-content\/uploads\/2024\/08\/specifics-1024x1024.webp 1024w, https:\/\/zaoyigarment.com\/wp-content\/uploads\/2024\/08\/specifics-300x300.webp 300w, https:\/\/zaoyigarment.com\/wp-content\/uploads\/2024\/08\/specifics-150x150.webp 150w, https:\/\/zaoyigarment.com\/wp-content\/uploads\/2024\/08\/specifics-768x768.webp 768w, https:\/\/zaoyigarment.com\/wp-content\/uploads\/2024\/08\/specifics-1536x1536.webp 1536w, https:\/\/zaoyigarment.com\/wp-content\/uploads\/2024\/08\/specifics-2048x2048.webp 2048w, https:\/\/zaoyigarment.com\/wp-content\/uploads\/2024\/08\/specifics-12x12.webp 12w, https:\/\/zaoyigarment.com\/wp-content\/uploads\/2024\/08\/specifics-600x600.webp 600w, https:\/\/zaoyigarment.com\/wp-content\/uploads\/2024\/08\/specifics-100x100.webp 100w\" sizes=\"auto, (max-width: 1020px) 100vw, 1020px\" \/>\t\t\t\t\t\t\n\t\t\t\t\t<\/div>\n\t\t\t\t\t\t\t\t\n<style>\n#image_1800752261 {\n  width: 100%;\n}\n<\/style>\n\t<\/div>\n\t\n\t<div class=\"img has-hover x md-x lg-x y md-y lg-y\" id=\"image_2098275055\">\n\t\t\t\t\t\t\t\t<div class=\"img-inner dark\" >\n\t\t\t<img loading=\"lazy\" decoding=\"async\" width=\"1020\" height=\"1020\" src=\"https:\/\/zaoyigarment.com\/wp-content\/uploads\/2024\/08\/Reusable-1024x1024.webp\" class=\"attachment-large size-large\" alt=\"Opakovan\u011b pou\u017eiteln\u00e9\" srcset=\"https:\/\/zaoyigarment.com\/wp-content\/uploads\/2024\/08\/Reusable-1024x1024.webp 1024w, https:\/\/zaoyigarment.com\/wp-content\/uploads\/2024\/08\/Reusable-300x300.webp 300w, https:\/\/zaoyigarment.com\/wp-content\/uploads\/2024\/08\/Reusable-150x150.webp 150w, https:\/\/zaoyigarment.com\/wp-content\/uploads\/2024\/08\/Reusable-768x768.webp 768w, https:\/\/zaoyigarment.com\/wp-content\/uploads\/2024\/08\/Reusable-1536x1536.webp 1536w, https:\/\/zaoyigarment.com\/wp-content\/uploads\/2024\/08\/Reusable-2048x2048.webp 2048w, https:\/\/zaoyigarment.com\/wp-content\/uploads\/2024\/08\/Reusable-12x12.webp 12w, https:\/\/zaoyigarment.com\/wp-content\/uploads\/2024\/08\/Reusable-600x600.webp 600w, https:\/\/zaoyigarment.com\/wp-content\/uploads\/2024\/08\/Reusable-100x100.webp 100w\" sizes=\"auto, (max-width: 1020px) 100vw, 1020px\" \/>\t\t\t\t\t\t\n\t\t\t\t\t<\/div>\n\t\t\t\t\t\t\t\t\n<style>\n#image_2098275055 {\n  width: 100%;\n}\n<\/style>\n\t<\/div>\n\t\n\t<div class=\"img has-hover x md-x lg-x y md-y lg-y\" id=\"image_1791487688\">\n\t\t\t\t\t\t\t\t<div class=\"img-inner dark\" >\n\t\t\t<img loading=\"lazy\" decoding=\"async\" width=\"1020\" height=\"1020\" src=\"https:\/\/zaoyigarment.com\/wp-content\/uploads\/2024\/08\/size-chart-1024x1024.webp\" class=\"attachment-large size-large\" alt=\"velikostn\u00ed tabulka\" srcset=\"https:\/\/zaoyigarment.com\/wp-content\/uploads\/2024\/08\/size-chart-1024x1024.webp 1024w, https:\/\/zaoyigarment.com\/wp-content\/uploads\/2024\/08\/size-chart-300x300.webp 300w, https:\/\/zaoyigarment.com\/wp-content\/uploads\/2024\/08\/size-chart-150x150.webp 150w, https:\/\/zaoyigarment.com\/wp-content\/uploads\/2024\/08\/size-chart-768x768.webp 768w, https:\/\/zaoyigarment.com\/wp-content\/uploads\/2024\/08\/size-chart-1536x1536.webp 1536w, https:\/\/zaoyigarment.com\/wp-content\/uploads\/2024\/08\/size-chart-2048x2048.webp 2048w, https:\/\/zaoyigarment.com\/wp-content\/uploads\/2024\/08\/size-chart-12x12.webp 12w, https:\/\/zaoyigarment.com\/wp-content\/uploads\/2024\/08\/size-chart-600x600.webp 600w, https:\/\/zaoyigarment.com\/wp-content\/uploads\/2024\/08\/size-chart-100x100.webp 100w\" sizes=\"auto, (max-width: 1020px) 100vw, 1020px\" \/>\t\t\t\t\t\t\n\t\t\t\t\t<\/div>\n\t\t\t\t\t\t\t\t\n<style>\n#image_1791487688 {\n  width: 100%;\n}\n<\/style>\n\t<\/div>","protected":false},"excerpt":{"rendered":"<p>V\u00fdrobce a dodavatel podprsenky Zaoyi na zak\u00e1zku bez zad v \u010c\u00edn\u011b<\/p>\n<p>- MOQ: 3000 ks<br \/>\n\u2013 Nab\u00edzen\u00e1 slu\u017eba OEM\/ODM<br \/>\n- K dispozici bezplatn\u00fd vzorek<br \/>\n\u2013 Recyklace podprsenek<br \/>\n- 25-35 dn\u00ed p\u0159ipravenosti pro p\u0159izp\u016fsobenou objedn\u00e1vku<br \/>\n- P\u0159ijm\u011bte p\u0159izp\u016fsoben\u00ed (specifikace, barva, design atd.)<\/p>\n<p>1) Nejlep\u0161\u00ed \u0159e\u0161en\u00ed podprsenky k no\u0161en\u00ed s \u0161aty bez zad, svatebn\u00edmi \u0161aty, tri\u010dkem atd<br \/>\n2) Beze\u0161v\u00fd a podp\u016frn\u00fd design pro pohodl\u00ed<br \/>\n3) Hladk\u00e1 a jemn\u00e1 nylonov\u00e1 tkanina<br \/>\n4) M\u016f\u017ee ud\u011blat p\u0159izp\u016fsobenou l\u00e1tku nebo vzor na podprsence bez zad<br \/>\n5) \u017div\u00e1 barva, proti vyblednut\u00ed<br \/>\n6) DIY p\u0159izp\u016fsoben\u00ed<\/p>\n<p>Pokud chcete z\u00edskat ceny podprsenky bez zad, kontaktujte n\u00e1s.<\/p>","protected":false},"featured_media":2643,"comment_status":"open","ping_status":"closed","template":"","meta":[],"product_brand":[],"product_cat":[37],"product_tag":[],"class_list":{"0":"post-2639","1":"product","2":"type-product","3":"status-publish","4":"has-post-thumbnail","6":"product_cat-backless-bra","8":"first","9":"instock","10":"shipping-taxable","11":"product-type-simple"},"_links":{"self":[{"href":"https:\/\/zaoyigarment.com\/cs\/wp-json\/wp\/v2\/product\/2639","targetHints":{"allow":["GET"]}}],"collection":[{"href":"https:\/\/zaoyigarment.com\/cs\/wp-json\/wp\/v2\/product"}],"about":[{"href":"https:\/\/zaoyigarment.com\/cs\/wp-json\/wp\/v2\/types\/product"}],"replies":[{"embeddable":true,"href":"https:\/\/zaoyigarment.com\/cs\/wp-json\/wp\/v2\/comments?post=2639"}],"wp:featuredmedia":[{"embeddable":true,"href":"https:\/\/zaoyigarment.com\/cs\/wp-json\/wp\/v2\/media\/2643"}],"wp:attachment":[{"href":"https:\/\/zaoyigarment.com\/cs\/wp-json\/wp\/v2\/media?parent=2639"}],"wp:term":[{"taxonomy":"product_brand","embeddable":true,"href":"https:\/\/zaoyigarment.com\/cs\/wp-json\/wp\/v2\/product_brand?post=2639"},{"taxonomy":"product_cat","embeddable":true,"href":"https:\/\/zaoyigarment.com\/cs\/wp-json\/wp\/v2\/product_cat?post=2639"},{"taxonomy":"product_tag","embeddable":true,"href":"https:\/\/zaoyigarment.com\/cs\/wp-json\/wp\/v2\/product_tag?post=2639"}],"curies":[{"name":"wp","href":"https:\/\/api.w.org\/{rel}","templated":true}]}}