 {"id":2544,"date":"2024-04-23T09:16:51","date_gmt":"2024-04-23T09:16:51","guid":{"rendered":"https:\/\/zaoyigarment.com\/?post_type=product&#038;p=2544"},"modified":"2026-05-05T12:19:29","modified_gmt":"2026-05-05T12:19:29","slug":"silicone-bra-inserts","status":"publish","type":"product","link":"https:\/\/zaoyigarment.com\/cs\/manufacturer\/silicone-bra-inserts\/","title":{"rendered":"Silikonov\u00e9 vlo\u017eky do podprsenky Pr\u016fhledn\u00e9 silikonov\u00e9 prsn\u00ed vycp\u00e1vky Push Up prsa"},"content":{"rendered":"<div id=\"text-3034055730\" class=\"text\">\n\t\t\n<div class=\"_1-Caexem\" tabindex=\"0\" role=\"button\" aria-label=\"1TP4Jednoduch\u00e9 pou\u017eit\u00ed: Prodlu\u017eova\u010d podprsenky jednodu\u0161e p\u0159ipevn\u011bte na h\u00e1\u010dky na podprsenku pro okam\u017eit\u00e9 prodlou\u017een\u00ed.\">\n<ul>\n<li class=\"_1-Caexem\" tabindex=\"0\" role=\"button\" aria-label=\"$Convenient Bra Extenders: Sada 3 prodlu\u017eova\u010d\u016f podprsenky s elastick\u00fdm materi\u00e1lem, kter\u00e9 umo\u017e\u0148uj\u00ed snadn\u00e9 nastaven\u00ed velikosti p\u00e1sku podprsenky pro pohodln\u00e9 no\u0161en\u00ed.\"><strong>Pohodln\u00e9 vlo\u017eky do podprsenky:<\/strong> Z\u00edskejte kr\u00e1sn\u00fd dekolt s p\u0159irozen\u011b vypadaj\u00edc\u00edm dekoltem a za\u017eijte n\u00e1dhern\u00fd push-up efekt.<\/li>\n<li class=\"_1-Caexem\" tabindex=\"0\" role=\"button\" aria-label=\"$Convenient Bra Extenders: Sada 3 prodlu\u017eova\u010d\u016f podprsenky s elastick\u00fdm materi\u00e1lem, kter\u00e9 umo\u017e\u0148uj\u00ed snadn\u00e9 nastaven\u00ed velikosti p\u00e1sku podprsenky pro pohodln\u00e9 no\u0161en\u00ed.\"><strong>Ide\u00e1ln\u00ed pro vzhled bez podprsenky:<\/strong><span class=\"a-list-item a-size-base a-color-base\">Vylep\u0161ete podprsenky a plavky t\u011bmito pohodln\u00fdmi silikonov\u00fdmi vycp\u00e1vkami.<\/span><\/li>\n<li class=\"_1-Caexem\" tabindex=\"0\" role=\"button\" aria-label=\"$Convenient Bra Extenders: Sada 3 prodlu\u017eova\u010d\u016f podprsenky s elastick\u00fdm materi\u00e1lem, kter\u00e9 umo\u017e\u0148uj\u00ed snadn\u00e9 nastaven\u00ed velikosti p\u00e1sku podprsenky pro pohodln\u00e9 no\u0161en\u00ed.\"><strong>Pohodln\u00e9 a m\u011bkk\u00e9:<\/strong> Tyto vlo\u017eky do podprsenky jsou vyrobeny z m\u011bkk\u00fdch a pohodln\u00fdch materi\u00e1l\u016f, tak\u017ee nedr\u00e1\u017ed\u00ed va\u0161i poko\u017eku ani nezp\u016fsobuj\u00ed \u017e\u00e1dn\u00e9 nepohodl\u00ed.<\/li>\n<li><strong>Snadn\u00e9 pou\u017eit\u00ed:<\/strong> Vlo\u017ete do ko\u0161\u00ed\u010dku podprsenky nebo zastr\u010dte do kapsy vycp\u00e1vky podprsenky. Lze tak\u00e9 p\u0159ipnout na podprsenku nebo plavky pro bezpe\u010dnost (nap\u0159\u00edklad p\u0159i plav\u00e1n\u00ed).<\/li>\n<li>\n<div class=\"a-fixed-left-grid-col a-col-left\"><strong><span class=\"a-color-base\">N\u00e1vod na \u00fadr\u017ebu:<\/span><\/strong><span style=\"font-size: 14.4px;\">Ru\u010dn\u00ed myt\u00ed pono\u0159en\u00edm do d\u0159ezu\/vany se studenou teplou vodou a n\u011bkolika kapkami prac\u00edho prost\u0159edku. Jemn\u011b vyma\u010dkejte m\u00fddlovou vodu. D\u016fkladn\u011b opl\u00e1chn\u011bte. Polo\u017ete naplocho na sucho.<\/span><\/div>\n<\/li>\n<\/ul>\n<h2><span id=\"types-of-bra-inserts\" class=\"mj-toc-section\">Typy Vlo\u017eek do Podprsenky<\/span><\/h2>\n<p>Zde je k dispozici n\u011bkolik typ\u016f vlo\u017eek do podprsenky.<\/p>\n<ul>\n<li>Zv\u00fdraz\u0148ova\u010de poprs\u00ed<\/li>\n<li>Push-up vlo\u017eky<\/li>\n<li>Vod\u011bodoln\u00e9 podlo\u017eky<\/li>\n<li>Vlo\u017eky po mastektomii<\/li>\n<li>Tvarova\u010de<\/li>\n<li>P\u011bnov\u00e9 vycp\u00e1vky s formi\u010dkou na bradavky<\/li>\n<\/ul>\n<h2><\/h2>\n<\/div>\n\t\t\n<style>\n#text-3034055730 {\n  line-height: 1.7;\n}\n<\/style>\n\t<\/div>","protected":false},"excerpt":{"rendered":"<p>V\u00fdrobce a dodavatel vlo\u017eek do podprsenek na zak\u00e1zku Zaoyi v \u010c\u00edn\u011b<\/p>\n<p>- MOQ: 3000 ks<br \/>\n\u2013 Nab\u00edzen\u00e1 slu\u017eba OEM\/ODM<br \/>\n- K dispozici bezplatn\u00fd vzorek<br \/>\n\u2013 Recyklace podprsenek<br \/>\n- 20-30 dn\u00ed p\u0159ipravenosti pro p\u0159izp\u016fsobenou objedn\u00e1vku<br \/>\n- P\u0159ijm\u011bte p\u0159izp\u016fsoben\u00ed (specifikace, barva, design atd.)<\/p>\n<p>1) Vzhled bez podprsenky: Dos\u00e1hn\u011bte vzhledu bez podprsenky, ani\u017e byste ob\u011btovali pohodl\u00ed a podporu.<br \/>\n2) Nastaviteln\u00e9: Snadno upravte v\u00fd\u0161ku podprsenky tak, aby odpov\u00eddala tvaru t\u011bla a dos\u00e1hla dokonal\u00e9ho p\u0159izp\u016fsoben\u00ed.<br \/>\n3) Pohodln\u00e9: Vyrobeno z m\u011bkk\u00e9ho a p\u0159irozen\u00e9ho materi\u00e1lu, kter\u00fd poskytuje extra pohodl\u00ed a podporu pro va\u0161i podprsenku.<\/p>\n<p>Pokud chcete z\u00edskat ceny vlo\u017eek do podprsenky, kontaktujte n\u00e1s.<\/p>","protected":false},"featured_media":2881,"comment_status":"open","ping_status":"closed","template":"","meta":[],"product_brand":[],"product_cat":[42],"product_tag":[],"class_list":{"0":"post-2544","1":"product","2":"type-product","3":"status-publish","4":"has-post-thumbnail","6":"product_cat-bra-inserts","8":"first","9":"instock","10":"shipping-taxable","11":"product-type-simple"},"_links":{"self":[{"href":"https:\/\/zaoyigarment.com\/cs\/wp-json\/wp\/v2\/product\/2544","targetHints":{"allow":["GET"]}}],"collection":[{"href":"https:\/\/zaoyigarment.com\/cs\/wp-json\/wp\/v2\/product"}],"about":[{"href":"https:\/\/zaoyigarment.com\/cs\/wp-json\/wp\/v2\/types\/product"}],"replies":[{"embeddable":true,"href":"https:\/\/zaoyigarment.com\/cs\/wp-json\/wp\/v2\/comments?post=2544"}],"wp:featuredmedia":[{"embeddable":true,"href":"https:\/\/zaoyigarment.com\/cs\/wp-json\/wp\/v2\/media\/2881"}],"wp:attachment":[{"href":"https:\/\/zaoyigarment.com\/cs\/wp-json\/wp\/v2\/media?parent=2544"}],"wp:term":[{"taxonomy":"product_brand","embeddable":true,"href":"https:\/\/zaoyigarment.com\/cs\/wp-json\/wp\/v2\/product_brand?post=2544"},{"taxonomy":"product_cat","embeddable":true,"href":"https:\/\/zaoyigarment.com\/cs\/wp-json\/wp\/v2\/product_cat?post=2544"},{"taxonomy":"product_tag","embeddable":true,"href":"https:\/\/zaoyigarment.com\/cs\/wp-json\/wp\/v2\/product_tag?post=2544"}],"curies":[{"name":"wp","href":"https:\/\/api.w.org\/{rel}","templated":true}]}}