 {"id":2243,"date":"2024-02-20T07:25:58","date_gmt":"2024-02-20T07:25:58","guid":{"rendered":"https:\/\/zaoyigarment.com\/?post_type=product&#038;p=2243"},"modified":"2025-12-09T19:59:57","modified_gmt":"2025-12-09T19:59:57","slug":"woman-deep-u-plunge-bra-convertible-push-up-bra","status":"publish","type":"product","link":"https:\/\/zaoyigarment.com\/cs\/manufacturer\/woman-deep-u-plunge-bra-convertible-push-up-bra\/","title":{"rendered":"\u017dena Deep U ponorn\u00e1 podprsenka Convertible Push Up Bra"},"content":{"rendered":"<p><span class=\"a-list-item\"><strong>MNO\u017dSTV\u00cd:<\/strong> 3000 ks pro p\u0159izp\u016fsoben\u00e9 balen\u00ed a hromadnou objedn\u00e1vku<\/span><\/p>\n<ul class=\"a-unordered-list a-vertical a-spacing-mini\">\n<li><span class=\"a-list-item\"><strong>MATERI\u00c1L:<\/strong> 80% nylon, 20% spandex<\/span><\/li>\n<li><span class=\"a-list-item\"><strong>V\u00ddHODY:<\/strong> Ekologick\u00fd a bezpe\u010dnostn\u00ed gel, prody\u0161n\u00fd, bun\u011b\u010dn\u00fd, konvexn\u00ed, bezpe\u010dnostn\u00ed<\/span><\/li>\n<li><span class=\"a-list-item\"><strong>DESIGN:<\/strong> R\u016fzn\u00e9 mo\u017enosti designu nebo lze p\u0159izp\u016fsobit<\/span><\/li>\n<li><span class=\"a-list-item\"><strong>ROZM\u011aRY:<\/strong> A\/B\/C\/D\/E\/F\/H, p\u0159izp\u016fsoben\u00e9<\/span><\/li>\n<li><span class=\"a-list-item a-size-base a-color-base\"><strong>SILN\u00c1 PODPORA A NASTAVITELN\u00c1 TA\u0160KA:<\/strong> Mal\u00e9 se hod\u00ed pro A Cup. Na\u0161e d\u00e1msk\u00e9 podprsenky bez ram\u00ednek jsou d\u00edky sv\u00e9mu n\u00e1dhern\u00e9mu hlubok\u00e9mu designu U ponoru odborn\u011b vytvo\u0159eny tak, aby zv\u00fdraznily v\u00e1\u0161 hrudn\u00edk a vytvo\u0159ily dokonal\u00fd dekolt. Odborn\u011b zahrne va\u0161e \u0148adra a v\u00fdsledkem je sv\u016fdn\u00fd a okouzluj\u00edc\u00ed tvar. A a\u0165 u\u017e zdob\u00edte \u0161aty bez ram\u00ednek nebo se sna\u017e\u00edte vylep\u0161it p\u016fvab sv\u00fdch k\u0159ivek prsou, na\u0161e podprsenka bez zad je tou nejlep\u0161\u00ed volbou.<\/span><\/li>\n<li><span class=\"a-list-item a-size-base a-color-base\"><strong>PRODY\u0160N\u00c9 LEPIDLO NA L\u00c1TKY A GUMY \u0160ETRN\u00c9 K POKO\u017dI:<\/strong>Materi\u00e1l je vyroben z ve\u0161ker\u00e9 p\u0159\u00edrodn\u00ed netkan\u00e9 textilie + l\u00e9ka\u0159sk\u00e9ho silikonu. P\u0159\u00edrodn\u00ed lepidlo na \u017ev\u00fdka\u010dky je pokryto vzduchov\u00fdmi otvory, kter\u00e9 si p\u0159i pou\u017eit\u00ed zachov\u00e1vaj\u00ed vynikaj\u00edc\u00ed prody\u0161nost.<\/span><\/li>\n<li><span class=\"a-list-item a-size-base a-color-base\"><strong>VYNIKAJ\u00cdC\u00cd DESIGN K\u0158\u00cdDLA:<\/strong> M\u00e1 neviditeln\u00e1 k\u0159id\u00e9lka na obou stran\u00e1ch, nab\u00edz\u00ed optim\u00e1ln\u00ed podporu prsou a umo\u017e\u0148uje v\u00e1m p\u0159izp\u016fsobit t\u011bsnost podle va\u0161ich p\u0159edstav. S na\u0161\u00ed podprsenkou bez ram\u00ednek m\u016f\u017eete sebev\u011bdom\u011b vystavit sv\u016fj podmaniv\u00fd dekolt. P\u0159i obl\u00e9k\u00e1n\u00ed \u0161at\u016f bez zad z\u016fst\u00e1v\u00e1 na\u0161e neviditeln\u00e1 podprsenka bezpe\u010dn\u011b na sv\u00e9m m\u00edst\u011b a poskytuje v\u00e1m dvojitou ochranu bez jak\u00e9hokoli n\u00e1znaku studu. Lepic\u00ed k\u0159id\u00e9lka usnad\u0148uj\u00ed no\u0161en\u00ed a sejmut\u00ed bez n\u00e1mahy a zaji\u0161\u0165uj\u00ed bezprobl\u00e9mov\u00fd z\u00e1\u017eitek.<\/span><\/li>\n<li><span class=\"a-list-item a-size-base a-color-base\"><strong>PRO MNOHO P\u0158\u00cdLE\u017dITOST\u00cd:<\/strong> Podprsenka bez ram\u00ednek pro jak\u00fdkoli sexy styl, ohl\u00e1vkov\u00e9 topy bez zad, obleky s hlubok\u00fdm v\u00fdst\u0159ihem do V, ve\u010dern\u00ed \u0161aty bez ram\u00ednek, svatebn\u00ed \u0161aty, \u0161aty s hlubok\u00fdm st\u0159ihem, koktejlov\u00e9 \u0161aty, spole\u010densk\u00e9 \u0161aty atd. Nev\u00e1hejte p\u0159edv\u00e9st sv\u016fj \u017eensk\u00fd p\u016fvab.<\/span><\/li>\n<li><span class=\"a-list-item a-size-base a-color-base\">\u2764<strong>PRATELN\u00c9 A ZNOVU POU\u017dITELN\u00c9:<\/strong> Tuto podprsenku bez ram\u00ednek lze v souladu se sou\u010dasn\u00fdm t\u00e9matem ochrany \u017eivotn\u00edho prost\u0159ed\u00ed pou\u017e\u00edt mnohokr\u00e1t. Kdy\u017e tuto lepkavou podprsenku vyperete \u0161amponem a vodou, udr\u017e\u00edte ji v suchu p\u0159irozenou, p\u0159ilnav\u00e9 gely z\u016fstanou zachov\u00e1ny pro dal\u0161\u00ed pou\u017eit\u00ed.<\/span><\/li>\n<li>\n<figure id=\"attachment_2251\" aria-describedby=\"caption-attachment-2251\" style=\"width: 225px\" class=\"wp-caption alignleft\"><img loading=\"lazy\" decoding=\"async\" class=\"size-medium wp-image-2251\" src=\"https:\/\/zaoyigarment.com\/wp-content\/uploads\/2024\/02\/plunge-bra-225x300.webp\" alt=\"ponorn\u00e1 podprsenka\" width=\"225\" height=\"300\" srcset=\"https:\/\/zaoyigarment.com\/wp-content\/uploads\/2024\/02\/plunge-bra-225x300.webp 225w, https:\/\/zaoyigarment.com\/wp-content\/uploads\/2024\/02\/plunge-bra-600x800.webp 600w, https:\/\/zaoyigarment.com\/wp-content\/uploads\/2024\/02\/plunge-bra.webp 750w\" sizes=\"auto, (max-width: 225px) 100vw, 225px\" \/><figcaption id=\"caption-attachment-2251\" class=\"wp-caption-text\">ponorn\u00e1 podprsenka<\/figcaption><\/figure><\/li>\n<\/ul>\n<h2>Tabulka Velikosti Podprsenky S Obr\u00e1zky<\/h2>\n\t<div class=\"img has-hover x md-x lg-x y md-y lg-y\" id=\"image_2069172640\">\n\t\t\t\t\t\t\t\t<div class=\"img-inner dark\" >\n\t\t\t<img loading=\"lazy\" decoding=\"async\" width=\"1020\" height=\"976\" src=\"https:\/\/zaoyigarment.com\/wp-content\/uploads\/2024\/01\/bra-size-calculator-1024x980.webp\" class=\"attachment-large size-large\" alt=\"kalkula\u010dka velikosti podprsenky\" srcset=\"https:\/\/zaoyigarment.com\/wp-content\/uploads\/2024\/01\/bra-size-calculator-1024x980.webp 1024w, https:\/\/zaoyigarment.com\/wp-content\/uploads\/2024\/01\/bra-size-calculator-300x287.webp 300w, https:\/\/zaoyigarment.com\/wp-content\/uploads\/2024\/01\/bra-size-calculator-768x735.webp 768w, https:\/\/zaoyigarment.com\/wp-content\/uploads\/2024\/01\/bra-size-calculator-1536x1471.webp 1536w, https:\/\/zaoyigarment.com\/wp-content\/uploads\/2024\/01\/bra-size-calculator-600x575.webp 600w, https:\/\/zaoyigarment.com\/wp-content\/uploads\/2024\/01\/bra-size-calculator.webp 2000w\" sizes=\"auto, (max-width: 1020px) 100vw, 1020px\" \/>\t\t\t\t\t\t\n\t\t\t\t\t<\/div>\n\t\t\t\t\t\t\t\t\n<style>\n#image_2069172640 {\n  width: 100%;\n}\n<\/style>\n\t<\/div>","protected":false},"excerpt":{"rendered":"<p>V\u00fdrobce a dodavatel podprsenky Zaoyi Custom U Plunge Push Up v \u010c\u00edn\u011b<\/p>\n<p>- MOQ: 3000 ks<br \/>\n\u2013 Nab\u00edzen\u00e1 slu\u017eba OEM\/ODM<br \/>\n- K dispozici bezplatn\u00fd vzorek<br \/>\n\u2013 Recyklace podprsenek<br \/>\n- 25-35 dn\u00ed p\u0159ipravenosti pro p\u0159izp\u016fsobenou objedn\u00e1vku<br \/>\n- P\u0159ijm\u011bte p\u0159izp\u016fsoben\u00ed (specifikace, barva, design atd.)<\/p>\n<p>1) Nejlep\u0161\u00ed \u0159e\u0161en\u00ed podprsenky k no\u0161en\u00ed s \u0161aty bez zad, svatebn\u00edmi \u0161aty, tri\u010dkem atd<br \/>\n2) Beze\u0161v\u00fd a bezdr\u00e1tov\u00fd design pro svobodu<br \/>\n3) Hladk\u00e1 a jemn\u00e1 nylonov\u00e1 tkanina<br \/>\n4) M\u016f\u017ee na n\u011bm vytvo\u0159it p\u0159izp\u016fsobenou l\u00e1tku nebo vzor<br \/>\n5) \u017div\u00e1 barva, proti vyblednut\u00ed<br \/>\n6) DIY p\u0159izp\u016fsoben\u00ed<\/p>\n<p>Chcete-li z\u00edskat podprsenky za n\u00edzk\u00e9 ceny, kontaktujte n\u00e1s.<\/p>","protected":false},"featured_media":2853,"comment_status":"open","ping_status":"closed","template":"","meta":[],"product_brand":[],"product_cat":[37],"product_tag":[],"class_list":{"0":"post-2243","1":"product","2":"type-product","3":"status-publish","4":"has-post-thumbnail","6":"product_cat-backless-bra","8":"first","9":"instock","10":"shipping-taxable","11":"product-type-simple"},"_links":{"self":[{"href":"https:\/\/zaoyigarment.com\/cs\/wp-json\/wp\/v2\/product\/2243","targetHints":{"allow":["GET"]}}],"collection":[{"href":"https:\/\/zaoyigarment.com\/cs\/wp-json\/wp\/v2\/product"}],"about":[{"href":"https:\/\/zaoyigarment.com\/cs\/wp-json\/wp\/v2\/types\/product"}],"replies":[{"embeddable":true,"href":"https:\/\/zaoyigarment.com\/cs\/wp-json\/wp\/v2\/comments?post=2243"}],"wp:featuredmedia":[{"embeddable":true,"href":"https:\/\/zaoyigarment.com\/cs\/wp-json\/wp\/v2\/media\/2853"}],"wp:attachment":[{"href":"https:\/\/zaoyigarment.com\/cs\/wp-json\/wp\/v2\/media?parent=2243"}],"wp:term":[{"taxonomy":"product_brand","embeddable":true,"href":"https:\/\/zaoyigarment.com\/cs\/wp-json\/wp\/v2\/product_brand?post=2243"},{"taxonomy":"product_cat","embeddable":true,"href":"https:\/\/zaoyigarment.com\/cs\/wp-json\/wp\/v2\/product_cat?post=2243"},{"taxonomy":"product_tag","embeddable":true,"href":"https:\/\/zaoyigarment.com\/cs\/wp-json\/wp\/v2\/product_tag?post=2243"}],"curies":[{"name":"wp","href":"https:\/\/api.w.org\/{rel}","templated":true}]}}