 {"id":1985,"date":"2024-01-02T06:52:12","date_gmt":"2024-01-02T06:52:12","guid":{"rendered":"https:\/\/zaoyigarment.com\/?post_type=product&#038;p=1985"},"modified":"2026-03-17T06:27:19","modified_gmt":"2026-03-17T06:27:19","slug":"clear-strap-bra","status":"publish","type":"product","link":"https:\/\/zaoyigarment.com\/cs\/manufacturer\/clear-strap-bra\/","title":{"rendered":"Clear Strap Bras Nejlep\u0161\u00ed podprsenka bez ram\u00ednek Bezdr\u00e1tov\u00e1 podprsenka s krajkov\u00fdm p\u0159edn\u00edm zap\u00edn\u00e1n\u00edm"},"content":{"rendered":"<ul class=\"a-unordered-list a-vertical a-spacing-mini\">\n<li><span class=\"a-list-item\"><strong>\ud83c\udf6a \u0160\u00e1lek:<\/strong> pln\u00fd<\/span><\/li>\n<li><span class=\"a-list-item\"><strong>\ud83c\udf6aBEZDR\u00c1TOV\u00c1:<\/strong> Ne<\/span><\/li>\n<li><span class=\"a-list-item\"><strong>\ud83c\udf6aBARVA PRODUKTU: <\/strong>Pearl, nah\u00e1 atd., p\u0159izp\u016fsoben\u00e9.<\/span><\/li>\n<li><span class=\"a-list-item\">\ud83c\udf6a<strong>VELIKOSTI:<\/strong> A B C D E F<\/span><\/li>\n<li><span class=\"a-list-item\">\ud83c\udf6a<strong>APLIKACE:<\/strong> Svatba, ve\u010d\u00edrek, banket, neform\u00e1ln\u00ed atd.<\/span><\/li>\n<li><span class=\"a-color-base\"><span class=\"a-list-item\"><strong>\ud83c\udf6aTYP L\u00c1TKY: <\/strong>87% Nylon, 13% Elastan<\/span><\/span><\/li>\n<li><span class=\"a-color-base\"><span class=\"a-list-item\"><strong>\ud83c\udf6aPOKYNY K P\u00c9\u010cI: <\/strong>Pouze ru\u010dn\u00ed myt\u00ed<\/span><\/span><\/li>\n<li><strong><span class=\"a-color-base\"><span class=\"a-list-item\">\ud83c\udf6a<\/span><\/span>D\u016eLE\u017dIT\u00c9 TIPY:<\/strong><br \/>\nNen\u00ed vhodn\u00e9, pokud m\u00e1te probl\u00e9my s k\u016f\u017e\u00ed na prsou, nebo kdy\u017e je va\u0161e k\u016f\u017ee poran\u011bn\u00e1, infikovan\u00e1 nebo sp\u00e1len\u00e1 od slunce.<br \/>\nPros\u00edm, nepou\u017e\u00edvejte tento produkt, pokud jste t\u011bhotn\u00e1 nebo koj\u00edte, pokud jste alergi\u010dt\u00ed na silikagel nebo pokud jste ned\u00e1vno podstoupili operaci zv\u011bt\u0161en\u00ed nebo zmen\u0161en\u00ed prsou.<br \/>\nPokud se p\u0159i pou\u017e\u00edv\u00e1n\u00ed tohoto produktu objev\u00ed jak\u00e9koli ko\u017en\u00ed abnormality, okam\u017eit\u011b p\u0159esta\u0148te pou\u017e\u00edvat a okam\u017eit\u011b se pora\u010fte se sv\u00fdm dermatologem nebo ko\u017en\u00edm specialistou.<\/li>\n<\/ul>\n<h2><\/h2>\n<h2>Tabulka Velikosti Podprsenky S Obr\u00e1zky<\/h2>\n\t<div class=\"img has-hover x md-x lg-x y md-y lg-y\" id=\"image_1399293047\">\n\t\t\t\t\t\t\t\t<div class=\"img-inner dark\" >\n\t\t\t<img loading=\"lazy\" decoding=\"async\" width=\"1020\" height=\"976\" src=\"https:\/\/zaoyigarment.com\/wp-content\/uploads\/2024\/01\/bra-size-calculator-1024x980.webp\" class=\"attachment-large size-large\" alt=\"kalkula\u010dka velikosti podprsenky\" srcset=\"https:\/\/zaoyigarment.com\/wp-content\/uploads\/2024\/01\/bra-size-calculator-1024x980.webp 1024w, https:\/\/zaoyigarment.com\/wp-content\/uploads\/2024\/01\/bra-size-calculator-300x287.webp 300w, https:\/\/zaoyigarment.com\/wp-content\/uploads\/2024\/01\/bra-size-calculator-768x735.webp 768w, https:\/\/zaoyigarment.com\/wp-content\/uploads\/2024\/01\/bra-size-calculator-1536x1471.webp 1536w, https:\/\/zaoyigarment.com\/wp-content\/uploads\/2024\/01\/bra-size-calculator-600x575.webp 600w, https:\/\/zaoyigarment.com\/wp-content\/uploads\/2024\/01\/bra-size-calculator.webp 2000w\" sizes=\"auto, (max-width: 1020px) 100vw, 1020px\" \/>\t\t\t\t\t\t\n\t\t\t\t\t<\/div>\n\t\t\t\t\t\t\t\t\n<style>\n#image_1399293047 {\n  width: 100%;\n}\n<\/style>\n\t<\/div>","protected":false},"excerpt":{"rendered":"<p>V\u00fdrobce a dodavatel podprsenky Zaoyi Custom Clear Strap Brap v \u010c\u00edn\u011b<\/p>\n<p>- MOQ: 3000 ks<br \/>\n\u2013 Nab\u00edzen\u00e1 slu\u017eba OEM\/ODM<br \/>\n- K dispozici bezplatn\u00fd vzorek<br \/>\n\u2013 Recyklace podprsenek<br \/>\n- 25-35 dn\u00ed p\u0159ipravenosti pro p\u0159izp\u016fsobenou objedn\u00e1vku<br \/>\n- P\u0159ijm\u011bte p\u0159izp\u016fsoben\u00ed (specifikace, barva, design atd.)<\/p>\n<p>1) Nejlep\u0161\u00ed \u0159e\u0161en\u00ed podprsenky k no\u0161en\u00ed s \u0161aty bez zad, svatebn\u00edmi \u0161aty, tri\u010dkem, bikinami atd<br \/>\n2) Beze\u0161v\u00fd a podp\u016frn\u00fd design pro pohodl\u00ed<br \/>\n3) Hladk\u00e1 a jemn\u00e1 nylonov\u00e1 tkanina<br \/>\n4) M\u016f\u017ee ud\u011blat p\u0159izp\u016fsobenou l\u00e1tku nebo vzor na podprsence bez zad<br \/>\n5) \u017div\u00e1 barva, proti vyblednut\u00ed<br \/>\n6) DIY p\u0159izp\u016fsoben\u00ed<\/p>\n<p>Pokud chcete z\u00edskat jasn\u00e9 ceny p\u00e1skov\u00fdch podprsenek, kontaktujte n\u00e1s.<\/p>","protected":false},"featured_media":2834,"comment_status":"open","ping_status":"closed","template":"","meta":[],"product_brand":[],"product_cat":[37],"product_tag":[],"class_list":{"0":"post-1985","1":"product","2":"type-product","3":"status-publish","4":"has-post-thumbnail","6":"product_cat-backless-bra","8":"first","9":"instock","10":"shipping-taxable","11":"product-type-simple"},"_links":{"self":[{"href":"https:\/\/zaoyigarment.com\/cs\/wp-json\/wp\/v2\/product\/1985","targetHints":{"allow":["GET"]}}],"collection":[{"href":"https:\/\/zaoyigarment.com\/cs\/wp-json\/wp\/v2\/product"}],"about":[{"href":"https:\/\/zaoyigarment.com\/cs\/wp-json\/wp\/v2\/types\/product"}],"replies":[{"embeddable":true,"href":"https:\/\/zaoyigarment.com\/cs\/wp-json\/wp\/v2\/comments?post=1985"}],"wp:featuredmedia":[{"embeddable":true,"href":"https:\/\/zaoyigarment.com\/cs\/wp-json\/wp\/v2\/media\/2834"}],"wp:attachment":[{"href":"https:\/\/zaoyigarment.com\/cs\/wp-json\/wp\/v2\/media?parent=1985"}],"wp:term":[{"taxonomy":"product_brand","embeddable":true,"href":"https:\/\/zaoyigarment.com\/cs\/wp-json\/wp\/v2\/product_brand?post=1985"},{"taxonomy":"product_cat","embeddable":true,"href":"https:\/\/zaoyigarment.com\/cs\/wp-json\/wp\/v2\/product_cat?post=1985"},{"taxonomy":"product_tag","embeddable":true,"href":"https:\/\/zaoyigarment.com\/cs\/wp-json\/wp\/v2\/product_tag?post=1985"}],"curies":[{"name":"wp","href":"https:\/\/api.w.org\/{rel}","templated":true}]}}