 {"id":1968,"date":"2023-12-29T08:09:23","date_gmt":"2023-12-29T08:09:23","guid":{"rendered":"https:\/\/zaoyigarment.com\/?post_type=product&#038;p=1968"},"modified":"2026-03-19T17:50:20","modified_gmt":"2026-03-19T17:50:20","slug":"clear-strap-clear-strap-bra-metal-bra-strap","status":"publish","type":"product","link":"https:\/\/zaoyigarment.com\/cs\/manufacturer\/clear-strap-clear-strap-bra-metal-bra-strap\/","title":{"rendered":"Pr\u016fhledn\u00fd p\u00e1sek pro podprsenku s pr\u016fhledn\u00fdm p\u00e1skem Kovov\u00fd p\u00e1sek podprsenky Ozdobn\u00fd p\u00e1sek podprsenky"},"content":{"rendered":"<ul>\n<li><span class=\"a-list-item a-size-base a-color-base\"><strong>Tlust\u00e9 a tvrd\u00e9:<\/strong> Na\u0161e \u010dir\u00e1 ram\u00ednka podprsenky jsou vyrobena z vysoce kvalitn\u00edho TPU materi\u00e1lu, d\u00edky \u010demu\u017e je pevn\u00e1, nesnadno klou\u017ee a dok\u00e1\u017ee udr\u017eet tlak v\u011bt\u0161\u00edho poprs\u00ed, ani\u017e by se zlomila.<\/span><\/li>\n<\/ul>\n<ul class=\"a-unordered-list a-vertical a-spacing-small\">\n<li><span class=\"a-list-item a-size-base a-color-base\"><strong>R\u016fzn\u00e9 \u0161\u00ed\u0159ky a neviditeln\u00e9:<\/strong> Na v\u00fdb\u011br m\u00e1me velikosti 8 mm, 10 mm, 12 mm, 15 mm, 18 mm, 20 mm atd., co\u017e v\u00e1m umo\u017en\u00ed naj\u00edt tu spr\u00e1vnou pro v\u00e1s. Vzhledem k tomu, \u017ee barva ram\u00ednka podprsenky je pr\u016fhledn\u00e1, m\u016f\u017ee dob\u0159e splynout s t\u00f3nem va\u0161\u00ed pleti.<\/span><\/li>\n<\/ul>\n<ul class=\"a-unordered-list a-vertical a-spacing-small\">\n<li><span class=\"a-list-item a-size-base a-color-base\"><strong>Nastaviteln\u00e9 a jednoduch\u00e9 pou\u017eit\u00ed:<\/strong> Neviditeln\u00e1 ram\u00ednka podprsenky jsou navr\u017eena s dostate\u010dnou d\u00e9lkou podle zp\u011btn\u00e9 vazby od z\u00e1kazn\u00edk\u016f, kterou lze prodlou\u017eit a\u017e na 70 cm, tak\u017ee si ji m\u016f\u017eete snadno upravit. H\u00e1\u010dek je vhodn\u00fd pro v\u011bt\u0161inu podprsenkov\u00fdch o\u010dek na trhu, tak\u017ee je velmi snadn\u00e9 p\u0159idat nebo odebrat podprsenky.<\/span><\/li>\n<\/ul>\n<ul>\n<li><span class=\"a-list-item a-size-base a-color-base\"><strong>Pohodln\u00e9 no\u0161en\u00ed:<\/strong> \u010cir\u00e1 ram\u00ednka podprsenky jsou vyrobena z m\u011bkk\u00e9ho, zdrav\u00e9ho a k \u017eivotn\u00edmu prost\u0159ed\u00ed \u0161etrn\u00e9ho silikonu, umo\u017e\u0148uj\u00ed pohodln\u00e9 no\u0161en\u00ed bez po\u0161kozen\u00ed poko\u017eky a lze je znovu pou\u017e\u00edt, ani\u017e by dr\u00e1\u017edily ko\u017en\u00ed alergie.<\/span><\/li>\n<\/ul>\n<ul class=\"a-unordered-list a-vertical a-spacing-small\">\n<li><span class=\"a-list-item a-size-base a-color-base\"><strong>P\u0159\u00edle\u017eitost:<\/strong> Pr\u016fhledn\u00e1 ram\u00ednka podprsenky jsou ide\u00e1ln\u00ed pro \u017eeny v l\u00e9t\u011b, kter\u00e9 nos\u00ed vestu, podvazkovou sukni, top s tubusem a \u0161aty, ukazuj\u00ed p\u0159irozenou a kr\u00e1snou ple\u0165, tak\u017ee budete vypadat bezchybn\u011b.<\/span><\/li>\n<\/ul>","protected":false},"excerpt":{"rendered":"<p>Zaoyi Vlastn\u00ed v\u00fdrobce a dodavatel podprsenky v \u010c\u00edn\u011b<\/p>\n<p>- MOQ: 3000 ks<br \/>\n\u2013 Nab\u00edzen\u00e1 slu\u017eba OEM\/ODM<br \/>\n- K dispozici bezplatn\u00fd vzorek<br \/>\n\u2013 Recyklace podprsenek<br \/>\n- 20-30 dn\u00ed p\u0159ipravenosti pro p\u0159izp\u016fsobenou objedn\u00e1vku<br \/>\n- P\u0159ijm\u011bte p\u0159izp\u016fsoben\u00ed (specifikace, barva, design atd.)<\/p>\n<p>3\/8\u2033 neviditeln\u00e9 popruhy<br \/>\n\u2022 Vyrobeno z nealergenn\u00edho TPU, m\u011bk\u010d\u00ed a pevn\u011bj\u0161\u00ed alternativa k latexov\u00fdm nebo plastov\u00fdm p\u00e1sk\u016fm.<br \/>\n\u2022 Se\u0159izovac\u00ed prvky a kov\u00e1n\u00ed bez obsahu niklu.<br \/>\n\u2022 Nejen k podprsenk\u00e1m, lze je nosit i k plavk\u00e1m a \u0161at\u016fm.<br \/>\n\u2022 Jasn\u00e9 nebo p\u0159izp\u016fsoben\u00e9<br \/>\n\u2022 V\u00fdb\u011br r\u016fzn\u00fdch velikost\u00ed<\/p>\n<p>Pokud chcete z\u00edskat cenu p\u00e1sku podprsenky, kontaktujte n\u00e1s.<\/p>","protected":false},"featured_media":1971,"comment_status":"open","ping_status":"closed","template":"","meta":[],"product_brand":[],"product_cat":[39,53],"product_tag":[],"class_list":{"0":"post-1968","1":"product","2":"type-product","3":"status-publish","4":"has-post-thumbnail","6":"product_cat-bra-strap","7":"product_cat-bra-accessories","9":"first","10":"instock","11":"shipping-taxable","12":"product-type-simple"},"_links":{"self":[{"href":"https:\/\/zaoyigarment.com\/cs\/wp-json\/wp\/v2\/product\/1968","targetHints":{"allow":["GET"]}}],"collection":[{"href":"https:\/\/zaoyigarment.com\/cs\/wp-json\/wp\/v2\/product"}],"about":[{"href":"https:\/\/zaoyigarment.com\/cs\/wp-json\/wp\/v2\/types\/product"}],"replies":[{"embeddable":true,"href":"https:\/\/zaoyigarment.com\/cs\/wp-json\/wp\/v2\/comments?post=1968"}],"wp:featuredmedia":[{"embeddable":true,"href":"https:\/\/zaoyigarment.com\/cs\/wp-json\/wp\/v2\/media\/1971"}],"wp:attachment":[{"href":"https:\/\/zaoyigarment.com\/cs\/wp-json\/wp\/v2\/media?parent=1968"}],"wp:term":[{"taxonomy":"product_brand","embeddable":true,"href":"https:\/\/zaoyigarment.com\/cs\/wp-json\/wp\/v2\/product_brand?post=1968"},{"taxonomy":"product_cat","embeddable":true,"href":"https:\/\/zaoyigarment.com\/cs\/wp-json\/wp\/v2\/product_cat?post=1968"},{"taxonomy":"product_tag","embeddable":true,"href":"https:\/\/zaoyigarment.com\/cs\/wp-json\/wp\/v2\/product_tag?post=1968"}],"curies":[{"name":"wp","href":"https:\/\/api.w.org\/{rel}","templated":true}]}}