 {"id":1931,"date":"2023-12-29T06:16:54","date_gmt":"2023-12-29T06:16:54","guid":{"rendered":"https:\/\/zaoyigarment.com\/?post_type=product&#038;p=1931"},"modified":"2026-03-30T10:54:24","modified_gmt":"2026-03-30T10:54:24","slug":"bra-converter-bra-clasps-bra-clip","status":"publish","type":"product","link":"https:\/\/zaoyigarment.com\/cs\/manufacturer\/bra-converter-bra-clasps-bra-clip\/","title":{"rendered":"Konvertor podprsenky Spony na podprsenku Adapt\u00e9r na popruh podprsenky"},"content":{"rendered":"<ul>\n<li><span class=\"a-list-item a-size-base a-color-base\"><strong>Odstra\u0148te pot\u00ed\u017ee s padaj\u00edc\u00edmi ram\u00ednky podprsenky<\/strong> \u2013 Snadno se p\u0159izp\u016fsob\u00ed jak\u00e9koli v\u00fd\u0161ce a klipy udr\u017e\u00ed ram\u00ednka podprsenky na m\u00edst\u011b a dob\u0159e je schovaj\u00ed.<\/span><\/li>\n<\/ul>\n<ul class=\"a-unordered-list a-vertical a-spacing-small\">\n<li><span class=\"a-list-item a-size-base a-color-base\"><strong>Ergonomick\u00fd design<\/strong> \u2013 Snadno a pohodln\u011b prom\u011b\u0148te jakoukoli podprsenku. Ergonomick\u00fd design zm\u00edr\u0148uje nepohodl\u00ed a zabra\u0148uje, aby se v\u00e1m ta otravn\u00e1 ram\u00ednka podprsenky zar\u00fdvala do ramen.<\/span><\/li>\n<\/ul>\n<ul class=\"a-unordered-list a-vertical a-spacing-small\">\n<li><span class=\"a-list-item a-size-base a-color-base\"><strong>P\u0159\u00edle\u017eitost<\/strong> - Ide\u00e1ln\u00ed pro z\u00e1vodn\u00ed z\u00e1da, \u0161aty, ko\u0161ile, halenky, sportovn\u00ed topy a dal\u0161\u00ed. Diskr\u00e9tn\u011b snadno a pohodln\u011b prom\u011bn\u00edte jakoukoli podprsenku. P\u0159ipn\u011bte si k horn\u00edmu d\u00edlu bikin pro pln\u011bj\u0161\u00ed a sexy vzhled.<\/span><\/li>\n<\/ul>\n<ul class=\"a-unordered-list a-vertical a-spacing-small\">\n<li><span class=\"a-list-item a-size-base a-color-base\"><strong>Sada klips\u016f na ram\u00ednka podprsenky za super hodnotu<\/strong> \u2013 9 ks sponek na podprsenku, 3 ks prodlu\u017eova\u010d\u016f podprsenky a 3 ks dr\u017e\u00e1k\u016f na ram\u00ednka v tradi\u010dn\u00ed b\u00edl\u00e9, \u010dern\u00e9 a b\u00e9\u017eov\u00e9 barv\u011b.<\/span><\/li>\n<li><span class=\"a-list-item a-size-base a-color-base\"><strong>Zv\u011bt\u0161it velikost poh\u00e1ru:<\/strong> kdy\u017e nos\u00edte sponky na podprsenku na z\u00e1dech, m\u016f\u017eete upravit velikost ko\u0161\u00ed\u010dku. Pom\u00e1h\u00e1 poskytnout va\u0161im prs\u016fm v\u011bt\u0161\u00ed podporu, zv\u011bt\u0161it velikost ko\u0161\u00ed\u010dk\u016f a v\u00e1\u0161 dekolt bude pln\u011bj\u0161\u00ed a sexy.<\/span><\/li>\n<li><span class=\"a-list-item a-size-base a-color-base\"><strong>Vhodn\u00e1 velikost:<\/strong> velikost ka\u017ed\u00e9 spony na popruh podprsenky na z\u00e1dech je asi 1,8 \u00d7 1,4 palce. Je vhodn\u00e1 pro jakoukoli podprsenku s b\u011b\u017en\u00fdmi ram\u00ednky. M\u016f\u017ee v\u00e1m pomoci snadno a pohodln\u011b upravit podprsenku.<\/span><\/li>\n<\/ul>","protected":false},"excerpt":{"rendered":"<p>Zaoyi Custom Bra Converter V\u00fdrobce a dodavatel v \u010c\u00edn\u011b<\/p>\n<p>- MOQ: 3000 ks<br \/>\n\u2013 Nab\u00edzen\u00e1 slu\u017eba OEM\/ODM<br \/>\n- K dispozici bezplatn\u00fd vzorek<br \/>\n\u2013 Recyklace podprsenek<br \/>\n- 20-30 dn\u00ed p\u0159ipravenosti pro p\u0159izp\u016fsobenou objedn\u00e1vku<br \/>\n- P\u0159ijm\u011bte p\u0159izp\u016fsoben\u00ed (specifikace, barva, design atd.)<\/p>\n<p>1) Ide\u00e1ln\u00ed pro z\u00e1vodn\u00ed z\u00e1da, \u0161aty, ko\u0161ile, halenky, sportovn\u00ed topy a dal\u0161\u00ed.<br \/>\nDiskr\u00e9tn\u011b snadno a pohodln\u011b prom\u011bn\u00edte jakoukoli podprsenku. P\u0159ipn\u011bte si k horn\u00edmu d\u00edlu bikin pro pln\u011bj\u0161\u00ed a sexy vzhled.<br \/>\n2) 100% polypropylen<br \/>\n3) M\u016f\u017ee zm\u011bnit p\u00e1sek na podprsence<br \/>\n4) \u017div\u00e1 barva, proti vyblednut\u00ed<br \/>\n5) DIY p\u0159izp\u016fsoben\u00ed<\/p>\n<p>Pokud chcete z\u00edskat ceny p\u0159evodn\u00edku podprsenky, kontaktujte n\u00e1s.<\/p>","protected":false},"featured_media":1936,"comment_status":"open","ping_status":"closed","template":"","meta":[],"product_brand":[],"product_cat":[39,53],"product_tag":[],"class_list":{"0":"post-1931","1":"product","2":"type-product","3":"status-publish","4":"has-post-thumbnail","6":"product_cat-bra-strap","7":"product_cat-bra-accessories","9":"first","10":"instock","11":"shipping-taxable","12":"product-type-simple"},"_links":{"self":[{"href":"https:\/\/zaoyigarment.com\/cs\/wp-json\/wp\/v2\/product\/1931","targetHints":{"allow":["GET"]}}],"collection":[{"href":"https:\/\/zaoyigarment.com\/cs\/wp-json\/wp\/v2\/product"}],"about":[{"href":"https:\/\/zaoyigarment.com\/cs\/wp-json\/wp\/v2\/types\/product"}],"replies":[{"embeddable":true,"href":"https:\/\/zaoyigarment.com\/cs\/wp-json\/wp\/v2\/comments?post=1931"}],"wp:featuredmedia":[{"embeddable":true,"href":"https:\/\/zaoyigarment.com\/cs\/wp-json\/wp\/v2\/media\/1936"}],"wp:attachment":[{"href":"https:\/\/zaoyigarment.com\/cs\/wp-json\/wp\/v2\/media?parent=1931"}],"wp:term":[{"taxonomy":"product_brand","embeddable":true,"href":"https:\/\/zaoyigarment.com\/cs\/wp-json\/wp\/v2\/product_brand?post=1931"},{"taxonomy":"product_cat","embeddable":true,"href":"https:\/\/zaoyigarment.com\/cs\/wp-json\/wp\/v2\/product_cat?post=1931"},{"taxonomy":"product_tag","embeddable":true,"href":"https:\/\/zaoyigarment.com\/cs\/wp-json\/wp\/v2\/product_tag?post=1931"}],"curies":[{"name":"wp","href":"https:\/\/api.w.org\/{rel}","templated":true}]}}