 {"id":1926,"date":"2023-12-29T03:03:54","date_gmt":"2023-12-29T03:03:54","guid":{"rendered":"https:\/\/zaoyigarment.com\/?post_type=product&#038;p=1926"},"modified":"2025-09-10T11:49:05","modified_gmt":"2025-09-10T11:49:05","slug":"bra-extender-womens-soft-comfortable-bra-extenders","status":"publish","type":"product","link":"https:\/\/zaoyigarment.com\/cs\/manufacturer\/bra-extender-womens-soft-comfortable-bra-extenders\/","title":{"rendered":"D\u00e1msk\u00e9 m\u011bkk\u00e9 pohodln\u00e9 prodlu\u017eova\u010de podprsenky"},"content":{"rendered":"<div class=\"_1-Caexem\" tabindex=\"0\" role=\"button\" aria-label=\"1TP4Jednoduch\u00e9 pou\u017eit\u00ed: Prodlu\u017eova\u010d podprsenky jednodu\u0161e p\u0159ipevn\u011bte na h\u00e1\u010dky na podprsenku pro okam\u017eit\u00e9 prodlou\u017een\u00ed.\">\n<ul>\n<li class=\"_1-Caexem\" tabindex=\"0\" role=\"button\" aria-label=\"$Convenient Bra Extenders: Sada 3 prodlu\u017eova\u010d\u016f podprsenky s elastick\u00fdm materi\u00e1lem, kter\u00e9 umo\u017e\u0148uj\u00ed snadn\u00e9 nastaven\u00ed velikosti p\u00e1sku podprsenky pro pohodln\u00e9 no\u0161en\u00ed.\"><strong>Pohodln\u00e9 prodlu\u017eova\u010de podprsenky:<\/strong> Sada 3 prodlu\u017eova\u010d\u016f podprsenky s elastick\u00fdm materi\u00e1lem, kter\u00e9 umo\u017e\u0148uj\u00ed snadn\u00e9 nastaven\u00ed velikosti p\u00e1sku podprsenky pro pohodln\u00e9 no\u0161en\u00ed.<\/li>\n<li class=\"_1-Caexem\" tabindex=\"0\" role=\"button\" aria-label=\"$Convenient Bra Extenders: Sada 3 prodlu\u017eova\u010d\u016f podprsenky s elastick\u00fdm materi\u00e1lem, kter\u00e9 umo\u017e\u0148uj\u00ed snadn\u00e9 nastaven\u00ed velikosti p\u00e1sku podprsenky pro pohodln\u00e9 no\u0161en\u00ed.\"><strong>Ide\u00e1ln\u00ed pro vzhled bez podprsenky:<\/strong> Ide\u00e1ln\u00ed pro ty, kte\u0159\u00ed preferuj\u00ed vzhled bez podprsenky, ale p\u0159esto cht\u011bj\u00ed podporu podprsenky. Prodlu\u017eova\u010de podprsenky umo\u017e\u0148uj\u00ed povolit p\u00e1sek bez kompromis\u016f v oblasti podpory.<\/li>\n<li class=\"_1-Caexem\" tabindex=\"0\" role=\"button\" aria-label=\"$Convenient Bra Extenders: Sada 3 prodlu\u017eova\u010d\u016f podprsenky s elastick\u00fdm materi\u00e1lem, kter\u00e9 umo\u017e\u0148uj\u00ed snadn\u00e9 nastaven\u00ed velikosti p\u00e1sku podprsenky pro pohodln\u00e9 no\u0161en\u00ed.\"><strong>Pohodln\u00e9 a m\u011bkk\u00e9:<\/strong> Tyto n\u00e1stavce na podprsenku jsou vyrobeny z m\u011bkk\u00fdch a pohodln\u00fdch materi\u00e1l\u016f, tak\u017ee nedr\u00e1\u017ed\u00ed va\u0161i poko\u017eku ani nezp\u016fsobuj\u00ed \u017e\u00e1dn\u00e9 nepohodl\u00ed.<\/li>\n<li><strong>Snadn\u00e9 pou\u017eit\u00ed:<\/strong> Jednodu\u0161e p\u0159ipojte prodlu\u017eova\u010d podprsenky k h\u00e1\u010dk\u016fm na podprsence, abyste okam\u017eit\u011b zv\u011bt\u0161ili velikost p\u00e1sku.<\/li>\n<li><strong>Pou\u017eijte metodu:<\/strong>P\u0159ipevn\u011bte h\u00e1\u010dky na spodn\u00ed stran\u011b n\u00e1stavce k poutk\u016fm na h\u00e1\u010dky podprsenky a pot\u00e9 pomoc\u00ed h\u00e1\u010dk\u016f na podprsence p\u0159ipevn\u011bte poutka na p\u0159edn\u00ed stran\u011b n\u00e1stavce.<\/li>\n<\/ul>\n<h3 class=\"a-spacing-mini\">Prodlu\u017eova\u010d podprsenky se pou\u017e\u00edv\u00e1 ke zv\u011bt\u0161en\u00ed rozsahu velikost\u00ed pro nevhodnou podprsenku, kter\u00e1 je p\u0159\u00edli\u0161 t\u011bsn\u00e1. Je odn\u00edmateln\u00fd a nastaviteln\u00fd.<\/h3>\n<p class=\"a-spacing-base\">L\u00e1tkov\u00e1 \u010d\u00e1st je vyrobena z polyesterov\u00e9ho materi\u00e1lu se sametem, m\u011bkk\u00e1 a pohodln\u00e1. Nezanech\u00e1 na va\u0161\u00ed jemn\u00e9 poko\u017ece \u017e\u00e1dn\u00e9 stopy, \u017e\u00e1dn\u00e9 \u0161t\u00edpnut\u00ed ani sv\u011bd\u011bn\u00ed. Kovov\u00e9 h\u00e1\u010dky jsou vyrobeny z nerezov\u00e9 oceli, kter\u00e1 by nevybledla ani nezrezla.<\/p>\n<p class=\"a-spacing-base\">3 \u0159ady po 2 h\u00e1\u010dc\u00edch s elastick\u00fdm popruhem, vhodn\u00e9 pro v\u011bt\u0161inu lid\u00ed.<\/p>\n<\/div>","protected":false},"excerpt":{"rendered":"<p>V\u00fdrobce a dodavatel Zaoyi Custom Bra Extender v \u010c\u00edn\u011b<\/p>\n<p>- MOQ: 3000 ks<br \/>\n\u2013 Nab\u00edzen\u00e1 slu\u017eba OEM\/ODM<br \/>\n- K dispozici bezplatn\u00fd vzorek<br \/>\n\u2013 Recyklace podprsenek<br \/>\n- 20-30 dn\u00ed p\u0159ipravenosti pro p\u0159izp\u016fsobenou objedn\u00e1vku<br \/>\n- P\u0159ijm\u011bte p\u0159izp\u016fsoben\u00ed (specifikace, barva, design atd.)<\/p>\n<p>1) Vzhled bez podprsenky: Dos\u00e1hn\u011bte vzhledu bez podprsenky, ani\u017e byste ob\u011btovali pohodl\u00ed a podporu.<br \/>\n2) Nastaviteln\u00e9: Snadno upravte d\u00e9lku podprsenky tak, aby odpov\u00eddala tvaru va\u0161eho t\u011bla a dos\u00e1hla dokonal\u00e9ho p\u0159izp\u016fsoben\u00ed.<br \/>\n3) Pohodln\u00e9: Vyrobeno z m\u011bkk\u00e9ho a prody\u0161n\u00e9ho materi\u00e1lu, kter\u00fd poskytuje extra pohodl\u00ed a podporu va\u0161\u00ed podprsence.<\/p>\n<p>Pokud chcete z\u00edskat ceny prodlu\u017eova\u010d\u016f podprsenky, kontaktujte n\u00e1s.<\/p>","protected":false},"featured_media":2822,"comment_status":"open","ping_status":"closed","template":"","meta":[],"product_brand":[],"product_cat":[40,53],"product_tag":[],"class_list":{"0":"post-1926","1":"product","2":"type-product","3":"status-publish","4":"has-post-thumbnail","6":"product_cat-bra-extenders","7":"product_cat-bra-accessories","9":"first","10":"instock","11":"shipping-taxable","12":"product-type-simple"},"_links":{"self":[{"href":"https:\/\/zaoyigarment.com\/cs\/wp-json\/wp\/v2\/product\/1926","targetHints":{"allow":["GET"]}}],"collection":[{"href":"https:\/\/zaoyigarment.com\/cs\/wp-json\/wp\/v2\/product"}],"about":[{"href":"https:\/\/zaoyigarment.com\/cs\/wp-json\/wp\/v2\/types\/product"}],"replies":[{"embeddable":true,"href":"https:\/\/zaoyigarment.com\/cs\/wp-json\/wp\/v2\/comments?post=1926"}],"wp:featuredmedia":[{"embeddable":true,"href":"https:\/\/zaoyigarment.com\/cs\/wp-json\/wp\/v2\/media\/2822"}],"wp:attachment":[{"href":"https:\/\/zaoyigarment.com\/cs\/wp-json\/wp\/v2\/media?parent=1926"}],"wp:term":[{"taxonomy":"product_brand","embeddable":true,"href":"https:\/\/zaoyigarment.com\/cs\/wp-json\/wp\/v2\/product_brand?post=1926"},{"taxonomy":"product_cat","embeddable":true,"href":"https:\/\/zaoyigarment.com\/cs\/wp-json\/wp\/v2\/product_cat?post=1926"},{"taxonomy":"product_tag","embeddable":true,"href":"https:\/\/zaoyigarment.com\/cs\/wp-json\/wp\/v2\/product_tag?post=1926"}],"curies":[{"name":"wp","href":"https:\/\/api.w.org\/{rel}","templated":true}]}}