 {"id":1919,"date":"2023-12-29T02:18:39","date_gmt":"2023-12-29T02:18:39","guid":{"rendered":"https:\/\/zaoyigarment.com\/?post_type=product&#038;p=1919"},"modified":"2025-10-20T02:31:14","modified_gmt":"2025-10-20T02:31:14","slug":"stick-on-bra-lifting-adhesive-sticky-bra","status":"publish","type":"product","link":"https:\/\/zaoyigarment.com\/cs\/manufacturer\/stick-on-bra-lifting-adhesive-sticky-bra\/","title":{"rendered":"Stick On Bra Lifting Adhesive Sticky Bra"},"content":{"rendered":"<div data-zone-id=\"0\" data-line-index=\"0\" data-line=\"true\">\n<ul>\n<li><span class=\"a-list-item\"><strong>S<\/strong><\/span><strong>IZE:<\/strong> Pr\u016fm\u011br 6,5-12 cm, p\u0159izp\u016fsoben\u00fd<\/li>\n<li><strong>BARVA:\u00a0<\/strong>Nah\u00e1, nebo p\u0159izp\u016fsoben\u00e1<\/li>\n<li><span class=\"a-list-item\"><strong>V\u00ddHODY:<\/strong> Padnouc\u00ed bez zanech\u00e1n\u00ed stopy, odolnost proti potu, kv\u011btinov\u00fd\/kulat\u00fd tvar, bezpe\u010dnost.<\/span><\/li>\n<li><strong>ZP\u016eSOB POU\u017dIT\u00cd:<\/strong><\/li>\n<li>1. P\u0159ed pou\u017eit\u00edm si umyjte prsa a ruce \u010distou vodou a udr\u017eujte je \u010dist\u00e9.<\/li>\n<li>2. Odtrhn\u011bte ochrannou f\u00f3lii produktu lepic\u00ed stranou nahoru a vlo\u017ete ji do dlan\u011b<\/li>\n<li>3. Naklo\u0148te horn\u00ed \u010d\u00e1st t\u011bla dop\u0159edu, jemn\u011b p\u0159ilo\u017ete n\u00e1plast na oblast zaost\u0159en\u00ed a vyhla\u010fte okraje n\u00e1plasti rukama tak, aby t\u011bsn\u011b p\u0159il\u00e9hala ke k\u016f\u017ei.<\/li>\n<li>4. \u017d\u00e1dn\u00e9 zat\u00ed\u017een\u00ed nebo pocit ciz\u00edho t\u011blesa, dokonal\u00e9 zobrazen\u00ed va\u0161ich prsou, vhodn\u00e9 pro r\u016fzn\u00e9 p\u0159\u00edle\u017eitosti<\/li>\n<\/ul>\n<\/div>\n<ul class=\"a-unordered-list a-vertical a-spacing-mini\">\n<li><span class=\"a-list-item\"><strong>ZP\u016eSOB MYT\u00cd:<\/strong><\/span><\/li>\n<li><span class=\"a-list-item\">1. Pou\u017eijte teplou vodu nebo neutr\u00e1ln\u00ed \u0161ampon, m\u00fddlo na n\u00e1dob\u00ed k jemn\u00e9mu vytvo\u0159en\u00ed p\u011bny a myjte krou\u017eiv\u00fdmi pohyby.<\/span><\/li>\n<li><span class=\"a-list-item\">2. Opl\u00e1chn\u011bte \u010distou vodou. D\u00e1vejte pozor, abyste nepou\u017eili nehty, abyste se nezranili.<\/span><\/li>\n<li>3. Po vy\u010di\u0161t\u011bn\u00ed zav\u011bste do sucha a vyhn\u011bte se p\u0159\u00edm\u00e9mu slune\u010dn\u00edmu z\u00e1\u0159en\u00ed.<\/li>\n<li>4.Po vy\u010di\u0161t\u011bn\u00ed a vysu\u0161en\u00ed nasa\u010fte ochrannou f\u00f3lii. Jedna strana ztrat\u00ed svou lepivost, pokud je zne\u010di\u0161t\u011bn\u00e1 prachem. Skladovac\u00ed prostor by m\u011bl b\u00fdt chr\u00e1n\u011bn p\u0159ed p\u0159\u00edm\u00fdm slune\u010dn\u00edm z\u00e1\u0159en\u00edm.<\/li>\n<li><strong>D\u016eLE\u017dIT\u00c9 TIPY:<\/strong><br \/>\nNevhodn\u00e9, pokud m\u00e1te ko\u017en\u00ed probl\u00e9my, nebo kdy\u017e je va\u0161e k\u016f\u017ee poran\u011bn\u00e1, infikovan\u00e1 nebo sp\u00e1len\u00e1 od slunce.<br \/>\nPros\u00edm, nepou\u017e\u00edvejte tento produkt, pokud jste t\u011bhotn\u00e1 nebo koj\u00edte, pokud jste alergi\u010dt\u00ed na silikon nebo pokud jste ned\u00e1vno podstoupili operaci zv\u011bt\u0161en\u00ed nebo zmen\u0161en\u00ed prsou.<br \/>\nPokud se p\u0159i pou\u017e\u00edv\u00e1n\u00ed tohoto produktu objev\u00ed jak\u00e9koli ko\u017en\u00ed abnormality, okam\u017eit\u011b p\u0159esta\u0148te pou\u017e\u00edvat a okam\u017eit\u011b se pora\u010fte se sv\u00fdm dermatologem nebo ko\u017en\u00edm specialistou.<\/li>\n<\/ul>","protected":false},"excerpt":{"rendered":"<p>V\u00fdrobce a dodavatel Zaoyi Custom Stick On Bra v \u010c\u00edn\u011b<\/p>\n<p>- MOQ: 3000 ks<br \/>\n\u2013 Nab\u00edzen\u00e1 slu\u017eba OEM\/ODM<br \/>\n- K dispozici bezplatn\u00fd vzorek<br \/>\n\u2013 Recyklace podprsenek<br \/>\n- 25-35 dn\u00ed p\u0159ipravenosti pro p\u0159izp\u016fsobenou objedn\u00e1vku<br \/>\n- P\u0159ijm\u011bte p\u0159izp\u016fsoben\u00ed (specifikace, barva, design atd.)<\/p>\n<p>1) Nejlep\u0161\u00ed \u0159e\u0161en\u00ed podprsenky pro no\u0161en\u00ed se svatebn\u00edmi \u0161aty, \u0161aty bez zad, plavky, tri\u010dko atd<br \/>\n2) Beze\u0161v\u00fd a bezdr\u00e1tov\u00fd design pro svobodu<br \/>\n3) Hladk\u00fd a l\u00e9ka\u0159sk\u00fd materi\u00e1l<br \/>\n4) Na podprsence lze vyrobit p\u0159izp\u016fsobenou l\u00e1tku nebo vzor<br \/>\n5) \u017div\u00e1 barva pleti<br \/>\n6) DIY p\u0159izp\u016fsoben\u00ed<\/p>\n<p>Chcete-li z\u00edskat lepiv\u00e9 ceny podprsenky, kontaktujte n\u00e1s.<\/p>","protected":false},"featured_media":2816,"comment_status":"open","ping_status":"closed","template":"","meta":[],"product_brand":[],"product_cat":[36],"product_tag":[],"class_list":{"0":"post-1919","1":"product","2":"type-product","3":"status-publish","4":"has-post-thumbnail","6":"product_cat-sticky-bra","8":"first","9":"instock","10":"shipping-taxable","11":"product-type-simple"},"_links":{"self":[{"href":"https:\/\/zaoyigarment.com\/cs\/wp-json\/wp\/v2\/product\/1919","targetHints":{"allow":["GET"]}}],"collection":[{"href":"https:\/\/zaoyigarment.com\/cs\/wp-json\/wp\/v2\/product"}],"about":[{"href":"https:\/\/zaoyigarment.com\/cs\/wp-json\/wp\/v2\/types\/product"}],"replies":[{"embeddable":true,"href":"https:\/\/zaoyigarment.com\/cs\/wp-json\/wp\/v2\/comments?post=1919"}],"wp:featuredmedia":[{"embeddable":true,"href":"https:\/\/zaoyigarment.com\/cs\/wp-json\/wp\/v2\/media\/2816"}],"wp:attachment":[{"href":"https:\/\/zaoyigarment.com\/cs\/wp-json\/wp\/v2\/media?parent=1919"}],"wp:term":[{"taxonomy":"product_brand","embeddable":true,"href":"https:\/\/zaoyigarment.com\/cs\/wp-json\/wp\/v2\/product_brand?post=1919"},{"taxonomy":"product_cat","embeddable":true,"href":"https:\/\/zaoyigarment.com\/cs\/wp-json\/wp\/v2\/product_cat?post=1919"},{"taxonomy":"product_tag","embeddable":true,"href":"https:\/\/zaoyigarment.com\/cs\/wp-json\/wp\/v2\/product_tag?post=1919"}],"curies":[{"name":"wp","href":"https:\/\/api.w.org\/{rel}","templated":true}]}}