 {"id":1900,"date":"2023-12-27T09:17:18","date_gmt":"2023-12-27T09:17:18","guid":{"rendered":"https:\/\/zaoyigarment.com\/?post_type=product&#038;p=1900"},"modified":"2026-04-17T01:01:56","modified_gmt":"2026-04-17T01:01:56","slug":"ok-tape","status":"publish","type":"product","link":"https:\/\/zaoyigarment.com\/cs\/manufacturer\/ok-tape\/","title":{"rendered":"OK Tape Adhesive Bandage Wrap Samolep\u00edc\u00ed soudr\u017en\u00e9 obvazy Bandage Bandage Na zran\u011bn\u00ed"},"content":{"rendered":"<div data-zone-id=\"0\" data-line-index=\"0\" data-line=\"true\">\n<ul>\n<li><span class=\"a-list-item\"><strong>S<\/strong><\/span><strong>IZE:<\/strong> 2 cm \u0161\u00ed\u0159ka, 5 m d\u00e9lka, p\u0159izp\u016fsoben\u00e9<\/li>\n<li><strong>BARVA:\u00a0<\/strong>Nude, carbon coco, nebo p\u0159izp\u016fsoben\u00e9<\/li>\n<li><span class=\"a-list-item\"><strong>V\u00ddHODY:<\/strong> Pro ochranu t\u011bla, aby nedo\u0161lo ke zran\u011bn\u00ed p\u0159i sportov\u00e1n\u00ed<\/span><\/li>\n<li><strong>N\u00c1VOD K P\u00c9\u010cI:<\/strong><\/li>\n<li>Sportovn\u00ed p\u00e1ska nevy\u017eaduje \u017e\u00e1dnou zvl\u00e1\u0161tn\u00ed p\u00e9\u010di.<\/li>\n<\/ul>\n<\/div>\n<ul class=\"a-unordered-list a-vertical a-spacing-mini\">\n<li><span class=\"a-list-item\"><strong>V\u00ddHODY:<\/strong><\/span><\/li>\n<li>Perfektn\u00ed pro funk\u010dn\u00ed band\u00e1\u017ee, pro uvoln\u011bn\u00ed poran\u011bn\u00fdch sval\u016f nebo pro konzervativn\u00ed l\u00e9\u010dbu luxac\u00ed<\/li>\n<li>Velmi snadn\u00e9 odtr\u017een\u00ed d\u00edky zubat\u00e9mu okraji<\/li>\n<li>Kompletn\u011b vyrobeno z p\u0159\u00edrodn\u00edch materi\u00e1l\u016f \u0161etrn\u00fdch k poko\u017ece<\/li>\n<li><strong>D\u016eLE\u017dIT\u00c9 TIPY:<\/strong><br \/>\nNevhodn\u00e9, pokud m\u00e1te ko\u017en\u00ed probl\u00e9my, nebo kdy\u017e je va\u0161e k\u016f\u017ee poran\u011bn\u00e1, infikovan\u00e1 nebo sp\u00e1len\u00e1 od slunce.<br \/>\nPros\u00edm, nepou\u017e\u00edvejte tento produkt, pokud jste t\u011bhotn\u00e1 nebo koj\u00edte, pokud jste alergi\u010dt\u00ed na silikagel nebo pokud jste ned\u00e1vno podstoupili operaci zv\u011bt\u0161en\u00ed nebo zmen\u0161en\u00ed prsou.<br \/>\nPokud se p\u0159i pou\u017e\u00edv\u00e1n\u00ed tohoto produktu objev\u00ed jak\u00e9koli ko\u017en\u00ed abnormality, okam\u017eit\u011b p\u0159esta\u0148te pou\u017e\u00edvat a okam\u017eit\u011b se pora\u010fte se sv\u00fdm dermatologem nebo ko\u017en\u00edm specialistou.<\/li>\n<\/ul>\n\t<div class=\"img has-hover x md-x lg-x y md-y lg-y\" id=\"image_756964850\">\n\t\t\t\t\t\t\t\t<div class=\"img-inner dark\" >\n\t\t\t<img loading=\"lazy\" decoding=\"async\" width=\"1020\" height=\"1020\" src=\"https:\/\/zaoyigarment.com\/wp-content\/uploads\/2023\/12\/adhesive-bandage-wrap-1024x1024.webp\" class=\"attachment-large size-large\" alt=\"lepic\u00ed obvazov\u00fd z\u00e1bal\" srcset=\"https:\/\/zaoyigarment.com\/wp-content\/uploads\/2023\/12\/adhesive-bandage-wrap-1024x1024.webp 1024w, https:\/\/zaoyigarment.com\/wp-content\/uploads\/2023\/12\/adhesive-bandage-wrap-300x300.webp 300w, https:\/\/zaoyigarment.com\/wp-content\/uploads\/2023\/12\/adhesive-bandage-wrap-150x150.webp 150w, https:\/\/zaoyigarment.com\/wp-content\/uploads\/2023\/12\/adhesive-bandage-wrap-768x768.webp 768w, https:\/\/zaoyigarment.com\/wp-content\/uploads\/2023\/12\/adhesive-bandage-wrap-1536x1536.webp 1536w, https:\/\/zaoyigarment.com\/wp-content\/uploads\/2023\/12\/adhesive-bandage-wrap-2048x2048.webp 2048w, https:\/\/zaoyigarment.com\/wp-content\/uploads\/2023\/12\/adhesive-bandage-wrap-12x12.webp 12w, https:\/\/zaoyigarment.com\/wp-content\/uploads\/2023\/12\/adhesive-bandage-wrap-600x600.webp 600w, https:\/\/zaoyigarment.com\/wp-content\/uploads\/2023\/12\/adhesive-bandage-wrap-100x100.webp 100w\" sizes=\"auto, (max-width: 1020px) 100vw, 1020px\" \/>\t\t\t\t\t\t\n\t\t\t\t\t<\/div>\n\t\t\t\t\t\t\t\t\n<style>\n#image_756964850 {\n  width: 100%;\n}\n<\/style>\n\t<\/div>","protected":false},"excerpt":{"rendered":"<p>V\u00fdrobce a dodavatel Zaoyi Custom OK Tape v \u010c\u00edn\u011b<\/p>\n<p>- MOQ: 3000 ks<br \/>\n\u2013 Nab\u00edzen\u00e1 slu\u017eba OEM\/ODM<br \/>\n- K dispozici bezplatn\u00fd vzorek<br \/>\n\u2013 Recyklace polo\u017eek<br \/>\n- 20-30 dn\u00ed p\u0159ipravenosti pro p\u0159izp\u016fsobenou objedn\u00e1vku<br \/>\n- P\u0159ijm\u011bte p\u0159izp\u016fsoben\u00ed (specifikace, barva, design atd.)<\/p>\n<p>1) Nejlep\u0161\u00ed \u0159e\u0161en\u00ed pro ochranu p\u0159i sportu<br \/>\n2) Beze\u0161v\u00fd a m\u00f3dn\u00ed design pro svobodu<br \/>\n3) Hladk\u00fd a l\u00e9ka\u0159sk\u00fd materi\u00e1l<br \/>\n4) M\u016f\u017ee na n\u011bm vytvo\u0159it p\u0159izp\u016fsobenou l\u00e1tku nebo vzor<br \/>\n5) \u017div\u00e1 barva, proti vyblednut\u00ed<br \/>\n6) DIY p\u0159izp\u016fsoben\u00ed<\/p>\n<p>Pokud chcete z\u00edskat dobr\u00e9 ceny p\u00e1sek, kontaktujte n\u00e1s.<\/p>","protected":false},"featured_media":3046,"comment_status":"open","ping_status":"closed","template":"","meta":[],"product_brand":[],"product_cat":[38],"product_tag":[],"class_list":{"0":"post-1900","1":"product","2":"type-product","3":"status-publish","4":"has-post-thumbnail","6":"product_cat-bra-tape","8":"first","9":"instock","10":"shipping-taxable","11":"product-type-simple"},"_links":{"self":[{"href":"https:\/\/zaoyigarment.com\/cs\/wp-json\/wp\/v2\/product\/1900","targetHints":{"allow":["GET"]}}],"collection":[{"href":"https:\/\/zaoyigarment.com\/cs\/wp-json\/wp\/v2\/product"}],"about":[{"href":"https:\/\/zaoyigarment.com\/cs\/wp-json\/wp\/v2\/types\/product"}],"replies":[{"embeddable":true,"href":"https:\/\/zaoyigarment.com\/cs\/wp-json\/wp\/v2\/comments?post=1900"}],"wp:featuredmedia":[{"embeddable":true,"href":"https:\/\/zaoyigarment.com\/cs\/wp-json\/wp\/v2\/media\/3046"}],"wp:attachment":[{"href":"https:\/\/zaoyigarment.com\/cs\/wp-json\/wp\/v2\/media?parent=1900"}],"wp:term":[{"taxonomy":"product_brand","embeddable":true,"href":"https:\/\/zaoyigarment.com\/cs\/wp-json\/wp\/v2\/product_brand?post=1900"},{"taxonomy":"product_cat","embeddable":true,"href":"https:\/\/zaoyigarment.com\/cs\/wp-json\/wp\/v2\/product_cat?post=1900"},{"taxonomy":"product_tag","embeddable":true,"href":"https:\/\/zaoyigarment.com\/cs\/wp-json\/wp\/v2\/product_tag?post=1900"}],"curies":[{"name":"wp","href":"https:\/\/api.w.org\/{rel}","templated":true}]}}