 {"id":1664,"date":"2023-12-12T08:08:00","date_gmt":"2023-12-12T08:08:00","guid":{"rendered":"https:\/\/zaoyigarment.com\/?post_type=product&#038;p=1664"},"modified":"2026-04-17T01:01:41","modified_gmt":"2026-04-17T01:01:41","slug":"bra-tape","status":"publish","type":"product","link":"https:\/\/zaoyigarment.com\/cs\/manufacturer\/bra-tape\/","title":{"rendered":"P\u00e1ska na podprsenku Breast Tape Lift Tape Body Tape Vodot\u011bsn\u00e1"},"content":{"rendered":"<div id=\"featurebullets_feature_div\" class=\"celwidget\" data-feature-name=\"featurebullets\" data-csa-c-type=\"widget\" data-csa-c-content-id=\"featurebullets\" data-csa-c-slot-id=\"featurebullets_feature_div\" data-csa-c-asin=\"B07DF32D6Q\" data-csa-c-is-in-initial-active-row=\"false\" data-csa-c-id=\"3j0pnl-7cjnp-9t8psx-tspeog\">\n<div id=\"feature-bullets\" class=\"a-section a-spacing-medium a-spacing-top-small\">\n<ul class=\"a-unordered-list a-vertical a-spacing-mini\">\n<li>\n<div data-zone-id=\"0\" data-line-index=\"0\" data-line=\"true\">\n<div data-zone-id=\"0\" data-line-index=\"0\" data-line=\"true\"><strong style=\"font-size: 14.4px;\">VELIKOST:<\/strong><span style=\"font-size: 14.4px;\"> B\u011b\u017en\u00e1 \u0161\u00ed\u0159ka je 2,5 cm, 3,8 cm, 5 cm, 7,5 cm, 10 cm, d\u00e9lka si m\u016f\u017ee vybrat 3M, 4M, 5M. Vnit\u0159n\u00ed velikost barevn\u00e9 krabice je 7,5 * 6,5 * 7,5 cm, 11,5 * 8 * 8 cm. Velikosti v\u0161e p\u0159izp\u016fsoben\u00e9<\/span><\/div>\n<\/div>\n<\/li>\n<li><span class=\"a-list-item\"><strong>MATERI\u00c1L:<\/strong> Bavlna+spandex<\/span><\/li>\n<li><span class=\"a-list-item\"><strong>MAXIMALIZACE P\u0158ENOSNOSTI:<\/strong> Usnadn\u011bte si skladov\u00e1n\u00ed, p\u0159epravu<\/span><\/li>\n<li><span class=\"a-list-item\"><strong>K DISPOZICI HROMADN\u011a:<\/strong> Nab\u00edzeno ve velk\u00e9m 1000 krabic s dostupn\u00fdmi velkoobchodn\u00edmi cenami, abyste m\u011bli jistotu, \u017ee z\u016fstanete skladem a v r\u00e1mci rozpo\u010dtu<\/span><\/li>\n<li><span class=\"a-list-item\"><strong>PERFEKTN\u00cd PRO SVATBY, SPECI\u00c1LN\u00cd AKCE A CATERATE:<\/strong> P\u0159ineste nezapomenutelnou sebed\u016fv\u011bru na svatbu, banket a p\u00e1rty s touto jedine\u010dnou p\u00e1skou<\/span><\/li>\n<li><strong>Tipy:<\/strong>Pros\u00edm, m\u011bjte na pam\u011bti, \u017ee tento produkt m\u00e1 v\u00e1\u017en\u00e9 omezen\u00ed!<br \/>\nN\u011bkter\u00e9 \u017eeny maj\u00ed tenkou k\u016f\u017ei kolem kl\u00ed\u010dn\u00ed kosti nebo horn\u00ed \u010d\u00e1sti hrudn\u00edku. Nenoste v\u00fdrobek d\u00e9le ne\u017e 8 hodin. Bu\u010fte velmi opatrn\u00ed, pokud se rozhodnete pou\u017e\u00edt p\u00e1sku na tyto oblasti.<br \/>\nNevystavujte v\u00fdrobek dlouhodob\u00e9mu slune\u010dn\u00edmu z\u00e1\u0159en\u00ed nebo teplu b\u011bhem pou\u017e\u00edv\u00e1n\u00ed. To m\u016f\u017ee zp\u016fsobit podr\u00e1\u017ed\u011bn\u00ed poko\u017eky. V produktu se neopalujte.<\/li>\n<li><b>Pozn\u00e1mka:<\/b><br \/>\n<b>Jak se vyhnout ko\u017en\u00edm alergi\u00edm a probl\u00e9m\u016fm s trh\u00e1n\u00edm k\u016f\u017ee?<\/b><\/p>\n<ul>\n<li>Prove\u010fte jednoduch\u00fd test citlivosti poko\u017eky<\/li>\n<li>Nenech\u00e1vejte p\u00e1sku na k\u016f\u017ei d\u00e9le ne\u017e 12 hodin<\/li>\n<li>Nevhodn\u00e9 pro t\u011bhotn\u00e9 \u017eeny, koj\u00edc\u00ed a osoby s citlivou\/jemnou poko\u017ekou<\/li>\n<li>Nezapome\u0148te pou\u017e\u00edt teplou vodu nebo esenci\u00e1ln\u00ed olej k pomal\u00e9mu a jemn\u00e9mu odstran\u011bn\u00ed n\u00e1prsn\u00ed p\u00e1sky, kter\u00e1 pom\u00e1h\u00e1 p\u0159edch\u00e1zet natr\u017een\u00ed k\u016f\u017ee, p\u0159\u00edli\u0161 rychl\u00e9 odtr\u017een\u00ed m\u016f\u017ee zp\u016fsobit zran\u011bn\u00ed. M\u016f\u017eete si tak\u00e9 d\u00e1t horkou koupel a Rip to<\/li>\n<\/ul>\n<p><b>Jak prov\u00e9st jednoduch\u00fd ko\u017en\u00ed test, abyste zjistili, \u017ee va\u0161e poko\u017eka je citliv\u00e1 nebo ne?<\/b><\/p>\n<ol>\n<li>M\u016f\u017eete si odst\u0159ihnout mal\u00fd prou\u017eek p\u00e1sky a nalepit si ji na vnit\u0159n\u00ed stranu pa\u017ee, pot\u00e9 ji po 6 hodin\u00e1ch odtrhn\u011bte.<\/li>\n<li>Pozorujte svou poko\u017eku.<\/li>\n<li>Pokud po testu zaznamen\u00e1te ne\u017e\u00e1douc\u00ed reakci (jako je zarudnut\u00ed, p\u00e1len\u00ed nebo nep\u0159\u00edjemn\u00fd pocit), p\u0159esta\u0148te pros\u00edm tuto p\u00e1sku okam\u017eit\u011b pou\u017e\u00edvat.<\/li>\n<\/ol>\n<\/li>\n<\/ul>\n<\/div>\n<\/div>\n\t<div class=\"img has-hover x md-x lg-x y md-y lg-y\" id=\"image_1737223536\">\n\t\t\t\t\t\t\t\t<div class=\"img-inner dark\" >\n\t\t\t<img loading=\"lazy\" decoding=\"async\" width=\"800\" height=\"801\" src=\"https:\/\/zaoyigarment.com\/wp-content\/uploads\/2024\/02\/how-to-use-bra-tape.webp\" class=\"attachment-large size-large\" alt=\"jak pou\u017e\u00edvat p\u00e1sku na podprsenku\" srcset=\"https:\/\/zaoyigarment.com\/wp-content\/uploads\/2024\/02\/how-to-use-bra-tape.webp 800w, https:\/\/zaoyigarment.com\/wp-content\/uploads\/2024\/02\/how-to-use-bra-tape-300x300.webp 300w, https:\/\/zaoyigarment.com\/wp-content\/uploads\/2024\/02\/how-to-use-bra-tape-150x150.webp 150w, https:\/\/zaoyigarment.com\/wp-content\/uploads\/2024\/02\/how-to-use-bra-tape-768x769.webp 768w, https:\/\/zaoyigarment.com\/wp-content\/uploads\/2024\/02\/how-to-use-bra-tape-600x601.webp 600w, https:\/\/zaoyigarment.com\/wp-content\/uploads\/2024\/02\/how-to-use-bra-tape-100x100.webp 100w\" sizes=\"auto, (max-width: 800px) 100vw, 800px\" \/>\t\t\t\t\t\t\n\t\t\t\t\t<\/div>\n\t\t\t\t\t\t\t\t\n<style>\n#image_1737223536 {\n  width: 100%;\n}\n<\/style>\n\t<\/div>","protected":false},"excerpt":{"rendered":"<p>V\u00fdrobce a dodavatel Zaoyi Custom Bra Tape v \u010c\u00edn\u011b<\/p>\n<p>- MOQ: 3000 ks<br \/>\n\u2013 Nab\u00edzen\u00e1 slu\u017eba OEM\/ODM<br \/>\n- K dispozici bezplatn\u00fd vzorek<br \/>\n- P\u0159ijm\u011bte p\u0159izp\u016fsoben\u00ed (specifikace, barva, design atd.)<\/p>\n<p>Pokud chcete z\u00edskat ceny p\u00e1sk\u016f podprsenky, kontaktujte n\u00e1s.<\/p>","protected":false},"featured_media":2805,"comment_status":"open","ping_status":"closed","template":"","meta":[],"product_brand":[],"product_cat":[38],"product_tag":[],"class_list":{"0":"post-1664","1":"product","2":"type-product","3":"status-publish","4":"has-post-thumbnail","6":"product_cat-bra-tape","8":"first","9":"instock","10":"shipping-taxable","11":"product-type-simple"},"_links":{"self":[{"href":"https:\/\/zaoyigarment.com\/cs\/wp-json\/wp\/v2\/product\/1664","targetHints":{"allow":["GET"]}}],"collection":[{"href":"https:\/\/zaoyigarment.com\/cs\/wp-json\/wp\/v2\/product"}],"about":[{"href":"https:\/\/zaoyigarment.com\/cs\/wp-json\/wp\/v2\/types\/product"}],"replies":[{"embeddable":true,"href":"https:\/\/zaoyigarment.com\/cs\/wp-json\/wp\/v2\/comments?post=1664"}],"wp:featuredmedia":[{"embeddable":true,"href":"https:\/\/zaoyigarment.com\/cs\/wp-json\/wp\/v2\/media\/2805"}],"wp:attachment":[{"href":"https:\/\/zaoyigarment.com\/cs\/wp-json\/wp\/v2\/media?parent=1664"}],"wp:term":[{"taxonomy":"product_brand","embeddable":true,"href":"https:\/\/zaoyigarment.com\/cs\/wp-json\/wp\/v2\/product_brand?post=1664"},{"taxonomy":"product_cat","embeddable":true,"href":"https:\/\/zaoyigarment.com\/cs\/wp-json\/wp\/v2\/product_cat?post=1664"},{"taxonomy":"product_tag","embeddable":true,"href":"https:\/\/zaoyigarment.com\/cs\/wp-json\/wp\/v2\/product_tag?post=1664"}],"curies":[{"name":"wp","href":"https:\/\/api.w.org\/{rel}","templated":true}]}}