 {"id":1402,"date":"2023-06-08T08:15:42","date_gmt":"2023-06-08T08:15:42","guid":{"rendered":"https:\/\/zaoyigarment.com\/?post_type=product&#038;p=1402"},"modified":"2026-04-17T01:04:43","modified_gmt":"2026-04-17T01:04:43","slug":"push-up-bras","status":"publish","type":"product","link":"https:\/\/zaoyigarment.com\/cs\/manufacturer\/push-up-bras\/","title":{"rendered":"Push Up podprsenka | Push Up Bras Butterfly Bras bez ram\u00ednek"},"content":{"rendered":"<ul class=\"a-unordered-list a-vertical a-spacing-mini\">\n<li><span class=\"a-list-item\"><strong>MNO\u017dSTV\u00cd:<\/strong> 3000 ks pro p\u0159izp\u016fsoben\u00e9 balen\u00ed a hromadnou objedn\u00e1vku<\/span><\/li>\n<li><span class=\"a-list-item\"><strong>MATERI\u00c1L:<\/strong> 80% nylon, 20% spandex<\/span><\/li>\n<li><span class=\"a-list-item\"><strong>V\u00ddHODY:<\/strong> Ekologick\u00fd a bezpe\u010dnostn\u00ed gel, prody\u0161n\u00fd, bun\u011b\u010dn\u00fd, konvexn\u00ed, bezpe\u010dnostn\u00ed<\/span><\/li>\n<li><span class=\"a-list-item\"><strong>DESIGN:<\/strong> R\u016fzn\u00e9 mo\u017enosti designu nebo lze p\u0159izp\u016fsobit<\/span><\/li>\n<li><span class=\"a-list-item\"><strong>ROZM\u011aRY:<\/strong> A\/B\/C\/D\/E\/F\/H, p\u0159izp\u016fsoben\u00e9<\/span><\/li>\n<li><span class=\"a-list-item a-size-base a-color-base\"><strong>SILN\u00c1 PODPORA A NASTAVITELN\u00c1 TA\u0160KA:<\/strong> Vynikaj\u00edc\u00ed podpora je ide\u00e1ln\u00ed pro zved\u00e1n\u00ed prsou. Jedin\u00fdm tahem m\u016f\u017eete ko\u0161\u00ed\u010dek okam\u017eit\u011b zvednout a udr\u017eet \u0148adra rovn\u00e1. Dejte sbohem pot\u00ed\u017e\u00edm s povisl\u00fdmi prsy, snadno vytvarujte dokonalou k\u0159ivku prsou.<\/span><\/li>\n<li><span class=\"a-list-item a-size-base a-color-base\"><strong>PRODY\u0160N\u00c9 LEPIDLO NA L\u00c1TKY A GUMY \u0160ETRN\u00c9 K POKO\u017dI:<\/strong>Materi\u00e1l je vyroben z ve\u0161ker\u00e9 p\u0159\u00edrodn\u00ed netkan\u00e9 textilie + l\u00e9ka\u0159sk\u00e9ho silikonu. P\u0159\u00edrodn\u00ed lepidlo na \u017ev\u00fdka\u010dky je pokryto vzduchov\u00fdmi otvory, kter\u00e9 si p\u0159i pou\u017e\u00edv\u00e1n\u00ed zachov\u00e1vaj\u00ed vynikaj\u00edc\u00ed prody\u0161nost.<\/span><\/li>\n<li><span class=\"a-list-item a-size-base a-color-base\"><strong>VYNIKAJ\u00cdC\u00cd DESIGN K\u0158\u00cdDLA:<\/strong> Design tvaru k\u0159\u00eddla m\u016f\u017ee l\u00e9pe zabalit k\u016f\u017ei prsou, del\u0161\u00ed dobu adheze. Povrchov\u00e1 l\u00e1tka podprsenky m\u00e1 texturu podobnou k\u016f\u017ei, kter\u00e1 p\u0159i siln\u00e9m sv\u011btle dok\u00e1\u017ee dob\u0159e skr\u00fdt stopy po podprsence. Jako by na sob\u011b nic nem\u011bl.<\/span><\/li>\n<li><span class=\"a-list-item a-size-base a-color-base\"><strong>PRATELN\u00c9:<\/strong> Nalepovac\u00ed podprsenky jsou samolepic\u00ed a po vypr\u00e1n\u00ed a vysu\u0161en\u00ed na vzduchu z\u016fst\u00e1vaj\u00ed lepkav\u00e9. D\u00e1 se pou\u017e\u00edt v\u00edcekr\u00e1t.<\/span><\/li>\n<li><span class=\"a-list-item a-size-base a-color-base\"><strong>PRO MNOHO P\u0158\u00cdLE\u017dITOST\u00cd:<\/strong> Podprsenka bez ram\u00ednek pro jak\u00fdkoli sexy styl, ohl\u00e1vkov\u00e9 topy bez zad, obleky s hlubok\u00fdm v\u00fdst\u0159ihem do V, ve\u010dern\u00ed \u0161aty bez ram\u00ednek, svatebn\u00ed \u0161aty, \u0161aty s hlubok\u00fdm st\u0159ihem, koktejlov\u00e9 \u0161aty, spole\u010densk\u00e9 \u0161aty atd. Nev\u00e1hejte p\u0159edv\u00e9st sv\u016fj \u017eensk\u00fd p\u016fvab.<\/span><\/li>\n<\/ul>\n<h2><\/h2>\n<h2>Tabulka Velikosti Podprsenky S Obr\u00e1zky<\/h2>\n\t<div class=\"img has-hover x md-x lg-x y md-y lg-y\" id=\"image_1242189750\">\n\t\t\t\t\t\t\t\t<div class=\"img-inner dark\" >\n\t\t\t<img loading=\"lazy\" decoding=\"async\" width=\"1020\" height=\"976\" src=\"https:\/\/zaoyigarment.com\/wp-content\/uploads\/2024\/01\/bra-size-calculator-1024x980.webp\" class=\"attachment-large size-large\" alt=\"kalkula\u010dka velikosti podprsenky\" srcset=\"https:\/\/zaoyigarment.com\/wp-content\/uploads\/2024\/01\/bra-size-calculator-1024x980.webp 1024w, https:\/\/zaoyigarment.com\/wp-content\/uploads\/2024\/01\/bra-size-calculator-300x287.webp 300w, https:\/\/zaoyigarment.com\/wp-content\/uploads\/2024\/01\/bra-size-calculator-768x735.webp 768w, https:\/\/zaoyigarment.com\/wp-content\/uploads\/2024\/01\/bra-size-calculator-1536x1471.webp 1536w, https:\/\/zaoyigarment.com\/wp-content\/uploads\/2024\/01\/bra-size-calculator-600x575.webp 600w, https:\/\/zaoyigarment.com\/wp-content\/uploads\/2024\/01\/bra-size-calculator.webp 2000w\" sizes=\"auto, (max-width: 1020px) 100vw, 1020px\" \/>\t\t\t\t\t\t\n\t\t\t\t\t<\/div>\n\t\t\t\t\t\t\t\t\n<style>\n#image_1242189750 {\n  width: 100%;\n}\n<\/style>\n\t<\/div>","protected":false},"excerpt":{"rendered":"<p>Zaoyi Vlastn\u00ed v\u00fdrobce a dodavatel podprsenky Push Up bez ram\u00ednek v \u010c\u00edn\u011b<\/p>\n<p>- MOQ: 3000 ks<br \/>\n\u2013 Nab\u00edzen\u00e1 slu\u017eba OEM\/ODM<br \/>\n- K dispozici bezplatn\u00fd vzorek<br \/>\n\u2013 Recyklace podprsenek<br \/>\n- 25-35 dn\u00ed p\u0159ipravenosti pro p\u0159izp\u016fsobenou objedn\u00e1vku<br \/>\n- P\u0159ijm\u011bte p\u0159izp\u016fsoben\u00ed (specifikace, barva, design atd.)<\/p>\n<p>1) Nejlep\u0161\u00ed \u0159e\u0161en\u00ed podprsenky k no\u0161en\u00ed s \u0161aty bez zad, svatebn\u00edmi \u0161aty, tri\u010dkem atd<br \/>\n2) Beze\u0161v\u00fd a bezdr\u00e1tov\u00fd design pro svobodu<br \/>\n3) Hladk\u00e1 a jemn\u00e1 nylonov\u00e1 tkanina<br \/>\n4) M\u016f\u017ee na n\u011bm vytvo\u0159it p\u0159izp\u016fsobenou l\u00e1tku nebo vzor<br \/>\n5) \u017div\u00e1 barva, proti vyblednut\u00ed<br \/>\n6) DIY p\u0159izp\u016fsoben\u00ed<\/p>\n<p>Pokud chcete z\u00edskat ceny push up podprsenek bez ram\u00ednek, kontaktujte n\u00e1s.<\/p>","protected":false},"featured_media":2801,"comment_status":"open","ping_status":"closed","template":"","meta":[],"product_brand":[],"product_cat":[15],"product_tag":[],"class_list":{"0":"post-1402","1":"product","2":"type-product","3":"status-publish","4":"has-post-thumbnail","6":"product_cat-push-up-bra","8":"first","9":"instock","10":"shipping-taxable","11":"product-type-simple"},"_links":{"self":[{"href":"https:\/\/zaoyigarment.com\/cs\/wp-json\/wp\/v2\/product\/1402","targetHints":{"allow":["GET"]}}],"collection":[{"href":"https:\/\/zaoyigarment.com\/cs\/wp-json\/wp\/v2\/product"}],"about":[{"href":"https:\/\/zaoyigarment.com\/cs\/wp-json\/wp\/v2\/types\/product"}],"replies":[{"embeddable":true,"href":"https:\/\/zaoyigarment.com\/cs\/wp-json\/wp\/v2\/comments?post=1402"}],"wp:featuredmedia":[{"embeddable":true,"href":"https:\/\/zaoyigarment.com\/cs\/wp-json\/wp\/v2\/media\/2801"}],"wp:attachment":[{"href":"https:\/\/zaoyigarment.com\/cs\/wp-json\/wp\/v2\/media?parent=1402"}],"wp:term":[{"taxonomy":"product_brand","embeddable":true,"href":"https:\/\/zaoyigarment.com\/cs\/wp-json\/wp\/v2\/product_brand?post=1402"},{"taxonomy":"product_cat","embeddable":true,"href":"https:\/\/zaoyigarment.com\/cs\/wp-json\/wp\/v2\/product_cat?post=1402"},{"taxonomy":"product_tag","embeddable":true,"href":"https:\/\/zaoyigarment.com\/cs\/wp-json\/wp\/v2\/product_tag?post=1402"}],"curies":[{"name":"wp","href":"https:\/\/api.w.org\/{rel}","templated":true}]}}